{"id":5166,"date":"2026-03-26T14:40:51","date_gmt":"2026-03-26T14:40:51","guid":{"rendered":"https:\/\/by-aigul.de\/?post_type=product&#038;p=5166"},"modified":"2026-03-29T17:14:22","modified_gmt":"2026-03-29T17:14:22","slug":"lancome-idol","status":"publish","type":"product","link":"https:\/\/by-aigul.de\/de\/produkt\/lancome-idol\/","title":{"rendered":"Lanc\u00f4me Id\u00f4le"},"content":{"rendered":"<p data-start=\"218\" data-end=\"460\"><strong data-start=\"218\" data-end=\"235\">Lanc\u00f4me Id\u00f4le<\/strong> Ein eleganter, femininer und \u00e4u\u00dferst verf\u00fchrerischer Duft mit modernem Charakter. In dieser Version offenbart er eine tiefere, w\u00e4rmere und ausdrucksst\u00e4rkere Seite, die ihre Raffinesse bewahrt und gleichzeitig einen Hauch von Sinnlichkeit und Luxus hinzuf\u00fcgt.<\/p>\n<p data-start=\"462\" data-end=\"753\">Dieser Duft ist f\u00fcr die Frau kreiert, die luxuri\u00f6s, selbstbewusst und sch\u00f6n wirken m\u00f6chte, ohne dabei aufdringlich zu sein. Er entfaltet sich sanft auf der Haut und hinterl\u00e4sst eine edle, unvergessliche Duftspur. Er strahlt Stil, innere St\u00e4rke und jene Weiblichkeit aus, die keinerlei Beweis ben\u00f6tigt.<\/p>\n<p data-start=\"755\" data-end=\"900\"><strong data-start=\"755\" data-end=\"772\">Lanc\u00f4me Id\u00f4le<\/strong> Perfekt f\u00fcr jeden Tag und auch f\u00fcr den Abend, wenn Sie Ihre Eleganz, Ihr Charisma und Ihren tadellosen Geschmack unterstreichen m\u00f6chten.<\/p>","protected":false},"excerpt":{"rendered":"<p><strong data-start=\"291\" data-end=\"307\">Duftart:<\/strong> floral-oriental<br data-start=\"326\" data-end=\"329\" \/><strong data-start=\"329\" data-end=\"343\">Familie:<\/strong> s\u00fc\u00df, warm<br data-start=\"359\" data-end=\"362\" \/><strong data-start=\"362\" data-end=\"375\">Charakter:<\/strong> reich, selbstbewusst, sinnlich<br data-start=\"410\" data-end=\"413\" \/><strong data-start=\"413\" data-end=\"431\">Wichtigste Anmerkungen:<\/strong> Rose, Jasmin, Vanille, Moschus, holzige Noten<br data-start=\"476\" data-end=\"479\" \/><strong data-start=\"479\" data-end=\"493\">Haltbarkeit:<\/strong> hoch<br data-start=\"501\" data-end=\"504\" \/><strong data-start=\"504\" data-end=\"514\">Zug:<\/strong> hell, auff\u00e4llig<br data-start=\"530\" data-end=\"533\" \/><strong data-start=\"533\" data-end=\"548\">Zweck:<\/strong> Abende, Verabredungen, besondere Anl\u00e4sse<br data-start=\"579\" data-end=\"582\" \/><strong data-start=\"582\" data-end=\"592\">Jahreszeit:<\/strong> Herbst \/ Winter<\/p>","protected":false},"featured_media":5168,"comment_status":"open","ping_status":"closed","template":"","meta":{"site-sidebar-layout":"default","site-content-layout":"","ast-site-content-layout":"default","site-content-style":"default","site-sidebar-style":"default","ast-global-header-display":"","ast-banner-title-visibility":"","ast-main-header-display":"","ast-hfb-above-header-display":"","ast-hfb-below-header-display":"","ast-hfb-mobile-header-display":"","site-post-title":"","ast-breadcrumbs-content":"","ast-featured-img":"","footer-sml-layout":"","theme-transparent-header-meta":"default","adv-header-id-meta":"","stick-header-meta":"","header-above-stick-meta":"","header-main-stick-meta":"","header-below-stick-meta":"","astra-migrate-meta-layouts":"set","ast-page-background-enabled":"default","ast-page-background-meta":{"desktop":{"background-color":"var(--ast-global-color-4)","background-image":"","background-repeat":"repeat","background-position":"center center","background-size":"auto","background-attachment":"scroll","background-type":"","background-media":"","overlay-type":"","overlay-color":"","overlay-opacity":"","overlay-gradient":""},"tablet":{"background-color":"","background-image":"","background-repeat":"repeat","background-position":"center center","background-size":"auto","background-attachment":"scroll","background-type":"","background-media":"","overlay-type":"","overlay-color":"","overlay-opacity":"","overlay-gradient":""},"mobile":{"background-color":"","background-image":"","background-repeat":"repeat","background-position":"center center","background-size":"auto","background-attachment":"scroll","background-type":"","background-media":"","overlay-type":"","overlay-color":"","overlay-opacity":"","overlay-gradient":""}},"ast-content-background-meta":{"desktop":{"background-color":"var(--ast-global-color-5)","background-image":"","background-repeat":"repeat","background-position":"center center","background-size":"auto","background-attachment":"scroll","background-type":"","background-media":"","overlay-type":"","overlay-color":"","overlay-opacity":"","overlay-gradient":""},"tablet":{"background-color":"var(--ast-global-color-5)","background-image":"","background-repeat":"repeat","background-position":"center center","background-size":"auto","background-attachment":"scroll","background-type":"","background-media":"","overlay-type":"","overlay-color":"","overlay-opacity":"","overlay-gradient":""},"mobile":{"background-color":"var(--ast-global-color-5)","background-image":"","background-repeat":"repeat","background-position":"center center","background-size":"auto","background-attachment":"scroll","background-type":"","background-media":"","overlay-type":"","overlay-color":"","overlay-opacity":"","overlay-gradient":""}}},"product_brand":[169],"product_cat":[162],"product_tag":[],"class_list":{"0":"post-5166","1":"product","2":"type-product","3":"status-publish","4":"has-post-thumbnail","6":"product_brand-lancome","7":"product_cat-aromaty-duhi","8":"desktop-align-left","9":"tablet-align-left","10":"mobile-align-left","12":"first","13":"instock","14":"sale","15":"taxable","16":"shipping-taxable","17":"purchasable","18":"product-type-variable"},"_links":{"self":[{"href":"https:\/\/by-aigul.de\/de\/wp-json\/wp\/v2\/product\/5166","targetHints":{"allow":["GET"]}}],"collection":[{"href":"https:\/\/by-aigul.de\/de\/wp-json\/wp\/v2\/product"}],"about":[{"href":"https:\/\/by-aigul.de\/de\/wp-json\/wp\/v2\/types\/product"}],"replies":[{"embeddable":true,"href":"https:\/\/by-aigul.de\/de\/wp-json\/wp\/v2\/comments?post=5166"}],"wp:featuredmedia":[{"embeddable":true,"href":"https:\/\/by-aigul.de\/de\/wp-json\/wp\/v2\/media\/5168"}],"wp:attachment":[{"href":"https:\/\/by-aigul.de\/de\/wp-json\/wp\/v2\/media?parent=5166"}],"wp:term":[{"taxonomy":"product_brand","embeddable":true,"href":"https:\/\/by-aigul.de\/de\/wp-json\/wp\/v2\/product_brand?post=5166"},{"taxonomy":"product_cat","embeddable":true,"href":"https:\/\/by-aigul.de\/de\/wp-json\/wp\/v2\/product_cat?post=5166"},{"taxonomy":"product_tag","embeddable":true,"href":"https:\/\/by-aigul.de\/de\/wp-json\/wp\/v2\/product_tag?post=5166"}],"curies":[{"name":"wp","href":"https:\/\/api.w.org\/{rel}","templated":true}]}}