{"id":5144,"date":"2026-03-26T12:32:51","date_gmt":"2026-03-26T12:32:51","guid":{"rendered":"https:\/\/by-aigul.de\/?post_type=product&#038;p=5144"},"modified":"2026-03-29T16:27:53","modified_gmt":"2026-03-29T16:27:53","slug":"roja-parfums-ozeanien","status":"publish","type":"product","link":"https:\/\/by-aigul.de\/de\/produkt\/roja-parfums-ozeanien\/","title":{"rendered":"Roja Parfums Oceania"},"content":{"rendered":"<p data-start=\"0\" data-end=\"284\"><strong data-start=\"0\" data-end=\"24\">Roja Parfums Oceania<\/strong> Ein luxuri\u00f6ser, frischer und wahrhaft raffinierter Duft, der an das endlose Meer, klare Luft und uneingeschr\u00e4nkte Freiheit erinnert. Er verstr\u00f6mt eine leichte, edle und luxuri\u00f6se Aura und umgibt seinen Tr\u00e4ger mit einer Atmosph\u00e4re von Frische, Eleganz und Status.<\/p>\n<p data-start=\"286\" data-end=\"583\">Dieser Duft verstr\u00f6mt eine strahlende Meeresfrische, pure Zitrusnoten und eine raffinierte Tiefe, die sich wundersch\u00f6n und facettenreich entfaltet. Er ist nicht nur erfrischend \u2013 er ist stilvoll, elegant und ein wahrer Nischenduft. Ein Duft f\u00fcr alle, die klare, lebendige und komplexe Kompositionen mit einem luxuri\u00f6sen Touch sch\u00e4tzen.<\/p>\n<p data-start=\"585\" data-end=\"861\"><strong data-start=\"585\" data-end=\"596\">Ozeanien<\/strong> Ideal f\u00fcr alle, die frische D\u00fcfte lieben, die aber nicht nur leicht, sondern intensiv und unvergesslich sein sollen. Eine wunderbare Wahl f\u00fcr jeden Tag, die warme Jahreszeit, Reisen, Meetings und Momente, in denen Sie makellos, frisch und einfach wundersch\u00f6n duften m\u00f6chten.<\/p>","protected":false},"excerpt":{"rendered":"<p><strong data-start=\"291\" data-end=\"307\">Duftart:<\/strong> frisch \/ zitrusartig-aromatisch<br data-start=\"340\" data-end=\"343\" \/><strong data-start=\"343\" data-end=\"357\">Familie:<\/strong> Meer, sauber<br data-start=\"373\" data-end=\"376\" \/><strong data-start=\"376\" data-end=\"389\">Charakter:<\/strong> elegant, frisch, teuer<br data-start=\"417\" data-end=\"420\" \/><strong data-start=\"420\" data-end=\"438\">Wichtigste Anmerkungen:<\/strong> Zitrusfr\u00fcchte, Lavendel, Kr\u00e4uter, Moschus, Holz<br data-start=\"481\" data-end=\"484\" \/><strong data-start=\"484\" data-end=\"498\">Haltbarkeit:<\/strong> hoch<br data-start=\"506\" data-end=\"509\" \/><strong data-start=\"509\" data-end=\"519\">Zug:<\/strong> raffiniert, rein<br data-start=\"538\" data-end=\"541\" \/><strong data-start=\"541\" data-end=\"556\">Zweck:<\/strong> Alltag, B\u00fcro, Statusbesprechungen<br data-start=\"594\" data-end=\"597\" \/><strong data-start=\"597\" data-end=\"607\">Jahreszeit:<\/strong> Fr\u00fchling \/ Sommer<br data-start=\"620\" data-end=\"623\" \/><strong data-start=\"623\" data-end=\"634\">Format:<\/strong> Nischenparf\u00fcmerie<\/p>","protected":false},"featured_media":5145,"comment_status":"open","ping_status":"closed","template":"","meta":{"site-sidebar-layout":"default","site-content-layout":"","ast-site-content-layout":"default","site-content-style":"default","site-sidebar-style":"default","ast-global-header-display":"","ast-banner-title-visibility":"","ast-main-header-display":"","ast-hfb-above-header-display":"","ast-hfb-below-header-display":"","ast-hfb-mobile-header-display":"","site-post-title":"","ast-breadcrumbs-content":"","ast-featured-img":"","footer-sml-layout":"","theme-transparent-header-meta":"default","adv-header-id-meta":"","stick-header-meta":"","header-above-stick-meta":"","header-main-stick-meta":"","header-below-stick-meta":"","astra-migrate-meta-layouts":"set","ast-page-background-enabled":"default","ast-page-background-meta":{"desktop":{"background-color":"var(--ast-global-color-4)","background-image":"","background-repeat":"repeat","background-position":"center center","background-size":"auto","background-attachment":"scroll","background-type":"","background-media":"","overlay-type":"","overlay-color":"","overlay-opacity":"","overlay-gradient":""},"tablet":{"background-color":"","background-image":"","background-repeat":"repeat","background-position":"center center","background-size":"auto","background-attachment":"scroll","background-type":"","background-media":"","overlay-type":"","overlay-color":"","overlay-opacity":"","overlay-gradient":""},"mobile":{"background-color":"","background-image":"","background-repeat":"repeat","background-position":"center center","background-size":"auto","background-attachment":"scroll","background-type":"","background-media":"","overlay-type":"","overlay-color":"","overlay-opacity":"","overlay-gradient":""}},"ast-content-background-meta":{"desktop":{"background-color":"var(--ast-global-color-5)","background-image":"","background-repeat":"repeat","background-position":"center center","background-size":"auto","background-attachment":"scroll","background-type":"","background-media":"","overlay-type":"","overlay-color":"","overlay-opacity":"","overlay-gradient":""},"tablet":{"background-color":"var(--ast-global-color-5)","background-image":"","background-repeat":"repeat","background-position":"center center","background-size":"auto","background-attachment":"scroll","background-type":"","background-media":"","overlay-type":"","overlay-color":"","overlay-opacity":"","overlay-gradient":""},"mobile":{"background-color":"var(--ast-global-color-5)","background-image":"","background-repeat":"repeat","background-position":"center center","background-size":"auto","background-attachment":"scroll","background-type":"","background-media":"","overlay-type":"","overlay-color":"","overlay-opacity":"","overlay-gradient":""}}},"product_brand":[192],"product_cat":[162],"product_tag":[],"class_list":{"0":"post-5144","1":"product","2":"type-product","3":"status-publish","4":"has-post-thumbnail","6":"product_brand-roja-parfums","7":"product_cat-aromaty-duhi","8":"desktop-align-left","9":"tablet-align-left","10":"mobile-align-left","12":"first","13":"instock","14":"sale","15":"taxable","16":"shipping-taxable","17":"purchasable","18":"product-type-variable"},"_links":{"self":[{"href":"https:\/\/by-aigul.de\/de\/wp-json\/wp\/v2\/product\/5144","targetHints":{"allow":["GET"]}}],"collection":[{"href":"https:\/\/by-aigul.de\/de\/wp-json\/wp\/v2\/product"}],"about":[{"href":"https:\/\/by-aigul.de\/de\/wp-json\/wp\/v2\/types\/product"}],"replies":[{"embeddable":true,"href":"https:\/\/by-aigul.de\/de\/wp-json\/wp\/v2\/comments?post=5144"}],"wp:featuredmedia":[{"embeddable":true,"href":"https:\/\/by-aigul.de\/de\/wp-json\/wp\/v2\/media\/5145"}],"wp:attachment":[{"href":"https:\/\/by-aigul.de\/de\/wp-json\/wp\/v2\/media?parent=5144"}],"wp:term":[{"taxonomy":"product_brand","embeddable":true,"href":"https:\/\/by-aigul.de\/de\/wp-json\/wp\/v2\/product_brand?post=5144"},{"taxonomy":"product_cat","embeddable":true,"href":"https:\/\/by-aigul.de\/de\/wp-json\/wp\/v2\/product_cat?post=5144"},{"taxonomy":"product_tag","embeddable":true,"href":"https:\/\/by-aigul.de\/de\/wp-json\/wp\/v2\/product_tag?post=5144"}],"curies":[{"name":"wp","href":"https:\/\/api.w.org\/{rel}","templated":true}]}}