{"id":5133,"date":"2026-03-26T12:14:27","date_gmt":"2026-03-26T12:14:27","guid":{"rendered":"https:\/\/by-aigul.de\/?post_type=product&#038;p=5133"},"modified":"2026-03-29T16:52:41","modified_gmt":"2026-03-29T16:52:41","slug":"mugler-angel-eau-de-parfum","status":"publish","type":"product","link":"https:\/\/by-aigul.de\/de\/produkt\/mugler-angel-eau-de-parfum\/","title":{"rendered":"Mugler Angel Eau de Parfum"},"content":{"rendered":"<p data-start=\"0\" data-end=\"250\"><strong data-start=\"0\" data-end=\"30\">Mugler Angel Eau de Parfum<\/strong> Ein legend\u00e4rer, lebendiger und wahrhaft unvergesslicher Duft mit unverwechselbarem Charakter. Er ist reichhaltig, s\u00fc\u00df, tiefgr\u00fcndig und sehr beeindruckend und verk\u00f6rpert das Bild einer Frau, die Luxus und Aufmerksamkeit liebt und keine Angst davor hat, im Mittelpunkt zu stehen.<\/p>\n<p data-start=\"252\" data-end=\"554\">Dieser Duft verstr\u00f6mt gourmandige Sinnlichkeit, sanfte Samtigkeit und eine besondere Magie, f\u00fcr die <strong data-start=\"353\" data-end=\"362\">Engel<\/strong> Weltweit geliebt, entfaltet es sich reichhaltig und ausdrucksstark und hinterl\u00e4sst eine lang anhaltende, wundersch\u00f6ne Duftspur. Dies ist kein dezenter Duft \u2013 es ist ein Duft mit Stimmung, Charisma und wahrer Individualit\u00e4t.<\/p>\n<p data-start=\"556\" data-end=\"819\"><strong data-start=\"556\" data-end=\"572\">Mugler Engel<\/strong> Es eignet sich perfekt f\u00fcr Abende, besondere Anl\u00e4sse und Momente, in denen Sie elegant, exklusiv und sehr attraktiv wirken m\u00f6chten. Und das Format <strong data-start=\"701\" data-end=\"711\">Nachf\u00fcllung<\/strong> \u2014 Es ist auch praktisch f\u00fcr diejenigen, die diesen Duft bereits lieben und ihre Lieblingsflasche ohne zus\u00e4tzliche Kosten nachf\u00fcllen m\u00f6chten.<\/p>","protected":false},"excerpt":{"rendered":"<p><strong data-start=\"317\" data-end=\"333\">Duftart:<\/strong> orientalischer Gourmet<br data-start=\"353\" data-end=\"356\" \/><strong data-start=\"356\" data-end=\"370\">Familie:<\/strong> s\u00fc\u00df, reichhaltig<br data-start=\"390\" data-end=\"393\" \/><strong data-start=\"393\" data-end=\"406\">Charakter:<\/strong> strahlend, k\u00fchn, unvergesslich<br data-start=\"437\" data-end=\"440\" \/><strong data-start=\"440\" data-end=\"458\">Wichtigste Anmerkungen:<\/strong> Karamell, Patschuli, Vanille, Schokolade, Beeren<br data-start=\"499\" data-end=\"502\" \/><strong data-start=\"502\" data-end=\"516\">Haltbarkeit:<\/strong> sehr hoch<br data-start=\"530\" data-end=\"533\" \/><strong data-start=\"533\" data-end=\"543\">Zug:<\/strong> kraftvoll, Sillage<br data-start=\"561\" data-end=\"564\" \/><strong data-start=\"564\" data-end=\"579\">Zweck:<\/strong> Abend, kaltes Wetter, besondere Anl\u00e4sse<br data-start=\"616\" data-end=\"619\" \/><strong data-start=\"619\" data-end=\"629\">Jahreszeit:<\/strong> Herbst \/ Winter<br data-start=\"642\" data-end=\"645\" \/><strong data-start=\"645\" data-end=\"656\">Format:<\/strong> Nachf\u00fcllen (zum Nachf\u00fcllen der Flasche)<\/p>","protected":false},"featured_media":5135,"comment_status":"open","ping_status":"closed","template":"","meta":{"site-sidebar-layout":"default","site-content-layout":"","ast-site-content-layout":"default","site-content-style":"default","site-sidebar-style":"default","ast-global-header-display":"","ast-banner-title-visibility":"","ast-main-header-display":"","ast-hfb-above-header-display":"","ast-hfb-below-header-display":"","ast-hfb-mobile-header-display":"","site-post-title":"","ast-breadcrumbs-content":"","ast-featured-img":"","footer-sml-layout":"","theme-transparent-header-meta":"default","adv-header-id-meta":"","stick-header-meta":"","header-above-stick-meta":"","header-main-stick-meta":"","header-below-stick-meta":"","astra-migrate-meta-layouts":"set","ast-page-background-enabled":"default","ast-page-background-meta":{"desktop":{"background-color":"var(--ast-global-color-4)","background-image":"","background-repeat":"repeat","background-position":"center center","background-size":"auto","background-attachment":"scroll","background-type":"","background-media":"","overlay-type":"","overlay-color":"","overlay-opacity":"","overlay-gradient":""},"tablet":{"background-color":"","background-image":"","background-repeat":"repeat","background-position":"center center","background-size":"auto","background-attachment":"scroll","background-type":"","background-media":"","overlay-type":"","overlay-color":"","overlay-opacity":"","overlay-gradient":""},"mobile":{"background-color":"","background-image":"","background-repeat":"repeat","background-position":"center center","background-size":"auto","background-attachment":"scroll","background-type":"","background-media":"","overlay-type":"","overlay-color":"","overlay-opacity":"","overlay-gradient":""}},"ast-content-background-meta":{"desktop":{"background-color":"var(--ast-global-color-5)","background-image":"","background-repeat":"repeat","background-position":"center center","background-size":"auto","background-attachment":"scroll","background-type":"","background-media":"","overlay-type":"","overlay-color":"","overlay-opacity":"","overlay-gradient":""},"tablet":{"background-color":"var(--ast-global-color-5)","background-image":"","background-repeat":"repeat","background-position":"center center","background-size":"auto","background-attachment":"scroll","background-type":"","background-media":"","overlay-type":"","overlay-color":"","overlay-opacity":"","overlay-gradient":""},"mobile":{"background-color":"var(--ast-global-color-5)","background-image":"","background-repeat":"repeat","background-position":"center center","background-size":"auto","background-attachment":"scroll","background-type":"","background-media":"","overlay-type":"","overlay-color":"","overlay-opacity":"","overlay-gradient":""}}},"product_brand":[178],"product_cat":[162],"product_tag":[],"class_list":{"0":"post-5133","1":"product","2":"type-product","3":"status-publish","4":"has-post-thumbnail","6":"product_brand-mugler","7":"product_cat-aromaty-duhi","8":"desktop-align-left","9":"tablet-align-left","10":"mobile-align-left","12":"first","13":"instock","14":"sale","15":"taxable","16":"shipping-taxable","17":"purchasable","18":"product-type-variable"},"_links":{"self":[{"href":"https:\/\/by-aigul.de\/de\/wp-json\/wp\/v2\/product\/5133","targetHints":{"allow":["GET"]}}],"collection":[{"href":"https:\/\/by-aigul.de\/de\/wp-json\/wp\/v2\/product"}],"about":[{"href":"https:\/\/by-aigul.de\/de\/wp-json\/wp\/v2\/types\/product"}],"replies":[{"embeddable":true,"href":"https:\/\/by-aigul.de\/de\/wp-json\/wp\/v2\/comments?post=5133"}],"wp:featuredmedia":[{"embeddable":true,"href":"https:\/\/by-aigul.de\/de\/wp-json\/wp\/v2\/media\/5135"}],"wp:attachment":[{"href":"https:\/\/by-aigul.de\/de\/wp-json\/wp\/v2\/media?parent=5133"}],"wp:term":[{"taxonomy":"product_brand","embeddable":true,"href":"https:\/\/by-aigul.de\/de\/wp-json\/wp\/v2\/product_brand?post=5133"},{"taxonomy":"product_cat","embeddable":true,"href":"https:\/\/by-aigul.de\/de\/wp-json\/wp\/v2\/product_cat?post=5133"},{"taxonomy":"product_tag","embeddable":true,"href":"https:\/\/by-aigul.de\/de\/wp-json\/wp\/v2\/product_tag?post=5133"}],"curies":[{"name":"wp","href":"https:\/\/api.w.org\/{rel}","templated":true}]}}