{"id":5126,"date":"2026-03-25T18:30:19","date_gmt":"2026-03-25T18:30:19","guid":{"rendered":"https:\/\/by-aigul.de\/?post_type=product&#038;p=5126"},"modified":"2026-03-30T19:59:56","modified_gmt":"2026-03-30T19:59:56","slug":"5126","status":"publish","type":"product","link":"https:\/\/by-aigul.de\/de\/produkt\/5126\/","title":{"rendered":"Elizabeth Arden Wei\u00dfer Tee"},"content":{"rendered":"<p data-start=\"0\" data-end=\"227\"><strong data-start=\"0\" data-end=\"29\">Elizabeth Arden Wei\u00dfer Tee<\/strong> Ein leichter, reiner und sehr eleganter Duft, der Ruhe, Frische und innere Harmonie vermittelt. Er ist zart, sanft und raffiniert, als h\u00fclle er die Haut in einen schwerelosen Schleier aus Reinheit und Wohlbefinden.<\/p>\n<p data-start=\"229\" data-end=\"522\">Dieser Duft verstr\u00f6mt eine transparente Frische, eine sanfte, teeartige Zartheit und eine wundersch\u00f6ne, entspannende Leichtigkeit. Er ist nicht aufdringlich, sondern unterstreicht vielmehr ein gepflegtes, nat\u00fcrliches und geschmackvolles Auftreten. Es ist ein Duft, den man am liebsten jeden Tag tragen m\u00f6chte: ruhig, angenehm und vielseitig.<\/p>\n<p data-start=\"524\" data-end=\"740\"><strong data-start=\"524\" data-end=\"537\">Wei\u00dfer Tee<\/strong> Ideal f\u00fcr alle, die saubere, frische und unaufdringliche D\u00fcfte lieben. Eine wunderbare Wahl f\u00fcrs B\u00fcro, f\u00fcr Spazierg\u00e4nge, den Alltag und Momente, in denen Sie leicht, angenehm und ganz nat\u00fcrlich duften m\u00f6chten.<\/p>","protected":false},"excerpt":{"rendered":"<p><strong data-start=\"303\" data-end=\"319\">Duftart:<\/strong> blumig-moschusartig<br data-start=\"338\" data-end=\"341\" \/><strong data-start=\"341\" data-end=\"355\">Familie:<\/strong> frisch, sauber<br data-start=\"370\" data-end=\"373\" \/><strong data-start=\"373\" data-end=\"386\">Charakter:<\/strong> leicht, ruhig, raffiniert<br data-start=\"416\" data-end=\"419\" \/><strong data-start=\"419\" data-end=\"437\">Wichtigste Anmerkungen:<\/strong> Wei\u00dfer Tee, Moschus, Iris, Salbei<br data-start=\"469\" data-end=\"472\" \/><strong data-start=\"472\" data-end=\"486\">Haltbarkeit:<\/strong> Durchschnitt<br data-start=\"494\" data-end=\"497\" \/><strong data-start=\"497\" data-end=\"507\">Zug:<\/strong> weich, zart<br data-start=\"526\" data-end=\"529\" \/><strong data-start=\"529\" data-end=\"544\">Zweck:<\/strong> Alltag, B\u00fcro, Spazierg\u00e4nge<br data-start=\"573\" data-end=\"576\" \/><strong data-start=\"576\" data-end=\"586\">Jahreszeit:<\/strong> Fr\u00fchling \/ Sommer<\/p>","protected":false},"featured_media":5131,"comment_status":"open","ping_status":"closed","template":"","meta":{"site-sidebar-layout":"default","site-content-layout":"","ast-site-content-layout":"default","site-content-style":"default","site-sidebar-style":"default","ast-global-header-display":"","ast-banner-title-visibility":"","ast-main-header-display":"","ast-hfb-above-header-display":"","ast-hfb-below-header-display":"","ast-hfb-mobile-header-display":"","site-post-title":"","ast-breadcrumbs-content":"","ast-featured-img":"","footer-sml-layout":"","theme-transparent-header-meta":"default","adv-header-id-meta":"","stick-header-meta":"","header-above-stick-meta":"","header-main-stick-meta":"","header-below-stick-meta":"","astra-migrate-meta-layouts":"set","ast-page-background-enabled":"default","ast-page-background-meta":{"desktop":{"background-color":"var(--ast-global-color-4)","background-image":"","background-repeat":"repeat","background-position":"center center","background-size":"auto","background-attachment":"scroll","background-type":"","background-media":"","overlay-type":"","overlay-color":"","overlay-opacity":"","overlay-gradient":""},"tablet":{"background-color":"","background-image":"","background-repeat":"repeat","background-position":"center center","background-size":"auto","background-attachment":"scroll","background-type":"","background-media":"","overlay-type":"","overlay-color":"","overlay-opacity":"","overlay-gradient":""},"mobile":{"background-color":"","background-image":"","background-repeat":"repeat","background-position":"center center","background-size":"auto","background-attachment":"scroll","background-type":"","background-media":"","overlay-type":"","overlay-color":"","overlay-opacity":"","overlay-gradient":""}},"ast-content-background-meta":{"desktop":{"background-color":"var(--ast-global-color-5)","background-image":"","background-repeat":"repeat","background-position":"center center","background-size":"auto","background-attachment":"scroll","background-type":"","background-media":"","overlay-type":"","overlay-color":"","overlay-opacity":"","overlay-gradient":""},"tablet":{"background-color":"var(--ast-global-color-5)","background-image":"","background-repeat":"repeat","background-position":"center center","background-size":"auto","background-attachment":"scroll","background-type":"","background-media":"","overlay-type":"","overlay-color":"","overlay-opacity":"","overlay-gradient":""},"mobile":{"background-color":"var(--ast-global-color-5)","background-image":"","background-repeat":"repeat","background-position":"center center","background-size":"auto","background-attachment":"scroll","background-type":"","background-media":"","overlay-type":"","overlay-color":"","overlay-opacity":"","overlay-gradient":""}}},"product_brand":[424],"product_cat":[162],"product_tag":[],"class_list":{"0":"post-5126","1":"product","2":"type-product","3":"status-publish","4":"has-post-thumbnail","6":"product_brand-elizabeth-arden","7":"product_cat-aromaty-duhi","8":"desktop-align-left","9":"tablet-align-left","10":"mobile-align-left","12":"first","13":"instock","14":"sale","15":"taxable","16":"shipping-taxable","17":"purchasable","18":"product-type-variable"},"_links":{"self":[{"href":"https:\/\/by-aigul.de\/de\/wp-json\/wp\/v2\/product\/5126","targetHints":{"allow":["GET"]}}],"collection":[{"href":"https:\/\/by-aigul.de\/de\/wp-json\/wp\/v2\/product"}],"about":[{"href":"https:\/\/by-aigul.de\/de\/wp-json\/wp\/v2\/types\/product"}],"replies":[{"embeddable":true,"href":"https:\/\/by-aigul.de\/de\/wp-json\/wp\/v2\/comments?post=5126"}],"wp:featuredmedia":[{"embeddable":true,"href":"https:\/\/by-aigul.de\/de\/wp-json\/wp\/v2\/media\/5131"}],"wp:attachment":[{"href":"https:\/\/by-aigul.de\/de\/wp-json\/wp\/v2\/media?parent=5126"}],"wp:term":[{"taxonomy":"product_brand","embeddable":true,"href":"https:\/\/by-aigul.de\/de\/wp-json\/wp\/v2\/product_brand?post=5126"},{"taxonomy":"product_cat","embeddable":true,"href":"https:\/\/by-aigul.de\/de\/wp-json\/wp\/v2\/product_cat?post=5126"},{"taxonomy":"product_tag","embeddable":true,"href":"https:\/\/by-aigul.de\/de\/wp-json\/wp\/v2\/product_tag?post=5126"}],"curies":[{"name":"wp","href":"https:\/\/api.w.org\/{rel}","templated":true}]}}