{"id":5117,"date":"2026-03-25T18:20:28","date_gmt":"2026-03-25T18:20:28","guid":{"rendered":"https:\/\/by-aigul.de\/?post_type=product&#038;p=5117"},"modified":"2026-03-29T17:31:10","modified_gmt":"2026-03-29T17:31:10","slug":"5117","status":"publish","type":"product","link":"https:\/\/by-aigul.de\/de\/produkt\/5117\/","title":{"rendered":"Hugo Boss Flaschen-Elixier"},"content":{"rendered":"<p data-start=\"84\" data-end=\"335\">Hugo Boss Bottled Elixir ist ein tiefgr\u00fcndiger, eleganter und sehr maskuliner Duft mit einer besonderen Note f\u00fcr den Abend. Er ist dezent, stilvoll und selbstbewusst und vermittelt das Bild eines Mannes, der nicht \u00fcbertrieben protzig sein muss \u2013 sein Charisma ist sofort sp\u00fcrbar.<\/p>\n<p data-start=\"337\" data-end=\"609\">Dieser Duft verstr\u00f6mt dunkle, edle Tiefe, moderne M\u00e4nnlichkeit und wundersch\u00f6ne F\u00fclle. Er entfaltet sich sanft und doch ausdrucksstark und hinterl\u00e4sst eine unvergessliche Duftspur. Die perfekte Wahl, um Selbstbewusstsein, Stil und stille St\u00e4rke zu vermitteln.<\/p>\n<p data-start=\"611\" data-end=\"810\">Hugo Boss Bottled Elixir ist perfekt f\u00fcr Abende, Meetings, besondere Anl\u00e4sse und k\u00fchlere Tage. Dieser Duft ist f\u00fcr den Mann, der einen stilvollen, luxuri\u00f6sen und selbstbewussten Duft einem aufdringlichen Effekt vorzieht.<\/p>","protected":false},"excerpt":{"rendered":"<p><strong data-start=\"300\" data-end=\"316\">Duftart:<\/strong> orientalisch holzig<br data-start=\"335\" data-end=\"338\" \/><strong data-start=\"338\" data-end=\"352\">Familie:<\/strong> w\u00fcrzig, warm<br data-start=\"367\" data-end=\"370\" \/><strong data-start=\"370\" data-end=\"383\">Charakter:<\/strong> selbstsicher, tiefgr\u00fcndig, charismatisch<br data-start=\"418\" data-end=\"421\" \/><strong data-start=\"421\" data-end=\"439\">Wichtigste Anmerkungen:<\/strong> Weihrauch, Gew\u00fcrze, Holz, Bernstein<br data-start=\"471\" data-end=\"474\" \/><strong data-start=\"474\" data-end=\"488\">Haltbarkeit:<\/strong> sehr hoch<br data-start=\"502\" data-end=\"505\" \/><strong data-start=\"505\" data-end=\"515\">Zug:<\/strong> dicht, teuer<br data-start=\"532\" data-end=\"535\" \/><strong data-start=\"535\" data-end=\"550\">Zweck:<\/strong> Abende, Besprechungen, besondere Anl\u00e4sse<br data-start=\"580\" data-end=\"583\" \/><strong data-start=\"583\" data-end=\"593\">Jahreszeit:<\/strong> Herbst \/ Winter<\/p>","protected":false},"featured_media":5472,"comment_status":"open","ping_status":"closed","template":"","meta":{"site-sidebar-layout":"default","site-content-layout":"","ast-site-content-layout":"default","site-content-style":"default","site-sidebar-style":"default","ast-global-header-display":"","ast-banner-title-visibility":"","ast-main-header-display":"","ast-hfb-above-header-display":"","ast-hfb-below-header-display":"","ast-hfb-mobile-header-display":"","site-post-title":"","ast-breadcrumbs-content":"","ast-featured-img":"","footer-sml-layout":"","theme-transparent-header-meta":"default","adv-header-id-meta":"","stick-header-meta":"","header-above-stick-meta":"","header-main-stick-meta":"","header-below-stick-meta":"","astra-migrate-meta-layouts":"set","ast-page-background-enabled":"default","ast-page-background-meta":{"desktop":{"background-color":"var(--ast-global-color-4)","background-image":"","background-repeat":"repeat","background-position":"center center","background-size":"auto","background-attachment":"scroll","background-type":"","background-media":"","overlay-type":"","overlay-color":"","overlay-opacity":"","overlay-gradient":""},"tablet":{"background-color":"","background-image":"","background-repeat":"repeat","background-position":"center center","background-size":"auto","background-attachment":"scroll","background-type":"","background-media":"","overlay-type":"","overlay-color":"","overlay-opacity":"","overlay-gradient":""},"mobile":{"background-color":"","background-image":"","background-repeat":"repeat","background-position":"center center","background-size":"auto","background-attachment":"scroll","background-type":"","background-media":"","overlay-type":"","overlay-color":"","overlay-opacity":"","overlay-gradient":""}},"ast-content-background-meta":{"desktop":{"background-color":"var(--ast-global-color-5)","background-image":"","background-repeat":"repeat","background-position":"center center","background-size":"auto","background-attachment":"scroll","background-type":"","background-media":"","overlay-type":"","overlay-color":"","overlay-opacity":"","overlay-gradient":""},"tablet":{"background-color":"var(--ast-global-color-5)","background-image":"","background-repeat":"repeat","background-position":"center center","background-size":"auto","background-attachment":"scroll","background-type":"","background-media":"","overlay-type":"","overlay-color":"","overlay-opacity":"","overlay-gradient":""},"mobile":{"background-color":"var(--ast-global-color-5)","background-image":"","background-repeat":"repeat","background-position":"center center","background-size":"auto","background-attachment":"scroll","background-type":"","background-media":"","overlay-type":"","overlay-color":"","overlay-opacity":"","overlay-gradient":""}}},"product_brand":[422],"product_cat":[162],"product_tag":[],"class_list":{"0":"post-5117","1":"product","2":"type-product","3":"status-publish","4":"has-post-thumbnail","6":"product_brand-hugo-boss","7":"product_cat-aromaty-duhi","8":"desktop-align-left","9":"tablet-align-left","10":"mobile-align-left","12":"first","13":"instock","14":"sale","15":"taxable","16":"shipping-taxable","17":"purchasable","18":"product-type-variable"},"_links":{"self":[{"href":"https:\/\/by-aigul.de\/de\/wp-json\/wp\/v2\/product\/5117","targetHints":{"allow":["GET"]}}],"collection":[{"href":"https:\/\/by-aigul.de\/de\/wp-json\/wp\/v2\/product"}],"about":[{"href":"https:\/\/by-aigul.de\/de\/wp-json\/wp\/v2\/types\/product"}],"replies":[{"embeddable":true,"href":"https:\/\/by-aigul.de\/de\/wp-json\/wp\/v2\/comments?post=5117"}],"wp:featuredmedia":[{"embeddable":true,"href":"https:\/\/by-aigul.de\/de\/wp-json\/wp\/v2\/media\/5472"}],"wp:attachment":[{"href":"https:\/\/by-aigul.de\/de\/wp-json\/wp\/v2\/media?parent=5117"}],"wp:term":[{"taxonomy":"product_brand","embeddable":true,"href":"https:\/\/by-aigul.de\/de\/wp-json\/wp\/v2\/product_brand?post=5117"},{"taxonomy":"product_cat","embeddable":true,"href":"https:\/\/by-aigul.de\/de\/wp-json\/wp\/v2\/product_cat?post=5117"},{"taxonomy":"product_tag","embeddable":true,"href":"https:\/\/by-aigul.de\/de\/wp-json\/wp\/v2\/product_tag?post=5117"}],"curies":[{"name":"wp","href":"https:\/\/api.w.org\/{rel}","templated":true}]}}