{"id":5109,"date":"2026-03-25T18:13:45","date_gmt":"2026-03-25T18:13:45","guid":{"rendered":"https:\/\/by-aigul.de\/?post_type=product&#038;p=5109"},"modified":"2026-03-25T18:15:15","modified_gmt":"2026-03-25T18:15:15","slug":"chef-hat-abgefullt","status":"publish","type":"product","link":"https:\/\/by-aigul.de\/de\/produkt\/chef-hat-abgefullt\/","title":{"rendered":"Boss Bottled"},"content":{"rendered":"<p data-start=\"42\" data-end=\"272\"><strong data-start=\"42\" data-end=\"63\">Hugo Boss Flaschenware<\/strong> Ein stilvoller, selbstbewusster und wahrhaft maskuliner Duft, der l\u00e4ngst zum modernen Klassiker geworden ist. Er ist harmonisch, elegant und sehr anziehend und unterstreicht die Souver\u00e4nit\u00e4t, den Geschmack und die innere St\u00e4rke des Mannes.<\/p>\n<p data-start=\"274\" data-end=\"623\">Dieser Duft ist ideal f\u00fcr alle, die vielseitige, sch\u00f6ne und elegante Kompositionen f\u00fcr den Alltag sch\u00e4tzen. Er er\u00f6ffnet mit W\u00e4rme und Anmut und hinterl\u00e4sst eine angenehme, unvergessliche Duftspur. <strong data-start=\"470\" data-end=\"486\">Boss Bottled<\/strong> \u2014 Es geht um Selbstbewusstsein, ohne dabei aufdringlich zu wirken, um Stil, ohne protzig zu sein, und um jene sehr maskuline Ausstrahlung, die man sofort sp\u00fcrt.<\/p>\n<p data-start=\"890\" data-end=\"1197\">","protected":false},"excerpt":{"rendered":"<p><strong data-start=\"402\" data-end=\"418\">Duftart:<\/strong> holzig-w\u00fcrzig<br data-start=\"434\" data-end=\"437\" \/><strong data-start=\"437\" data-end=\"450\">Charakter:<\/strong> selbstbewusst, vielseitig, ordentlich<br data-start=\"487\" data-end=\"490\" \/><strong data-start=\"490\" data-end=\"508\">Wichtigste Anmerkungen:<\/strong> Apfel, Zimt, holzige Noten, Vanille<br data-start=\"547\" data-end=\"550\" \/><strong data-start=\"550\" data-end=\"564\">Haltbarkeit:<\/strong> Durchschnitt<br data-start=\"572\" data-end=\"575\" \/><strong data-start=\"575\" data-end=\"585\">Zug:<\/strong> weich<br data-start=\"592\" data-end=\"595\" \/><strong data-start=\"595\" data-end=\"610\">Zweck:<\/strong> f\u00fcr den Alltag, B\u00fcro, Besprechungen<br data-start=\"640\" data-end=\"643\" \/><strong data-start=\"643\" data-end=\"658\">Jahreszeit:<\/strong> ganzj\u00e4hrig<\/p>","protected":false},"featured_media":5110,"comment_status":"open","ping_status":"closed","template":"","meta":{"site-sidebar-layout":"default","site-content-layout":"","ast-site-content-layout":"default","site-content-style":"default","site-sidebar-style":"default","ast-global-header-display":"","ast-banner-title-visibility":"","ast-main-header-display":"","ast-hfb-above-header-display":"","ast-hfb-below-header-display":"","ast-hfb-mobile-header-display":"","site-post-title":"","ast-breadcrumbs-content":"","ast-featured-img":"","footer-sml-layout":"","theme-transparent-header-meta":"default","adv-header-id-meta":"","stick-header-meta":"","header-above-stick-meta":"","header-main-stick-meta":"","header-below-stick-meta":"","astra-migrate-meta-layouts":"set","ast-page-background-enabled":"default","ast-page-background-meta":{"desktop":{"background-color":"var(--ast-global-color-4)","background-image":"","background-repeat":"repeat","background-position":"center center","background-size":"auto","background-attachment":"scroll","background-type":"","background-media":"","overlay-type":"","overlay-color":"","overlay-opacity":"","overlay-gradient":""},"tablet":{"background-color":"","background-image":"","background-repeat":"repeat","background-position":"center center","background-size":"auto","background-attachment":"scroll","background-type":"","background-media":"","overlay-type":"","overlay-color":"","overlay-opacity":"","overlay-gradient":""},"mobile":{"background-color":"","background-image":"","background-repeat":"repeat","background-position":"center center","background-size":"auto","background-attachment":"scroll","background-type":"","background-media":"","overlay-type":"","overlay-color":"","overlay-opacity":"","overlay-gradient":""}},"ast-content-background-meta":{"desktop":{"background-color":"var(--ast-global-color-5)","background-image":"","background-repeat":"repeat","background-position":"center center","background-size":"auto","background-attachment":"scroll","background-type":"","background-media":"","overlay-type":"","overlay-color":"","overlay-opacity":"","overlay-gradient":""},"tablet":{"background-color":"var(--ast-global-color-5)","background-image":"","background-repeat":"repeat","background-position":"center center","background-size":"auto","background-attachment":"scroll","background-type":"","background-media":"","overlay-type":"","overlay-color":"","overlay-opacity":"","overlay-gradient":""},"mobile":{"background-color":"var(--ast-global-color-5)","background-image":"","background-repeat":"repeat","background-position":"center center","background-size":"auto","background-attachment":"scroll","background-type":"","background-media":"","overlay-type":"","overlay-color":"","overlay-opacity":"","overlay-gradient":""}}},"product_brand":[422],"product_cat":[162],"product_tag":[],"class_list":{"0":"post-5109","1":"product","2":"type-product","3":"status-publish","4":"has-post-thumbnail","6":"product_brand-hugo-boss","7":"product_cat-aromaty-duhi","8":"desktop-align-left","9":"tablet-align-left","10":"mobile-align-left","12":"first","13":"instock","14":"sale","15":"taxable","16":"shipping-taxable","17":"purchasable","18":"product-type-variable"},"_links":{"self":[{"href":"https:\/\/by-aigul.de\/de\/wp-json\/wp\/v2\/product\/5109","targetHints":{"allow":["GET"]}}],"collection":[{"href":"https:\/\/by-aigul.de\/de\/wp-json\/wp\/v2\/product"}],"about":[{"href":"https:\/\/by-aigul.de\/de\/wp-json\/wp\/v2\/types\/product"}],"replies":[{"embeddable":true,"href":"https:\/\/by-aigul.de\/de\/wp-json\/wp\/v2\/comments?post=5109"}],"wp:featuredmedia":[{"embeddable":true,"href":"https:\/\/by-aigul.de\/de\/wp-json\/wp\/v2\/media\/5110"}],"wp:attachment":[{"href":"https:\/\/by-aigul.de\/de\/wp-json\/wp\/v2\/media?parent=5109"}],"wp:term":[{"taxonomy":"product_brand","embeddable":true,"href":"https:\/\/by-aigul.de\/de\/wp-json\/wp\/v2\/product_brand?post=5109"},{"taxonomy":"product_cat","embeddable":true,"href":"https:\/\/by-aigul.de\/de\/wp-json\/wp\/v2\/product_cat?post=5109"},{"taxonomy":"product_tag","embeddable":true,"href":"https:\/\/by-aigul.de\/de\/wp-json\/wp\/v2\/product_tag?post=5109"}],"curies":[{"name":"wp","href":"https:\/\/api.w.org\/{rel}","templated":true}]}}