{"id":5073,"date":"2026-03-25T17:04:36","date_gmt":"2026-03-25T17:04:36","guid":{"rendered":"https:\/\/by-aigul.de\/?post_type=product&#038;p=5073"},"modified":"2026-03-30T09:26:20","modified_gmt":"2026-03-30T09:26:20","slug":"kenzo-weltmacht","status":"publish","type":"product","link":"https:\/\/by-aigul.de\/de\/produkt\/kenzo-weltmacht\/","title":{"rendered":"Annayake Pour Elle"},"content":{"rendered":"<p data-start=\"0\" data-end=\"219\"><strong data-start=\"0\" data-end=\"22\">Annayake Pour Elle<\/strong> Ein zarter, eleganter und sehr femininer Duft mit einer sanften, raffinierten Note. Er entfaltet sich wundersch\u00f6n und zart und beschw\u00f6rt das Bild einer Frau mit erlesenem Geschmack, gelassener Selbstsicherheit und einzigartigem Charme herauf.<\/p>\n<p data-start=\"221\" data-end=\"549\">Dieser Duft verstr\u00f6mt eine harmonische Balance aus Frische, sanfter Sinnlichkeit und eleganter Weiblichkeit. Er ist nicht aufdringlich, sondern legt sich sanft auf die Haut und hinterl\u00e4sst einen subtilen, angenehmen Duft. Ein Duft f\u00fcr alle, die zur\u00fcckhaltende, raffinierte und wahrhaft sch\u00f6ne Kompositionen sch\u00e4tzen, die Stil und innere Sch\u00f6nheit unterstreichen.<\/p>\n<p data-start=\"551\" data-end=\"780\"><strong data-start=\"551\" data-end=\"573\">Annayake Pour Elle<\/strong> Perfekt f\u00fcr jeden Tag, Meetings, das B\u00fcro, Spazierg\u00e4nge und all jene Momente, in denen Sie frisch, zart und kostbar duften m\u00f6chten. Dieser Duft verstr\u00f6mt Eleganz, Leichtigkeit und wundersch\u00f6ne Weiblichkeit, ohne dabei aufdringlich zu wirken.<\/p>","protected":false},"excerpt":{"rendered":"<p><strong data-start=\"289\" data-end=\"306\">Produkttyp:<\/strong> Damenparfums<br data-start=\"325\" data-end=\"328\" \/><strong data-start=\"328\" data-end=\"345\">Konzentration:<\/strong> Eau de Parfum<br data-start=\"359\" data-end=\"362\" \/><strong data-start=\"362\" data-end=\"376\">Familie:<\/strong> blumig-holzig<br data-start=\"395\" data-end=\"398\" \/><strong data-start=\"398\" data-end=\"411\">Charakter:<\/strong> elegant, ruhig, raffiniert<br data-start=\"445\" data-end=\"448\" \/><strong data-start=\"448\" data-end=\"462\">Haltbarkeit:<\/strong> durchschnittlich \/ \u00fcberdurchschnittlich<br data-start=\"485\" data-end=\"488\" \/><strong data-start=\"488\" data-end=\"498\">Zug:<\/strong> weich, zart<br data-start=\"517\" data-end=\"520\" \/><strong data-start=\"520\" data-end=\"530\">Jahreszeit:<\/strong> Fr\u00fchling \/ Herbst \/ leger<br data-start=\"558\" data-end=\"561\" \/><strong data-start=\"561\" data-end=\"576\">Zweck:<\/strong> B\u00fcro, jeden Tag, \u201esauberes Image\u201c<\/p>","protected":false},"featured_media":5075,"comment_status":"open","ping_status":"closed","template":"","meta":{"site-sidebar-layout":"default","site-content-layout":"","ast-site-content-layout":"default","site-content-style":"default","site-sidebar-style":"default","ast-global-header-display":"","ast-banner-title-visibility":"","ast-main-header-display":"","ast-hfb-above-header-display":"","ast-hfb-below-header-display":"","ast-hfb-mobile-header-display":"","site-post-title":"","ast-breadcrumbs-content":"","ast-featured-img":"","footer-sml-layout":"","theme-transparent-header-meta":"default","adv-header-id-meta":"","stick-header-meta":"","header-above-stick-meta":"","header-main-stick-meta":"","header-below-stick-meta":"","astra-migrate-meta-layouts":"set","ast-page-background-enabled":"default","ast-page-background-meta":{"desktop":{"background-color":"var(--ast-global-color-4)","background-image":"","background-repeat":"repeat","background-position":"center center","background-size":"auto","background-attachment":"scroll","background-type":"","background-media":"","overlay-type":"","overlay-color":"","overlay-opacity":"","overlay-gradient":""},"tablet":{"background-color":"","background-image":"","background-repeat":"repeat","background-position":"center center","background-size":"auto","background-attachment":"scroll","background-type":"","background-media":"","overlay-type":"","overlay-color":"","overlay-opacity":"","overlay-gradient":""},"mobile":{"background-color":"","background-image":"","background-repeat":"repeat","background-position":"center center","background-size":"auto","background-attachment":"scroll","background-type":"","background-media":"","overlay-type":"","overlay-color":"","overlay-opacity":"","overlay-gradient":""}},"ast-content-background-meta":{"desktop":{"background-color":"var(--ast-global-color-5)","background-image":"","background-repeat":"repeat","background-position":"center center","background-size":"auto","background-attachment":"scroll","background-type":"","background-media":"","overlay-type":"","overlay-color":"","overlay-opacity":"","overlay-gradient":""},"tablet":{"background-color":"var(--ast-global-color-5)","background-image":"","background-repeat":"repeat","background-position":"center center","background-size":"auto","background-attachment":"scroll","background-type":"","background-media":"","overlay-type":"","overlay-color":"","overlay-opacity":"","overlay-gradient":""},"mobile":{"background-color":"var(--ast-global-color-5)","background-image":"","background-repeat":"repeat","background-position":"center center","background-size":"auto","background-attachment":"scroll","background-type":"","background-media":"","overlay-type":"","overlay-color":"","overlay-opacity":"","overlay-gradient":""}}},"product_brand":[443],"product_cat":[162],"product_tag":[],"class_list":{"0":"post-5073","1":"product","2":"type-product","3":"status-publish","4":"has-post-thumbnail","6":"product_brand-annayake","7":"product_cat-aromaty-duhi","8":"desktop-align-left","9":"tablet-align-left","10":"mobile-align-left","12":"first","13":"outofstock","14":"sale","15":"taxable","16":"shipping-taxable","17":"purchasable","18":"product-type-variable"},"_links":{"self":[{"href":"https:\/\/by-aigul.de\/de\/wp-json\/wp\/v2\/product\/5073","targetHints":{"allow":["GET"]}}],"collection":[{"href":"https:\/\/by-aigul.de\/de\/wp-json\/wp\/v2\/product"}],"about":[{"href":"https:\/\/by-aigul.de\/de\/wp-json\/wp\/v2\/types\/product"}],"replies":[{"embeddable":true,"href":"https:\/\/by-aigul.de\/de\/wp-json\/wp\/v2\/comments?post=5073"}],"wp:featuredmedia":[{"embeddable":true,"href":"https:\/\/by-aigul.de\/de\/wp-json\/wp\/v2\/media\/5075"}],"wp:attachment":[{"href":"https:\/\/by-aigul.de\/de\/wp-json\/wp\/v2\/media?parent=5073"}],"wp:term":[{"taxonomy":"product_brand","embeddable":true,"href":"https:\/\/by-aigul.de\/de\/wp-json\/wp\/v2\/product_brand?post=5073"},{"taxonomy":"product_cat","embeddable":true,"href":"https:\/\/by-aigul.de\/de\/wp-json\/wp\/v2\/product_cat?post=5073"},{"taxonomy":"product_tag","embeddable":true,"href":"https:\/\/by-aigul.de\/de\/wp-json\/wp\/v2\/product_tag?post=5073"}],"curies":[{"name":"wp","href":"https:\/\/api.w.org\/{rel}","templated":true}]}}