{"id":5065,"date":"2026-03-25T17:02:00","date_gmt":"2026-03-25T17:02:00","guid":{"rendered":"https:\/\/by-aigul.de\/?post_type=product&#038;p=5065"},"modified":"2026-03-25T17:02:00","modified_gmt":"2026-03-25T17:02:00","slug":"jean-paul-gaultier-skandal-elixier","status":"publish","type":"product","link":"https:\/\/by-aigul.de\/de\/produkt\/jean-paul-gaultier-skandal-elixier\/","title":{"rendered":"Jean Paul Gaultier Skandal-Elixier"},"content":{"rendered":"<p data-start=\"0\" data-end=\"290\"><strong data-start=\"0\" data-end=\"37\">Jean Paul Gaultier Skandal-Elixier<\/strong> Ein luxuri\u00f6ser, lebendiger und unglaublich verf\u00fchrerischer Duft f\u00fcr die Frau, die Aufmerksamkeit liebt und zu beeindrucken wei\u00df. Er ist reichhaltig, s\u00fc\u00df, warm und sehr eindrucksvoll und kreiert das Bild einer selbstbewussten, sinnlichen und wahrhaft unvergesslichen Frau.<\/p>\n<p data-start=\"292\" data-end=\"608\">Dieser Duft verstr\u00f6mt eine reiche S\u00fc\u00dfe, samtige Tiefe und verf\u00fchrerische orientalische Sinnlichkeit. Er entfaltet sich \u00fcppig und wundersch\u00f6n auf der Haut und hinterl\u00e4sst eine lang anhaltende, ausdrucksstarke Duftspur. Kein dezenter Duft \u2013 ein wahres Statement, das sofort eine Atmosph\u00e4re von Luxus, K\u00fchnheit und femininer St\u00e4rke schafft.<\/p>\n<p data-start=\"610\" data-end=\"851\"><strong data-start=\"610\" data-end=\"628\">Skandalelixier<\/strong> Perfekt f\u00fcr Abende, besondere Anl\u00e4sse und Momente, in denen Sie luxuri\u00f6s, lebendig und unwiderstehlich wirken m\u00f6chten. Dieser Duft ist f\u00fcr alle, die reichhaltige, charaktervolle Kompositionen mit einer wundersch\u00f6nen, sinnlichen Pr\u00e4sentation sch\u00e4tzen.<\/p>","protected":false},"excerpt":{"rendered":"<p><strong data-start=\"354\" data-end=\"370\">Duftart:<\/strong> fruchtig, Chypre, Amber<br data-start=\"400\" data-end=\"403\" \/><strong data-start=\"403\" data-end=\"425\">Duftfamilie:<\/strong> fruchtiger Amber-Chypre<br data-start=\"449\" data-end=\"452\" \/><strong data-start=\"452\" data-end=\"465\">Charakter:<\/strong> luxuri\u00f6s, gewagt, sinnlich, reichhaltig<br data-start=\"509\" data-end=\"512\" \/><strong data-start=\"512\" data-end=\"541\">Aromatische Stimmung:<\/strong> Provokation, Abend, Versuchung, Prunk<br data-start=\"581\" data-end=\"584\" \/><strong data-start=\"584\" data-end=\"602\">Wichtigste Anmerkungen:<\/strong> Brombeere, Iris, Patschuli. Das sind die Akzente, die von Jean Paul Gaultier und gro\u00dfen Einzelh\u00e4ndlern hervorgehoben werden. <br data-start=\"743\" data-end=\"746\" \/><strong data-start=\"746\" data-end=\"760\">Haltbarkeit:<\/strong> hoch<br data-start=\"768\" data-end=\"771\" \/><strong data-start=\"771\" data-end=\"781\">Zug:<\/strong> reichhaltig, hell, einh\u00fcllend<br data-start=\"815\" data-end=\"818\" \/><strong data-start=\"818\" data-end=\"833\">Zweck:<\/strong> Abends, bei besonderen Anl\u00e4ssen, wenn man auffallen und teuer wirken m\u00f6chte<br data-start=\"894\" data-end=\"897\" \/><strong data-start=\"897\" data-end=\"912\">Jahreszeit:<\/strong> Herbst, Winter, k\u00fchler Fr\u00fchling<\/p>","protected":false},"featured_media":5072,"comment_status":"open","ping_status":"closed","template":"","meta":{"site-sidebar-layout":"default","site-content-layout":"","ast-site-content-layout":"default","site-content-style":"default","site-sidebar-style":"default","ast-global-header-display":"","ast-banner-title-visibility":"","ast-main-header-display":"","ast-hfb-above-header-display":"","ast-hfb-below-header-display":"","ast-hfb-mobile-header-display":"","site-post-title":"","ast-breadcrumbs-content":"","ast-featured-img":"","footer-sml-layout":"","theme-transparent-header-meta":"default","adv-header-id-meta":"","stick-header-meta":"","header-above-stick-meta":"","header-main-stick-meta":"","header-below-stick-meta":"","astra-migrate-meta-layouts":"set","ast-page-background-enabled":"default","ast-page-background-meta":{"desktop":{"background-color":"var(--ast-global-color-4)","background-image":"","background-repeat":"repeat","background-position":"center center","background-size":"auto","background-attachment":"scroll","background-type":"","background-media":"","overlay-type":"","overlay-color":"","overlay-opacity":"","overlay-gradient":""},"tablet":{"background-color":"","background-image":"","background-repeat":"repeat","background-position":"center center","background-size":"auto","background-attachment":"scroll","background-type":"","background-media":"","overlay-type":"","overlay-color":"","overlay-opacity":"","overlay-gradient":""},"mobile":{"background-color":"","background-image":"","background-repeat":"repeat","background-position":"center center","background-size":"auto","background-attachment":"scroll","background-type":"","background-media":"","overlay-type":"","overlay-color":"","overlay-opacity":"","overlay-gradient":""}},"ast-content-background-meta":{"desktop":{"background-color":"var(--ast-global-color-5)","background-image":"","background-repeat":"repeat","background-position":"center center","background-size":"auto","background-attachment":"scroll","background-type":"","background-media":"","overlay-type":"","overlay-color":"","overlay-opacity":"","overlay-gradient":""},"tablet":{"background-color":"var(--ast-global-color-5)","background-image":"","background-repeat":"repeat","background-position":"center center","background-size":"auto","background-attachment":"scroll","background-type":"","background-media":"","overlay-type":"","overlay-color":"","overlay-opacity":"","overlay-gradient":""},"mobile":{"background-color":"var(--ast-global-color-5)","background-image":"","background-repeat":"repeat","background-position":"center center","background-size":"auto","background-attachment":"scroll","background-type":"","background-media":"","overlay-type":"","overlay-color":"","overlay-opacity":"","overlay-gradient":""}}},"product_brand":[236],"product_cat":[162],"product_tag":[],"class_list":{"0":"post-5065","1":"product","2":"type-product","3":"status-publish","4":"has-post-thumbnail","6":"product_brand-jean-paul-gaultier","7":"product_cat-aromaty-duhi","8":"desktop-align-left","9":"tablet-align-left","10":"mobile-align-left","12":"first","13":"instock","14":"sale","15":"taxable","16":"shipping-taxable","17":"purchasable","18":"product-type-variable"},"_links":{"self":[{"href":"https:\/\/by-aigul.de\/de\/wp-json\/wp\/v2\/product\/5065","targetHints":{"allow":["GET"]}}],"collection":[{"href":"https:\/\/by-aigul.de\/de\/wp-json\/wp\/v2\/product"}],"about":[{"href":"https:\/\/by-aigul.de\/de\/wp-json\/wp\/v2\/types\/product"}],"replies":[{"embeddable":true,"href":"https:\/\/by-aigul.de\/de\/wp-json\/wp\/v2\/comments?post=5065"}],"wp:featuredmedia":[{"embeddable":true,"href":"https:\/\/by-aigul.de\/de\/wp-json\/wp\/v2\/media\/5072"}],"wp:attachment":[{"href":"https:\/\/by-aigul.de\/de\/wp-json\/wp\/v2\/media?parent=5065"}],"wp:term":[{"taxonomy":"product_brand","embeddable":true,"href":"https:\/\/by-aigul.de\/de\/wp-json\/wp\/v2\/product_brand?post=5065"},{"taxonomy":"product_cat","embeddable":true,"href":"https:\/\/by-aigul.de\/de\/wp-json\/wp\/v2\/product_cat?post=5065"},{"taxonomy":"product_tag","embeddable":true,"href":"https:\/\/by-aigul.de\/de\/wp-json\/wp\/v2\/product_tag?post=5065"}],"curies":[{"name":"wp","href":"https:\/\/api.w.org\/{rel}","templated":true}]}}