{"id":4968,"date":"2026-03-25T15:01:25","date_gmt":"2026-03-25T15:01:25","guid":{"rendered":"https:\/\/by-aigul.de\/?post_type=product&#038;p=4968"},"modified":"2026-03-25T15:01:25","modified_gmt":"2026-03-25T15:01:25","slug":"gucci-bloom","status":"publish","type":"product","link":"https:\/\/by-aigul.de\/de\/produkt\/gucci-bloom\/","title":{"rendered":"Gucci Bloom"},"content":{"rendered":"<section class=\"text-token-text-primary w-full focus:outline-none [--shadow-height:45px] has-data-writing-block:pointer-events-none has-data-writing-block:-mt-(--shadow-height) has-data-writing-block:pt-(--shadow-height) [&amp;:has([data-writing-block])&gt;*]:pointer-events-auto scroll-mt-(--header-height)\" dir=\"auto\" data-turn-id=\"9e39424d-a998-4bc0-80da-a26caec5f9ce\" data-testid=\"conversation-turn-45\" data-scroll-anchor=\"false\" data-turn=\"user\"><\/section>\n<section class=\"text-token-text-primary w-full focus:outline-none [--shadow-height:45px] has-data-writing-block:pointer-events-none has-data-writing-block:-mt-(--shadow-height) has-data-writing-block:pt-(--shadow-height) [&amp;:has([data-writing-block])&gt;*]:pointer-events-auto scroll-mt-[calc(var(--header-height)+min(200px,max(70px,20svh)))]\" dir=\"auto\" data-turn-id=\"request-69c292c7-ea94-8395-8cd3-10f628564a2d-0\" data-testid=\"conversation-turn-46\" data-scroll-anchor=\"true\" data-turn=\"assistant\">\n<div class=\"text-base my-auto mx-auto pb-10 [--thread-content-margin:var(--thread-content-margin-xs,calc(var(--spacing)*4))] @w-sm\/main:[--thread-content-margin:var(--thread-content-margin-sm,calc(var(--spacing)*6))] @w-lg\/main:[--thread-content-margin:var(--thread-content-margin-lg,calc(var(--spacing)*16))] px-(--thread-content-margin)\">\n<div class=\"[--thread-content-max-width:40rem] @w-lg\/main:[--thread-content-max-width:48rem] mx-auto max-w-(--thread-content-max-width) flex-1 group\/turn-messages focus-visible:outline-hidden relative flex w-full min-w-0 flex-col agent-turn\">\n<div class=\"flex max-w-full flex-col gap-4 grow\">\n<div class=\"min-h-8 text-message relative flex w-full flex-col items-end gap-2 text-start break-words whitespace-normal outline-none keyboard-focused:focus-ring [.text-message+&amp;]:mt-1\" dir=\"auto\" tabindex=\"0\" data-message-author-role=\"assistant\" data-message-id=\"db25eefc-9067-4bd9-9afc-6633ad03f99a\" data-message-model-slug=\"gpt-5-4-thinking\" data-turn-start-message=\"true\">\n<div class=\"flex w-full flex-col gap-1 empty:hidden\">\n<div class=\"markdown prose dark:prose-invert w-full wrap-break-word light markdown-new-styling\">\n<p data-start=\"0\" data-end=\"204\"><strong data-start=\"0\" data-end=\"15\">Gucci Bloom<\/strong> Ein zarter, femininer und unglaublich sch\u00f6ner Blumenduft, der Sie in einen bl\u00fchenden Garten entf\u00fchrt. Er ist sanft, raffiniert und nat\u00fcrlich und entfaltet sich auf der Haut auf elegante und sehr feminine Weise.<\/p>\n<p data-start=\"206\" data-end=\"488\">Dieser Duft verk\u00f6rpert Leichtigkeit, Romantik und innere Harmonie. Er verstr\u00f6mt eine lebendige, blumige Frische, sanfte Sinnlichkeit und jene zarte Eleganz, die eine Person besonders anziehend macht. Er ist nicht aufdringlich, sondern unterstreicht auf wundersch\u00f6ne Weise Z\u00e4rtlichkeit, Geschmack und ein gepflegtes \u00c4u\u00dferes.<\/p>\n<p data-start=\"490\" data-end=\"697\" data-is-last-node=\"\" data-is-only-node=\"\"><strong data-start=\"490\" data-end=\"505\">Gucci Bloom<\/strong> Ideal f\u00fcr alle, die klare, feminine und blumige D\u00fcfte f\u00fcr jeden Tag lieben. Eine wunderbare Wahl f\u00fcr Fr\u00fchling, Sommer und all jene Momente, in denen Sie frisch, sch\u00f6n und luxuri\u00f6s duften m\u00f6chten.<\/p>\n<\/div>\n<\/div>\n<\/div>\n<\/div>\n<\/div>\n<\/div>\n<\/section>","protected":false},"excerpt":{"rendered":"<p><strong data-start=\"313\" data-end=\"329\">Duftart:<\/strong> blumig, wei\u00dfblumig, zart pudrig<br data-start=\"370\" data-end=\"373\" \/><strong data-start=\"373\" data-end=\"395\">Duftfamilie:<\/strong> Blumen-<br data-start=\"405\" data-end=\"408\" \/><strong data-start=\"408\" data-end=\"421\">Charakter:<\/strong> sanft, feminin, raffiniert, nat\u00fcrlich<br data-start=\"467\" data-end=\"470\" \/><strong data-start=\"470\" data-end=\"499\">Aromatische Stimmung:<\/strong> leicht, romantisch, sanft, elegant<br data-start=\"540\" data-end=\"543\" \/><strong data-start=\"543\" data-end=\"561\">Wichtigste Anmerkungen:<\/strong> Tuberose, Jasmin, Rangoon-Kletterpflanze. Gucci beschreibt die urspr\u00fcngliche Bloom-Kollektion anhand dieses floralen Trios. <br data-start=\"702\" data-end=\"705\" \/><strong data-start=\"705\" data-end=\"719\">Haltbarkeit:<\/strong> Durchschnitt<br data-start=\"727\" data-end=\"730\" \/><strong data-start=\"730\" data-end=\"740\">Zug:<\/strong> sanft, blumig, auff\u00e4llig<br data-start=\"768\" data-end=\"771\" \/><strong data-start=\"771\" data-end=\"786\">Zweck:<\/strong> f\u00fcr jeden Tag, f\u00fcr Fr\u00fchling, Sommer und f\u00fcr einen femininen Alltagslook<br data-start=\"857\" data-end=\"860\" \/><strong data-start=\"860\" data-end=\"875\">Jahreszeit:<\/strong> Fr\u00fchling, Sommer, \u00dcbergangszeit<\/p>","protected":false},"featured_media":4973,"comment_status":"open","ping_status":"closed","template":"","meta":{"site-sidebar-layout":"default","site-content-layout":"","ast-site-content-layout":"default","site-content-style":"default","site-sidebar-style":"default","ast-global-header-display":"","ast-banner-title-visibility":"","ast-main-header-display":"","ast-hfb-above-header-display":"","ast-hfb-below-header-display":"","ast-hfb-mobile-header-display":"","site-post-title":"","ast-breadcrumbs-content":"","ast-featured-img":"","footer-sml-layout":"","theme-transparent-header-meta":"default","adv-header-id-meta":"","stick-header-meta":"","header-above-stick-meta":"","header-main-stick-meta":"","header-below-stick-meta":"","astra-migrate-meta-layouts":"set","ast-page-background-enabled":"default","ast-page-background-meta":{"desktop":{"background-color":"var(--ast-global-color-4)","background-image":"","background-repeat":"repeat","background-position":"center center","background-size":"auto","background-attachment":"scroll","background-type":"","background-media":"","overlay-type":"","overlay-color":"","overlay-opacity":"","overlay-gradient":""},"tablet":{"background-color":"","background-image":"","background-repeat":"repeat","background-position":"center center","background-size":"auto","background-attachment":"scroll","background-type":"","background-media":"","overlay-type":"","overlay-color":"","overlay-opacity":"","overlay-gradient":""},"mobile":{"background-color":"","background-image":"","background-repeat":"repeat","background-position":"center center","background-size":"auto","background-attachment":"scroll","background-type":"","background-media":"","overlay-type":"","overlay-color":"","overlay-opacity":"","overlay-gradient":""}},"ast-content-background-meta":{"desktop":{"background-color":"var(--ast-global-color-5)","background-image":"","background-repeat":"repeat","background-position":"center center","background-size":"auto","background-attachment":"scroll","background-type":"","background-media":"","overlay-type":"","overlay-color":"","overlay-opacity":"","overlay-gradient":""},"tablet":{"background-color":"var(--ast-global-color-5)","background-image":"","background-repeat":"repeat","background-position":"center center","background-size":"auto","background-attachment":"scroll","background-type":"","background-media":"","overlay-type":"","overlay-color":"","overlay-opacity":"","overlay-gradient":""},"mobile":{"background-color":"var(--ast-global-color-5)","background-image":"","background-repeat":"repeat","background-position":"center center","background-size":"auto","background-attachment":"scroll","background-type":"","background-media":"","overlay-type":"","overlay-color":"","overlay-opacity":"","overlay-gradient":""}}},"product_brand":[164],"product_cat":[162],"product_tag":[],"class_list":{"0":"post-4968","1":"product","2":"type-product","3":"status-publish","4":"has-post-thumbnail","6":"product_brand-gucci","7":"product_cat-aromaty-duhi","8":"desktop-align-left","9":"tablet-align-left","10":"mobile-align-left","12":"first","13":"instock","14":"taxable","15":"shipping-taxable","16":"product-type-variable"},"_links":{"self":[{"href":"https:\/\/by-aigul.de\/de\/wp-json\/wp\/v2\/product\/4968","targetHints":{"allow":["GET"]}}],"collection":[{"href":"https:\/\/by-aigul.de\/de\/wp-json\/wp\/v2\/product"}],"about":[{"href":"https:\/\/by-aigul.de\/de\/wp-json\/wp\/v2\/types\/product"}],"replies":[{"embeddable":true,"href":"https:\/\/by-aigul.de\/de\/wp-json\/wp\/v2\/comments?post=4968"}],"wp:featuredmedia":[{"embeddable":true,"href":"https:\/\/by-aigul.de\/de\/wp-json\/wp\/v2\/media\/4973"}],"wp:attachment":[{"href":"https:\/\/by-aigul.de\/de\/wp-json\/wp\/v2\/media?parent=4968"}],"wp:term":[{"taxonomy":"product_brand","embeddable":true,"href":"https:\/\/by-aigul.de\/de\/wp-json\/wp\/v2\/product_brand?post=4968"},{"taxonomy":"product_cat","embeddable":true,"href":"https:\/\/by-aigul.de\/de\/wp-json\/wp\/v2\/product_cat?post=4968"},{"taxonomy":"product_tag","embeddable":true,"href":"https:\/\/by-aigul.de\/de\/wp-json\/wp\/v2\/product_tag?post=4968"}],"curies":[{"name":"wp","href":"https:\/\/api.w.org\/{rel}","templated":true}]}}