{"id":4865,"date":"2026-03-24T13:56:21","date_gmt":"2026-03-24T13:56:21","guid":{"rendered":"https:\/\/by-aigul.de\/?post_type=product&#038;p=4865"},"modified":"2026-03-29T16:52:17","modified_gmt":"2026-03-29T16:52:17","slug":"mystique-homme","status":"publish","type":"product","link":"https:\/\/by-aigul.de\/de\/produkt\/mystique-homme\/","title":{"rendered":"Mystique Homme"},"content":{"rendered":"<p data-start=\"100\" data-end=\"387\"><strong data-start=\"100\" data-end=\"169\">Ein Duft f\u00fcr alle, die Tiefe, Stil und ruhige Zuversicht lieben.<\/strong><br data-start=\"169\" data-end=\"172\" \/>Warm, ausdrucksstark und absolut fesselnd entfaltet es sich wundersch\u00f6n auf der Haut und hinterl\u00e4sst eine raffinierte und unvergessliche Duftspur. Dieser Duft wirkt luxuri\u00f6s, sinnlich und ist zu jeder Jahreszeit geeignet.<\/p>\n<p data-start=\"389\" data-end=\"543\">Ideal f\u00fcr alle, die nicht nur einen Duft, sondern eine Ausstrahlung suchen \u2013 selbstbewusst, elegant und charaktervoll. Eine wunderbare Wahl sowohl f\u00fcr den Eigengebrauch als auch als Geschenk.<\/p>","protected":false},"excerpt":{"rendered":"<p><strong data-start=\"294\" data-end=\"310\">Duftart:<\/strong> \u00e4hnlich, l\u00e4ndlich<br data-start=\"328\" data-end=\"331\" \/><strong data-start=\"331\" data-end=\"353\">Duftfamilie:<\/strong> holzige Gew\u00fcrze<br data-start=\"368\" data-end=\"371\" \/><strong data-start=\"371\" data-end=\"384\">Charakter:<\/strong> tiefgr\u00fcndig, stilvoll, maskulin, markant<br data-start=\"421\" data-end=\"424\" \/><strong data-start=\"424\" data-end=\"448\">Aromatische Stimmung:<\/strong> warmherzig, edel, charakterstark<br data-start=\"482\" data-end=\"485\" \/><strong data-start=\"485\" data-end=\"499\">\u0421\u0442\u0456\u0439\u043a\u0456\u0441\u0442\u044c:<\/strong> Tempel<br data-start=\"506\" data-end=\"509\" \/><strong data-start=\"509\" data-end=\"519\">Zug:<\/strong> virazny<br data-start=\"528\" data-end=\"531\" \/><strong data-start=\"531\" data-end=\"547\">Zweck:<\/strong> f\u00fcr jeden Tag, f\u00fcr den Abend, f\u00fcr besondere Folgen<br data-start=\"595\" data-end=\"598\" \/><strong data-start=\"598\" data-end=\"612\">Es ist Zeit f\u00fcr Rockmusik:<\/strong> Herbst, Winter, \u00dcbergangszeit<br data-start=\"635\" data-end=\"638\" \/><strong data-start=\"638\" data-end=\"649\">Format:<\/strong> Flasche in voller Gr\u00f6\u00dfe<br data-start=\"671\" data-end=\"674\" \/><strong data-start=\"674\" data-end=\"685\">Status:<\/strong> in nayavnost\u0456<\/p>","protected":false},"featured_media":4867,"comment_status":"open","ping_status":"closed","template":"","meta":{"site-sidebar-layout":"default","site-content-layout":"","ast-site-content-layout":"default","site-content-style":"default","site-sidebar-style":"default","ast-global-header-display":"","ast-banner-title-visibility":"","ast-main-header-display":"","ast-hfb-above-header-display":"","ast-hfb-below-header-display":"","ast-hfb-mobile-header-display":"","site-post-title":"","ast-breadcrumbs-content":"","ast-featured-img":"","footer-sml-layout":"","theme-transparent-header-meta":"default","adv-header-id-meta":"","stick-header-meta":"","header-above-stick-meta":"","header-main-stick-meta":"","header-below-stick-meta":"","astra-migrate-meta-layouts":"set","ast-page-background-enabled":"default","ast-page-background-meta":{"desktop":{"background-color":"var(--ast-global-color-4)","background-image":"","background-repeat":"repeat","background-position":"center center","background-size":"auto","background-attachment":"scroll","background-type":"","background-media":"","overlay-type":"","overlay-color":"","overlay-opacity":"","overlay-gradient":""},"tablet":{"background-color":"","background-image":"","background-repeat":"repeat","background-position":"center center","background-size":"auto","background-attachment":"scroll","background-type":"","background-media":"","overlay-type":"","overlay-color":"","overlay-opacity":"","overlay-gradient":""},"mobile":{"background-color":"","background-image":"","background-repeat":"repeat","background-position":"center center","background-size":"auto","background-attachment":"scroll","background-type":"","background-media":"","overlay-type":"","overlay-color":"","overlay-opacity":"","overlay-gradient":""}},"ast-content-background-meta":{"desktop":{"background-color":"var(--ast-global-color-5)","background-image":"","background-repeat":"repeat","background-position":"center center","background-size":"auto","background-attachment":"scroll","background-type":"","background-media":"","overlay-type":"","overlay-color":"","overlay-opacity":"","overlay-gradient":""},"tablet":{"background-color":"var(--ast-global-color-5)","background-image":"","background-repeat":"repeat","background-position":"center center","background-size":"auto","background-attachment":"scroll","background-type":"","background-media":"","overlay-type":"","overlay-color":"","overlay-opacity":"","overlay-gradient":""},"mobile":{"background-color":"var(--ast-global-color-5)","background-image":"","background-repeat":"repeat","background-position":"center center","background-size":"auto","background-attachment":"scroll","background-type":"","background-media":"","overlay-type":"","overlay-color":"","overlay-opacity":"","overlay-gradient":""}}},"product_brand":[416],"product_cat":[162],"product_tag":[],"class_list":{"0":"post-4865","1":"product","2":"type-product","3":"status-publish","4":"has-post-thumbnail","6":"product_brand-al-haramain-perfumes","7":"product_cat-aromaty-duhi","8":"desktop-align-left","9":"tablet-align-left","10":"mobile-align-left","12":"first","13":"instock","14":"sale","15":"taxable","16":"shipping-taxable","17":"purchasable","18":"product-type-variable"},"_links":{"self":[{"href":"https:\/\/by-aigul.de\/de\/wp-json\/wp\/v2\/product\/4865","targetHints":{"allow":["GET"]}}],"collection":[{"href":"https:\/\/by-aigul.de\/de\/wp-json\/wp\/v2\/product"}],"about":[{"href":"https:\/\/by-aigul.de\/de\/wp-json\/wp\/v2\/types\/product"}],"replies":[{"embeddable":true,"href":"https:\/\/by-aigul.de\/de\/wp-json\/wp\/v2\/comments?post=4865"}],"wp:featuredmedia":[{"embeddable":true,"href":"https:\/\/by-aigul.de\/de\/wp-json\/wp\/v2\/media\/4867"}],"wp:attachment":[{"href":"https:\/\/by-aigul.de\/de\/wp-json\/wp\/v2\/media?parent=4865"}],"wp:term":[{"taxonomy":"product_brand","embeddable":true,"href":"https:\/\/by-aigul.de\/de\/wp-json\/wp\/v2\/product_brand?post=4865"},{"taxonomy":"product_cat","embeddable":true,"href":"https:\/\/by-aigul.de\/de\/wp-json\/wp\/v2\/product_cat?post=4865"},{"taxonomy":"product_tag","embeddable":true,"href":"https:\/\/by-aigul.de\/de\/wp-json\/wp\/v2\/product_tag?post=4865"}],"curies":[{"name":"wp","href":"https:\/\/api.w.org\/{rel}","templated":true}]}}