{"id":4833,"date":"2026-03-23T15:51:38","date_gmt":"2026-03-23T15:51:38","guid":{"rendered":"https:\/\/by-aigul.de\/?post_type=product&#038;p=4833"},"modified":"2026-03-23T16:27:03","modified_gmt":"2026-03-23T16:27:03","slug":"4833","status":"publish","type":"product","link":"https:\/\/by-aigul.de\/de\/produkt\/4833\/","title":{"rendered":"Premium-Tulpenstrau\u00df"},"content":{"rendered":"<div class=\"flex flex-col text-sm pb-25\">\n<section class=\"text-token-text-primary w-full focus:outline-none [--shadow-height:45px] has-data-writing-block:pointer-events-none has-data-writing-block:-mt-(--shadow-height) has-data-writing-block:pt-(--shadow-height) [&amp;:has([data-writing-block])&gt;*]:pointer-events-auto scroll-mt-[calc(var(--header-height)+min(200px,max(70px,20svh)))]\" dir=\"auto\" data-turn-id=\"request-698f3cc7-af28-838e-98af-c9e8786903b8-6\" data-testid=\"conversation-turn-22\" data-scroll-anchor=\"true\" data-turn=\"assistant\">\n<div class=\"text-base my-auto mx-auto pb-10 [--thread-content-margin:var(--thread-content-margin-xs,calc(var(--spacing)*4))] @w-sm\/main:[--thread-content-margin:var(--thread-content-margin-sm,calc(var(--spacing)*6))] @w-lg\/main:[--thread-content-margin:var(--thread-content-margin-lg,calc(var(--spacing)*16))] px-(--thread-content-margin)\">\n<div class=\"[--thread-content-max-width:40rem] @w-lg\/main:[--thread-content-max-width:48rem] mx-auto max-w-(--thread-content-max-width) flex-1 group\/turn-messages focus-visible:outline-hidden relative flex w-full min-w-0 flex-col agent-turn\">\n<div class=\"flex max-w-full flex-col gap-4 grow\">\n<div class=\"min-h-8 text-message relative flex w-full flex-col items-end gap-2 text-start break-words whitespace-normal outline-none keyboard-focused:focus-ring [.text-message+&amp;]:mt-1\" dir=\"auto\" tabindex=\"0\" data-message-author-role=\"assistant\" data-message-id=\"d219b3ad-d6e1-448d-8ccd-e582d30f0619\" data-message-model-slug=\"gpt-5-3\" data-turn-start-message=\"true\">\n<div class=\"flex w-full flex-col gap-1 empty:hidden\">\n<div class=\"markdown prose dark:prose-invert w-full wrap-break-word light markdown-new-styling\">\n<p data-start=\"0\" data-end=\"61\">Dieser Blumenstrau\u00df verk\u00f6rpert die Fr\u00fchlingsstimmung, die man festhalten m\u00f6chte.<\/p>\n<p data-start=\"63\" data-end=\"263\">Frische, saftige Tulpen vermitteln ein Gef\u00fchl von Leichtigkeit, Erneuerung und sanfter Energie. Sie wirken lebendig, nat\u00fcrlich und dennoch unglaublich stilvoll \u2013 ein Akzent, der jeden Look und Raum sofort belebt.<\/p>\n<p data-start=\"265\" data-end=\"380\">Es eignet sich f\u00fcr jene Anl\u00e4sse, bei denen man Freude schenken m\u00f6chte, ohne unn\u00f6tigen Pomp \u2013 aufrichtig, sch\u00f6n und geschmackvoll.<\/p>\n<p data-start=\"382\" data-end=\"465\" data-is-last-node=\"\" data-is-only-node=\"\">Ein leichter, strahlender und wahrhaft warmer Blumenstrau\u00df, der auf den ersten Blick Emotionen weckt.<\/p>\n<\/div>\n<\/div>\n<\/div>\n<\/div>\n<\/div>\n<\/div>\n<\/section>\n<\/div>\n<p><strong>Bitte beachten Sie:<\/strong> Alle Fotos dienen nur der Veranschaulichung; jeder Strau\u00df ist ein Unikat und kann je nach Jahreszeit und Verf\u00fcgbarkeit der Blumen variieren. Die Knospen \u00f6ffnen sich und entfalten ihre volle Pracht im Laufe mehrerer Tage.<\/p>","protected":false},"excerpt":{"rendered":"<p data-start=\"305\" data-end=\"346\"><strong data-start=\"305\" data-end=\"322\">Produkttyp:<\/strong> Ein Strau\u00df frischer Blumen<\/p>\n<p data-start=\"348\" data-end=\"472\"><strong data-start=\"348\" data-end=\"367\">Farbspektrum:<\/strong> Knallrosa, Gr\u00fcn<br data-start=\"389\" data-end=\"392\" \/><strong data-start=\"392\" data-end=\"402\">Stil:<\/strong> Frisch \/ Romantisch \/ Fr\u00fchling<br data-start=\"434\" data-end=\"437\" \/><strong data-start=\"437\" data-end=\"454\">Form des Blumenstrau\u00dfes:<\/strong> \u00dcppig, lebhaft<\/p>\n<p data-start=\"474\" data-end=\"549\"><strong data-start=\"474\" data-end=\"485\">Aroma:<\/strong> Leicht, frisch<br data-start=\"500\" data-end=\"503\" \/><strong data-start=\"503\" data-end=\"524\">Frischegrad:<\/strong> Hoch, frisch geschnitten<\/p>\n<p data-start=\"551\" data-end=\"597\"><strong data-start=\"551\" data-end=\"565\">Haltbarkeit:<\/strong> Bei richtiger Pflege 3-5 Tage.<\/p>\n<p data-start=\"599\" data-end=\"705\"><strong data-start=\"599\" data-end=\"614\">Zweck:<\/strong><br data-start=\"614\" data-end=\"617\" \/>\u2022 Kompliment<br data-start=\"629\" data-end=\"632\" \/>\u2022 ein Geschenk f\u00fcr ein M\u00e4dchen<br data-start=\"649\" data-end=\"652\" \/>\u2022 8. M\u00e4rz<br data-start=\"661\" data-end=\"664\" \/>\u2022 Geburtstag<br data-start=\"679\" data-end=\"682\" \/>\u2022 &quot;nur um zu gefallen&quot;<\/p>\n<p data-start=\"707\" data-end=\"755\"><strong data-start=\"707\" data-end=\"722\">Saisonalit\u00e4t:<\/strong> Fr\u00fchling (besonders hohe Nachfrage)<\/p>\n<p data-start=\"757\" data-end=\"845\"><strong data-start=\"757\" data-end=\"768\">Format:<\/strong> Ein Blumenstrau\u00df in stilvoller Verpackung mit Schleife<br data-start=\"803\" data-end=\"806\" \/><strong data-start=\"806\" data-end=\"817\">Status:<\/strong> Bestseller \/ Saisonhit<\/p>","protected":false},"featured_media":4823,"comment_status":"open","ping_status":"closed","template":"","meta":{"site-sidebar-layout":"default","site-content-layout":"","ast-site-content-layout":"default","site-content-style":"default","site-sidebar-style":"default","ast-global-header-display":"","ast-banner-title-visibility":"","ast-main-header-display":"","ast-hfb-above-header-display":"","ast-hfb-below-header-display":"","ast-hfb-mobile-header-display":"","site-post-title":"","ast-breadcrumbs-content":"","ast-featured-img":"","footer-sml-layout":"","theme-transparent-header-meta":"default","adv-header-id-meta":"","stick-header-meta":"","header-above-stick-meta":"","header-main-stick-meta":"","header-below-stick-meta":"","astra-migrate-meta-layouts":"set","ast-page-background-enabled":"default","ast-page-background-meta":{"desktop":{"background-color":"var(--ast-global-color-4)","background-image":"","background-repeat":"repeat","background-position":"center center","background-size":"auto","background-attachment":"scroll","background-type":"","background-media":"","overlay-type":"","overlay-color":"","overlay-opacity":"","overlay-gradient":""},"tablet":{"background-color":"","background-image":"","background-repeat":"repeat","background-position":"center center","background-size":"auto","background-attachment":"scroll","background-type":"","background-media":"","overlay-type":"","overlay-color":"","overlay-opacity":"","overlay-gradient":""},"mobile":{"background-color":"","background-image":"","background-repeat":"repeat","background-position":"center center","background-size":"auto","background-attachment":"scroll","background-type":"","background-media":"","overlay-type":"","overlay-color":"","overlay-opacity":"","overlay-gradient":""}},"ast-content-background-meta":{"desktop":{"background-color":"var(--ast-global-color-5)","background-image":"","background-repeat":"repeat","background-position":"center center","background-size":"auto","background-attachment":"scroll","background-type":"","background-media":"","overlay-type":"","overlay-color":"","overlay-opacity":"","overlay-gradient":""},"tablet":{"background-color":"var(--ast-global-color-5)","background-image":"","background-repeat":"repeat","background-position":"center center","background-size":"auto","background-attachment":"scroll","background-type":"","background-media":"","overlay-type":"","overlay-color":"","overlay-opacity":"","overlay-gradient":""},"mobile":{"background-color":"var(--ast-global-color-5)","background-image":"","background-repeat":"repeat","background-position":"center center","background-size":"auto","background-attachment":"scroll","background-type":"","background-media":"","overlay-type":"","overlay-color":"","overlay-opacity":"","overlay-gradient":""}}},"product_brand":[],"product_cat":[160],"product_tag":[],"class_list":{"0":"post-4833","1":"product","2":"type-product","3":"status-publish","4":"has-post-thumbnail","6":"product_cat-by-aigul-flowers","7":"desktop-align-left","8":"tablet-align-left","9":"mobile-align-left","11":"first","12":"instock","13":"taxable","14":"shipping-taxable","15":"purchasable","16":"product-type-simple"},"_links":{"self":[{"href":"https:\/\/by-aigul.de\/de\/wp-json\/wp\/v2\/product\/4833","targetHints":{"allow":["GET"]}}],"collection":[{"href":"https:\/\/by-aigul.de\/de\/wp-json\/wp\/v2\/product"}],"about":[{"href":"https:\/\/by-aigul.de\/de\/wp-json\/wp\/v2\/types\/product"}],"replies":[{"embeddable":true,"href":"https:\/\/by-aigul.de\/de\/wp-json\/wp\/v2\/comments?post=4833"}],"wp:featuredmedia":[{"embeddable":true,"href":"https:\/\/by-aigul.de\/de\/wp-json\/wp\/v2\/media\/4823"}],"wp:attachment":[{"href":"https:\/\/by-aigul.de\/de\/wp-json\/wp\/v2\/media?parent=4833"}],"wp:term":[{"taxonomy":"product_brand","embeddable":true,"href":"https:\/\/by-aigul.de\/de\/wp-json\/wp\/v2\/product_brand?post=4833"},{"taxonomy":"product_cat","embeddable":true,"href":"https:\/\/by-aigul.de\/de\/wp-json\/wp\/v2\/product_cat?post=4833"},{"taxonomy":"product_tag","embeddable":true,"href":"https:\/\/by-aigul.de\/de\/wp-json\/wp\/v2\/product_tag?post=4833"}],"curies":[{"name":"wp","href":"https:\/\/api.w.org\/{rel}","templated":true}]}}