{"id":3593,"date":"2026-01-19T23:06:59","date_gmt":"2026-01-19T23:06:59","guid":{"rendered":"https:\/\/by-aigul.de\/?post_type=product&#038;p=3593"},"modified":"2026-03-24T23:34:11","modified_gmt":"2026-03-24T23:34:11","slug":"la-petite-robe-noire-rose-noire-eau-de-parfum","status":"publish","type":"product","link":"https:\/\/by-aigul.de\/de\/produkt\/la-petite-robe-noire-rose-noire-eau-de-parfum\/","title":{"rendered":"La Petite Robe Noire Rose Noire Eau de Parfum"},"content":{"rendered":"<p data-start=\"0\" data-end=\"163\"><strong data-start=\"0\" data-end=\"65\">Guerlain La Petite Robe Noire Rose Noire Eau de Parfum<\/strong> \u2014 ein edler, reichhaltiger Duft, der Weiblichkeit mit einer k\u00fchnen und verspielten Seite offenbart.<\/p>\n<p data-start=\"165\" data-end=\"396\">Die Noten dunkler Rose sind lebendig und ausdrucksstark, verwoben mit fruchtigen und w\u00fcrzigen Akzenten, w\u00e4hrend eine warme Basis aus H\u00f6lzern und Moschus eine verf\u00fchrerische Aura hinterl\u00e4sst. Dieser Duft ist tiefgr\u00fcndig, sinnlich und einzigartig.<\/p>\n<p data-start=\"398\" data-end=\"577\" data-is-last-node=\"\" data-is-only-node=\"\"><strong data-start=\"398\" data-end=\"433\">La Petite Robe Noire Rose Noire<\/strong> \u2014 wie ein kleines Schwarzes in Ihrer Garderobe: elegant, gewagt und unvergesslich, betont es die Individualit\u00e4t und hinterl\u00e4sst einen bleibenden Eindruck.<\/p>","protected":false},"excerpt":{"rendered":"<p><strong data-start=\"416\" data-end=\"432\">Duftart:<\/strong> Blumig-fruchtig<br data-start=\"457\" data-end=\"460\" \/><strong data-start=\"460\" data-end=\"473\">Charakter:<\/strong> Romantisch, elegant, ein wenig gewagt<br data-start=\"514\" data-end=\"517\" \/><strong data-start=\"517\" data-end=\"534\">Konzentration:<\/strong> Eau de Parfum<br data-start=\"548\" data-end=\"551\" \/><strong data-start=\"551\" data-end=\"565\">Haltbarkeit:<\/strong> Mittel bis hoch (6-8 Stunden)<br data-start=\"593\" data-end=\"596\" \/><strong data-start=\"596\" data-end=\"606\">Zug:<\/strong> Mittelstark, ausdrucksstark, blumig-beerig<br data-start=\"647\" data-end=\"650\" \/><strong data-start=\"650\" data-end=\"665\">Zweck:<\/strong> T\u00e4gliche und abendliche Anwendung<br data-start=\"701\" data-end=\"704\" \/><strong data-start=\"704\" data-end=\"719\">Jahreszeit:<\/strong> Fr\u00fchling, Sommer, Herbst<br data-start=\"738\" data-end=\"741\" \/><strong data-start=\"741\" data-end=\"752\">Format:<\/strong> Glasflasche mit Spr\u00fchfunktion<br data-start=\"785\" data-end=\"788\" \/><strong data-start=\"788\" data-end=\"799\">Status:<\/strong> St\u00e4ndige Sammlung<\/p>","protected":false},"featured_media":3598,"comment_status":"open","ping_status":"closed","template":"","meta":{"site-sidebar-layout":"default","site-content-layout":"","ast-site-content-layout":"default","site-content-style":"default","site-sidebar-style":"default","ast-global-header-display":"","ast-banner-title-visibility":"","ast-main-header-display":"","ast-hfb-above-header-display":"","ast-hfb-below-header-display":"","ast-hfb-mobile-header-display":"","site-post-title":"","ast-breadcrumbs-content":"","ast-featured-img":"","footer-sml-layout":"","ast-disable-related-posts":"","theme-transparent-header-meta":"default","adv-header-id-meta":"","stick-header-meta":"","header-above-stick-meta":"","header-main-stick-meta":"","header-below-stick-meta":"","astra-migrate-meta-layouts":"set","ast-page-background-enabled":"default","ast-page-background-meta":{"desktop":{"background-color":"var(--ast-global-color-4)","background-image":"","background-repeat":"repeat","background-position":"center center","background-size":"auto","background-attachment":"scroll","background-type":"","background-media":"","overlay-type":"","overlay-color":"","overlay-opacity":"","overlay-gradient":""},"tablet":{"background-color":"","background-image":"","background-repeat":"repeat","background-position":"center center","background-size":"auto","background-attachment":"scroll","background-type":"","background-media":"","overlay-type":"","overlay-color":"","overlay-opacity":"","overlay-gradient":""},"mobile":{"background-color":"","background-image":"","background-repeat":"repeat","background-position":"center center","background-size":"auto","background-attachment":"scroll","background-type":"","background-media":"","overlay-type":"","overlay-color":"","overlay-opacity":"","overlay-gradient":""}},"ast-content-background-meta":{"desktop":{"background-color":"var(--ast-global-color-5)","background-image":"","background-repeat":"repeat","background-position":"center center","background-size":"auto","background-attachment":"scroll","background-type":"","background-media":"","overlay-type":"","overlay-color":"","overlay-opacity":"","overlay-gradient":""},"tablet":{"background-color":"var(--ast-global-color-5)","background-image":"","background-repeat":"repeat","background-position":"center center","background-size":"auto","background-attachment":"scroll","background-type":"","background-media":"","overlay-type":"","overlay-color":"","overlay-opacity":"","overlay-gradient":""},"mobile":{"background-color":"var(--ast-global-color-5)","background-image":"","background-repeat":"repeat","background-position":"center center","background-size":"auto","background-attachment":"scroll","background-type":"","background-media":"","overlay-type":"","overlay-color":"","overlay-opacity":"","overlay-gradient":""}}},"product_brand":[206],"product_cat":[162],"product_tag":[],"class_list":{"0":"post-3593","1":"product","2":"type-product","3":"status-publish","4":"has-post-thumbnail","6":"product_brand-guerlain","7":"product_cat-aromaty-duhi","8":"desktop-align-left","9":"tablet-align-left","10":"mobile-align-left","12":"first","13":"instock","14":"sale","15":"taxable","16":"shipping-taxable","17":"purchasable","18":"product-type-variable"},"_links":{"self":[{"href":"https:\/\/by-aigul.de\/de\/wp-json\/wp\/v2\/product\/3593","targetHints":{"allow":["GET"]}}],"collection":[{"href":"https:\/\/by-aigul.de\/de\/wp-json\/wp\/v2\/product"}],"about":[{"href":"https:\/\/by-aigul.de\/de\/wp-json\/wp\/v2\/types\/product"}],"replies":[{"embeddable":true,"href":"https:\/\/by-aigul.de\/de\/wp-json\/wp\/v2\/comments?post=3593"}],"wp:featuredmedia":[{"embeddable":true,"href":"https:\/\/by-aigul.de\/de\/wp-json\/wp\/v2\/media\/3598"}],"wp:attachment":[{"href":"https:\/\/by-aigul.de\/de\/wp-json\/wp\/v2\/media?parent=3593"}],"wp:term":[{"taxonomy":"product_brand","embeddable":true,"href":"https:\/\/by-aigul.de\/de\/wp-json\/wp\/v2\/product_brand?post=3593"},{"taxonomy":"product_cat","embeddable":true,"href":"https:\/\/by-aigul.de\/de\/wp-json\/wp\/v2\/product_cat?post=3593"},{"taxonomy":"product_tag","embeddable":true,"href":"https:\/\/by-aigul.de\/de\/wp-json\/wp\/v2\/product_tag?post=3593"}],"curies":[{"name":"wp","href":"https:\/\/api.w.org\/{rel}","templated":true}]}}