{"id":3381,"date":"2026-01-15T22:31:40","date_gmt":"2026-01-15T22:31:40","guid":{"rendered":"https:\/\/by-aigul.de\/?post_type=product&#038;p=3381"},"modified":"2026-03-29T17:57:47","modified_gmt":"2026-03-29T17:57:47","slug":"dior-rouge-dior-auf-der-buhne","status":"publish","type":"product","link":"https:\/\/by-aigul.de\/de\/produkt\/dior-rouge-dior-auf-der-buhne\/","title":{"rendered":"Dior Rouge Dior auf der B\u00fchne"},"content":{"rendered":"<div class=\"text-base my-auto mx-auto pb-10 [--thread-content-margin:--spacing(4)] @w-sm\/main:[--thread-content-margin:--spacing(6)] @w-lg\/main:[--thread-content-margin:--spacing(16)] px-(--thread-content-margin)\">\n<div class=\"[--thread-content-max-width:40rem] @w-lg\/main:[--thread-content-max-width:48rem] mx-auto max-w-(--thread-content-max-width) flex-1 group\/turn-messages focus-visible:outline-hidden relative flex w-full min-w-0 flex-col agent-turn\" tabindex=\"-1\">\n<div class=\"flex max-w-full flex-col grow\">\n<div class=\"min-h-8 text-message relative flex w-full flex-col items-end gap-2 text-start break-words whitespace-normal [.text-message+&amp;]:mt-1\" dir=\"auto\" data-message-author-role=\"assistant\" data-message-id=\"cd7a9f49-cd33-4146-b7b3-acf5883986cf\" data-message-model-slug=\"gpt-5-2\">\n<div class=\"flex w-full flex-col gap-1 empty:hidden first:pt-[1px]\">\n<div class=\"markdown prose dark:prose-invert w-full break-words light markdown-new-styling\">\n<p data-start=\"0\" data-end=\"126\"><strong data-start=\"0\" data-end=\"28\">Dior Rouge Dior auf der B\u00fchne<\/strong> \u2014 ein ultra-lang anhaltender Lippenstift mit strahlendem Effekt, kreiert f\u00fcr die B\u00fchne, nicht zum Nachschminken vor dem Spiegel.<\/p>\n<p data-start=\"128\" data-end=\"406\">Leichte, aber dennoch reichhaltige Formel von <strong data-start=\"161\" data-end=\"202\"><span class=\"hover:entity-accent entity-underline inline cursor-pointer align-baseline\"><span class=\"whitespace-normal\">Dior<\/span><\/span><\/strong> Verleiht den Lippen eine strahlende Farbe und einen zarten Glanz, der frisch und luxuri\u00f6s wirkt. Der Lippenstift l\u00e4sst sich angenehm auftragen, beschwert nicht und h\u00e4lt \u2013 selbst an einem anstrengenden Tag.<\/p>\n<p data-start=\"408\" data-end=\"617\">On Stage steht f\u00fcr Selbstbewusstsein und Freiheit. Es geht um Momente, in denen du sprichst, l\u00e4chelst und lebst \u2013 und nicht an Make-up denkst. Das strahlende Finish betont die Lippen und verleiht ihnen eine lebendige Note, ohne zu kleben oder aufdringlich zu wirken.<\/p>\n<\/div>\n<\/div>\n<\/div>\n<\/div>\n<\/div>\n<\/div>","protected":false},"excerpt":{"rendered":"<p>Produktart: Lippenstift<br data-start=\"420\" data-end=\"423\" \/>Oberfl\u00e4chen: Gl\u00e4nzend\/lackiert (Glanz)<br data-start=\"456\" data-end=\"459\" \/>Farbpalette: Satte Farbt\u00f6ne (Nude, Rosa, Rot, Beere \u2013 je nach Farbton)<br data-start=\"557\" data-end=\"560\" \/>Charakter: Theatralisch, ausdrucksstark, modisch<br data-start=\"604\" data-end=\"607\" \/>Pigmentierung: Hoch<br data-start=\"627\" data-end=\"630\" \/>Haltbarkeit: Sehr hoch (extrem haltbar)<br data-start=\"670\" data-end=\"673\" \/>Zweck:<br data-start=\"684\" data-end=\"687\" \/>\u2013 intensive Farbe mit strahlendem Effekt<br data-start=\"723\" data-end=\"726\" \/>\u2013 langanhaltendes Lippen-Make-up ohne h\u00e4ufiges Nachschminken<br data-start=\"769\" data-end=\"772\" \/>\u2013 Abend-, B\u00fchnen- und Mode-Make-up<br data-start=\"812\" data-end=\"815\" \/>Saison: Ganzj\u00e4hrig<br data-start=\"838\" data-end=\"841\" \/>Format: Stick<br data-start=\"853\" data-end=\"856\" data-is-only-node=\"\" \/>Status: Luxus-\/Designer-Dekorativkosmetik<\/p>","protected":false},"featured_media":3386,"comment_status":"open","ping_status":"closed","template":"","meta":{"site-sidebar-layout":"default","site-content-layout":"","ast-site-content-layout":"default","site-content-style":"default","site-sidebar-style":"default","ast-global-header-display":"","ast-banner-title-visibility":"","ast-main-header-display":"","ast-hfb-above-header-display":"","ast-hfb-below-header-display":"","ast-hfb-mobile-header-display":"","site-post-title":"","ast-breadcrumbs-content":"","ast-featured-img":"","footer-sml-layout":"","theme-transparent-header-meta":"default","adv-header-id-meta":"","stick-header-meta":"","header-above-stick-meta":"","header-main-stick-meta":"","header-below-stick-meta":"","astra-migrate-meta-layouts":"set","ast-page-background-enabled":"default","ast-page-background-meta":{"desktop":{"background-color":"var(--ast-global-color-4)","background-image":"","background-repeat":"repeat","background-position":"center center","background-size":"auto","background-attachment":"scroll","background-type":"","background-media":"","overlay-type":"","overlay-color":"","overlay-opacity":"","overlay-gradient":""},"tablet":{"background-color":"","background-image":"","background-repeat":"repeat","background-position":"center center","background-size":"auto","background-attachment":"scroll","background-type":"","background-media":"","overlay-type":"","overlay-color":"","overlay-opacity":"","overlay-gradient":""},"mobile":{"background-color":"","background-image":"","background-repeat":"repeat","background-position":"center center","background-size":"auto","background-attachment":"scroll","background-type":"","background-media":"","overlay-type":"","overlay-color":"","overlay-opacity":"","overlay-gradient":""}},"ast-content-background-meta":{"desktop":{"background-color":"var(--ast-global-color-5)","background-image":"","background-repeat":"repeat","background-position":"center center","background-size":"auto","background-attachment":"scroll","background-type":"","background-media":"","overlay-type":"","overlay-color":"","overlay-opacity":"","overlay-gradient":""},"tablet":{"background-color":"var(--ast-global-color-5)","background-image":"","background-repeat":"repeat","background-position":"center center","background-size":"auto","background-attachment":"scroll","background-type":"","background-media":"","overlay-type":"","overlay-color":"","overlay-opacity":"","overlay-gradient":""},"mobile":{"background-color":"var(--ast-global-color-5)","background-image":"","background-repeat":"repeat","background-position":"center center","background-size":"auto","background-attachment":"scroll","background-type":"","background-media":"","overlay-type":"","overlay-color":"","overlay-opacity":"","overlay-gradient":""}}},"product_brand":[200],"product_cat":[145],"product_tag":[],"class_list":{"0":"post-3381","1":"product","2":"type-product","3":"status-publish","4":"has-post-thumbnail","6":"product_brand-dior","7":"product_cat-kosmetyka","8":"desktop-align-left","9":"tablet-align-left","10":"mobile-align-left","12":"first","13":"instock","14":"sale","15":"taxable","16":"shipping-taxable","17":"purchasable","18":"product-type-variable"},"_links":{"self":[{"href":"https:\/\/by-aigul.de\/de\/wp-json\/wp\/v2\/product\/3381","targetHints":{"allow":["GET"]}}],"collection":[{"href":"https:\/\/by-aigul.de\/de\/wp-json\/wp\/v2\/product"}],"about":[{"href":"https:\/\/by-aigul.de\/de\/wp-json\/wp\/v2\/types\/product"}],"replies":[{"embeddable":true,"href":"https:\/\/by-aigul.de\/de\/wp-json\/wp\/v2\/comments?post=3381"}],"wp:featuredmedia":[{"embeddable":true,"href":"https:\/\/by-aigul.de\/de\/wp-json\/wp\/v2\/media\/3386"}],"wp:attachment":[{"href":"https:\/\/by-aigul.de\/de\/wp-json\/wp\/v2\/media?parent=3381"}],"wp:term":[{"taxonomy":"product_brand","embeddable":true,"href":"https:\/\/by-aigul.de\/de\/wp-json\/wp\/v2\/product_brand?post=3381"},{"taxonomy":"product_cat","embeddable":true,"href":"https:\/\/by-aigul.de\/de\/wp-json\/wp\/v2\/product_cat?post=3381"},{"taxonomy":"product_tag","embeddable":true,"href":"https:\/\/by-aigul.de\/de\/wp-json\/wp\/v2\/product_tag?post=3381"}],"curies":[{"name":"wp","href":"https:\/\/api.w.org\/{rel}","templated":true}]}}