{"id":2870,"date":"2026-01-09T19:32:34","date_gmt":"2026-01-09T19:32:34","guid":{"rendered":"https:\/\/by-aigul.de\/?post_type=product&#038;p=2870"},"modified":"2026-03-29T15:37:03","modified_gmt":"2026-03-29T15:37:03","slug":"yves-saint-laurent-ysl-couture-mini-clutch-lidschattenpalette","status":"publish","type":"product","link":"https:\/\/by-aigul.de\/de\/produkt\/yves-saint-laurent-ysl-couture-mini-clutch-lidschattenpalette\/","title":{"rendered":"Yves Saint Laurent (YSL) Couture Mini Clutch Lidschattenpalette"},"content":{"rendered":"<p><strong>Yves Saint Laurent Couture Mini Clutch Lidschattenpalette<\/strong> Eine kompakte Haute-Couture-Lidschattenpalette, die Make-up und Mode vereint. Die Couture Mini Clutch ist ein kleines Accessoire mit gro\u00dfer Wirkung. Die Palette bietet perfekt aufeinander abgestimmte Farbt\u00f6ne \u2013 von zart und subtil bis hin zu intensiv und ausdrucksstark. Die Lidschatten lassen sich leicht auftragen, wunderbar verblenden und erm\u00f6glichen sowohl ein nat\u00fcrliches Tages-Make-up als auch einen ausdrucksstarken Abend-Look. Die hochpigmentierte und angenehme Formel sorgt f\u00fcr ein ebenm\u00e4\u00dfiges, luxuri\u00f6ses und langanhaltendes Farbergebnis. Die Farbt\u00f6ne verschmelzen harmonisch und kreieren einen stimmigen, stilvollen und trendigen Augen-Make-up-Look. Das Design der Mini Clutch ist ein Genuss f\u00fcr sich: elegant, modisch und typisch YSL. Sie werden diese Palette genauso gerne aus Ihrer Tasche holen wie Ihr Lieblingsaccessoire.<\/p>","protected":false},"excerpt":{"rendered":"<p>Produktart: Lidschattenpalette<br data-start=\"497\" data-end=\"500\" \/>Oberfl\u00e4chen: Matt \/ Satin \/ Metallic \/ Schimmer <em data-start=\"552\" data-end=\"580\">(je nach Farbton)<\/em><br data-start=\"580\" data-end=\"583\" \/>Farbpalette: Nude, Rosa, Braun, Akzentfarben <em data-start=\"651\" data-end=\"680\">(abh\u00e4ngig von der Palettennummer)<\/em><br data-start=\"680\" data-end=\"683\" \/>Charakter: Luxuri\u00f6s, couture, elegant, professionell<br data-start=\"745\" data-end=\"748\" \/>Pigmentierung: Sehr hoch<br data-start=\"778\" data-end=\"781\" \/>Haltbarkeit: Hoch<br data-start=\"803\" data-end=\"806\" \/>Zweck: Tages-\/Abend-\/Festtags-Make-up<br data-start=\"861\" data-end=\"864\" \/>Saison: Ganzj\u00e4hrig<br data-start=\"891\" data-end=\"894\" \/>Format: Kompaktpalette<br data-start=\"924\" data-end=\"927\" \/>Status: Luxus-\/Designer-Dekorativkosmetik<\/p>","protected":false},"featured_media":4539,"comment_status":"open","ping_status":"closed","template":"","meta":{"site-sidebar-layout":"default","site-content-layout":"","ast-site-content-layout":"default","site-content-style":"default","site-sidebar-style":"default","ast-global-header-display":"","ast-banner-title-visibility":"","ast-main-header-display":"","ast-hfb-above-header-display":"","ast-hfb-below-header-display":"","ast-hfb-mobile-header-display":"","site-post-title":"","ast-breadcrumbs-content":"","ast-featured-img":"","footer-sml-layout":"","theme-transparent-header-meta":"default","adv-header-id-meta":"","stick-header-meta":"","header-above-stick-meta":"","header-main-stick-meta":"","header-below-stick-meta":"","astra-migrate-meta-layouts":"set","ast-page-background-enabled":"default","ast-page-background-meta":{"desktop":{"background-color":"var(--ast-global-color-4)","background-image":"","background-repeat":"repeat","background-position":"center center","background-size":"auto","background-attachment":"scroll","background-type":"","background-media":"","overlay-type":"","overlay-color":"","overlay-opacity":"","overlay-gradient":""},"tablet":{"background-color":"","background-image":"","background-repeat":"repeat","background-position":"center center","background-size":"auto","background-attachment":"scroll","background-type":"","background-media":"","overlay-type":"","overlay-color":"","overlay-opacity":"","overlay-gradient":""},"mobile":{"background-color":"","background-image":"","background-repeat":"repeat","background-position":"center center","background-size":"auto","background-attachment":"scroll","background-type":"","background-media":"","overlay-type":"","overlay-color":"","overlay-opacity":"","overlay-gradient":""}},"ast-content-background-meta":{"desktop":{"background-color":"var(--ast-global-color-5)","background-image":"","background-repeat":"repeat","background-position":"center center","background-size":"auto","background-attachment":"scroll","background-type":"","background-media":"","overlay-type":"","overlay-color":"","overlay-opacity":"","overlay-gradient":""},"tablet":{"background-color":"var(--ast-global-color-5)","background-image":"","background-repeat":"repeat","background-position":"center center","background-size":"auto","background-attachment":"scroll","background-type":"","background-media":"","overlay-type":"","overlay-color":"","overlay-opacity":"","overlay-gradient":""},"mobile":{"background-color":"var(--ast-global-color-5)","background-image":"","background-repeat":"repeat","background-position":"center center","background-size":"auto","background-attachment":"scroll","background-type":"","background-media":"","overlay-type":"","overlay-color":"","overlay-opacity":"","overlay-gradient":""}}},"product_brand":[199],"product_cat":[145],"product_tag":[],"class_list":{"0":"post-2870","1":"product","2":"type-product","3":"status-publish","4":"has-post-thumbnail","6":"product_brand-yves-saint-laurent","7":"product_cat-kosmetyka","8":"desktop-align-left","9":"tablet-align-left","10":"mobile-align-left","12":"first","13":"instock","14":"sale","15":"taxable","16":"shipping-taxable","17":"purchasable","18":"product-type-variable"},"_links":{"self":[{"href":"https:\/\/by-aigul.de\/de\/wp-json\/wp\/v2\/product\/2870","targetHints":{"allow":["GET"]}}],"collection":[{"href":"https:\/\/by-aigul.de\/de\/wp-json\/wp\/v2\/product"}],"about":[{"href":"https:\/\/by-aigul.de\/de\/wp-json\/wp\/v2\/types\/product"}],"replies":[{"embeddable":true,"href":"https:\/\/by-aigul.de\/de\/wp-json\/wp\/v2\/comments?post=2870"}],"wp:featuredmedia":[{"embeddable":true,"href":"https:\/\/by-aigul.de\/de\/wp-json\/wp\/v2\/media\/4539"}],"wp:attachment":[{"href":"https:\/\/by-aigul.de\/de\/wp-json\/wp\/v2\/media?parent=2870"}],"wp:term":[{"taxonomy":"product_brand","embeddable":true,"href":"https:\/\/by-aigul.de\/de\/wp-json\/wp\/v2\/product_brand?post=2870"},{"taxonomy":"product_cat","embeddable":true,"href":"https:\/\/by-aigul.de\/de\/wp-json\/wp\/v2\/product_cat?post=2870"},{"taxonomy":"product_tag","embeddable":true,"href":"https:\/\/by-aigul.de\/de\/wp-json\/wp\/v2\/product_tag?post=2870"}],"curies":[{"name":"wp","href":"https:\/\/api.w.org\/{rel}","templated":true}]}}