{"id":2839,"date":"2026-01-09T17:08:28","date_gmt":"2026-01-09T17:08:28","guid":{"rendered":"https:\/\/by-aigul.de\/?post_type=product&#038;p=2839"},"modified":"2026-03-21T14:10:32","modified_gmt":"2026-03-21T14:10:32","slug":"monsieur-de-givenchy","status":"publish","type":"product","link":"https:\/\/by-aigul.de\/de\/produkt\/monsieur-de-givenchy\/","title":{"rendered":"Monsieur de Givenchy"},"content":{"rendered":"<p><strong>Monsieur de Givenchy<\/strong> Ein eleganter, intelligenter und wahrhaft aristokratischer Duft von zeitloser Eleganz. Monsieur de Givenchy verk\u00f6rpert klassische M\u00e4nnlichkeit und tadellose Manieren. Der Duft er\u00f6ffnet frisch und formell mit klaren, zitrischen und aromatischen Akkorden, die gepflegte Eleganz, unaufdringliches Selbstvertrauen und innere W\u00fcrde ausstrahlen. Unkompliziert und harmonisch. Die Herznote offenbart edle Kr\u00e4uter- und Holznoten, die dem Duft Tiefe und Charakter verleihen. Er ist intelligent, trocken und durch und durch franz\u00f6sisch \u2013 der Duft eines Mannes, der leise spricht und doch stets Geh\u00f6r findet. Die Basisnote ist warm, subtil und langanhaltend, mit einer klassischen holzig-moschusartigen Spur, die sich elegant und luxuri\u00f6s auf der Haut entfaltet. Dieser Duft steht nicht f\u00fcr Trends, sondern f\u00fcr Stil.<\/p>","protected":false},"excerpt":{"rendered":"<p>Duftfamilie: Holzig-w\u00fcrzig, orientalisch<br data-start=\"505\" data-end=\"508\" \/>Charakter: Elegant, klassisch, prestigetr\u00e4chtig, edel<br data-start=\"570\" data-end=\"573\" \/>Haltbarkeit: Hoch<br data-start=\"595\" data-end=\"598\" \/>Duftwirkung: M\u00e4\u00dfig ausgepr\u00e4gt<br data-start=\"628\" data-end=\"631\" \/>Jahreszeit: Herbst \/ Winter \/ K\u00fchle Fr\u00fchlings<br data-start=\"678\" data-end=\"681\" \/>Tageszeit: Tag \/ Abend<br data-start=\"710\" data-end=\"713\" \/>Format: Spray<br data-start=\"730\" data-end=\"733\" \/>Status: Luxus-\/Designerparfums<\/p>","protected":false},"featured_media":2841,"comment_status":"open","ping_status":"closed","template":"","meta":{"site-sidebar-layout":"default","site-content-layout":"","ast-site-content-layout":"default","site-content-style":"default","site-sidebar-style":"default","ast-global-header-display":"","ast-banner-title-visibility":"","ast-main-header-display":"","ast-hfb-above-header-display":"","ast-hfb-below-header-display":"","ast-hfb-mobile-header-display":"","site-post-title":"","ast-breadcrumbs-content":"","ast-featured-img":"","footer-sml-layout":"","ast-disable-related-posts":"","theme-transparent-header-meta":"default","adv-header-id-meta":"","stick-header-meta":"","header-above-stick-meta":"","header-main-stick-meta":"","header-below-stick-meta":"","astra-migrate-meta-layouts":"set","ast-page-background-enabled":"default","ast-page-background-meta":{"desktop":{"background-color":"var(--ast-global-color-4)","background-image":"","background-repeat":"repeat","background-position":"center center","background-size":"auto","background-attachment":"scroll","background-type":"","background-media":"","overlay-type":"","overlay-color":"","overlay-opacity":"","overlay-gradient":""},"tablet":{"background-color":"","background-image":"","background-repeat":"repeat","background-position":"center center","background-size":"auto","background-attachment":"scroll","background-type":"","background-media":"","overlay-type":"","overlay-color":"","overlay-opacity":"","overlay-gradient":""},"mobile":{"background-color":"","background-image":"","background-repeat":"repeat","background-position":"center center","background-size":"auto","background-attachment":"scroll","background-type":"","background-media":"","overlay-type":"","overlay-color":"","overlay-opacity":"","overlay-gradient":""}},"ast-content-background-meta":{"desktop":{"background-color":"var(--ast-global-color-5)","background-image":"","background-repeat":"repeat","background-position":"center center","background-size":"auto","background-attachment":"scroll","background-type":"","background-media":"","overlay-type":"","overlay-color":"","overlay-opacity":"","overlay-gradient":""},"tablet":{"background-color":"var(--ast-global-color-5)","background-image":"","background-repeat":"repeat","background-position":"center center","background-size":"auto","background-attachment":"scroll","background-type":"","background-media":"","overlay-type":"","overlay-color":"","overlay-opacity":"","overlay-gradient":""},"mobile":{"background-color":"var(--ast-global-color-5)","background-image":"","background-repeat":"repeat","background-position":"center center","background-size":"auto","background-attachment":"scroll","background-type":"","background-media":"","overlay-type":"","overlay-color":"","overlay-opacity":"","overlay-gradient":""}}},"product_brand":[193],"product_cat":[162],"product_tag":[],"class_list":{"0":"post-2839","1":"product","2":"type-product","3":"status-publish","4":"has-post-thumbnail","6":"product_brand-givenchy","7":"product_cat-aromaty-duhi","8":"desktop-align-left","9":"tablet-align-left","10":"mobile-align-left","12":"first","13":"outofstock","14":"sale","15":"taxable","16":"shipping-taxable","17":"purchasable","18":"product-type-variable"},"_links":{"self":[{"href":"https:\/\/by-aigul.de\/de\/wp-json\/wp\/v2\/product\/2839","targetHints":{"allow":["GET"]}}],"collection":[{"href":"https:\/\/by-aigul.de\/de\/wp-json\/wp\/v2\/product"}],"about":[{"href":"https:\/\/by-aigul.de\/de\/wp-json\/wp\/v2\/types\/product"}],"replies":[{"embeddable":true,"href":"https:\/\/by-aigul.de\/de\/wp-json\/wp\/v2\/comments?post=2839"}],"wp:featuredmedia":[{"embeddable":true,"href":"https:\/\/by-aigul.de\/de\/wp-json\/wp\/v2\/media\/2841"}],"wp:attachment":[{"href":"https:\/\/by-aigul.de\/de\/wp-json\/wp\/v2\/media?parent=2839"}],"wp:term":[{"taxonomy":"product_brand","embeddable":true,"href":"https:\/\/by-aigul.de\/de\/wp-json\/wp\/v2\/product_brand?post=2839"},{"taxonomy":"product_cat","embeddable":true,"href":"https:\/\/by-aigul.de\/de\/wp-json\/wp\/v2\/product_cat?post=2839"},{"taxonomy":"product_tag","embeddable":true,"href":"https:\/\/by-aigul.de\/de\/wp-json\/wp\/v2\/product_tag?post=2839"}],"curies":[{"name":"wp","href":"https:\/\/api.w.org\/{rel}","templated":true}]}}