{"id":2709,"date":"2026-01-08T23:06:38","date_gmt":"2026-01-08T23:06:38","guid":{"rendered":"https:\/\/by-aigul.de\/?post_type=product&#038;p=2709"},"modified":"2026-03-21T12:59:24","modified_gmt":"2026-03-21T12:59:24","slug":"clive-christian-no-1-feminine-vii-queen-anne-eau-de-parfum","status":"publish","type":"product","link":"https:\/\/by-aigul.de\/de\/produkt\/clive-christian-no-1-feminine-vii-queen-anne-eau-de-parfum\/","title":{"rendered":"Clive Christian No.1 Feminine VII Queen Anne Eau de Parfum"},"content":{"rendered":"<p><strong>Clive Christian No.1 Feminine VII Queen Anne Eau de Parfum<\/strong> Eine k\u00f6nigliche, raffinierte und wahrhaft luxuri\u00f6se Interpretation von Weiblichkeit in ihrer sch\u00f6nsten Form. Queen Anne ist ein Duft von Status, Adel und makellosem Geschmack. Er entfaltet sich sanft und exquisit wie feinster Stoff auf der Haut: Reichhaltige florale und pudrige Akkorde erzeugen ein Gef\u00fchl von Eleganz, stiller St\u00e4rke und angeborener Aristokratie. Obwohl nicht aufdringlich, ist der Duft sehr ausdrucksstark \u2013 er macht sofort deutlich, dass Sie etwas Besonderes besitzen. Das Herz der Komposition offenbart einen luxuri\u00f6sen, tiefen und samtigen Blumenstrau\u00df, akzentuiert durch warme und leicht s\u00fc\u00dfe Nuancen. Der Duft umh\u00fcllt Sie und erzeugt ein Gef\u00fchl von Selbstbewusstsein, reifer Weiblichkeit und stiller Kraft \u2013 ohne jegliche Prahlerei. Die Basis ist warm, reichhaltig und unglaublich langanhaltend: Amber-Holz- und sanfte Moschusnoten kreieren eine lange, luxuri\u00f6se Duftspur, die in Erinnerung bleibt. Dies ist kein Duft f\u00fcr jeden Tag \u2013 er ist ein Duft f\u00fcr besondere Anl\u00e4sse, Abende und Momente, in denen Sie Ihre Einzigartigkeit unterstreichen m\u00f6chten.<\/p>","protected":false},"excerpt":{"rendered":"<p>Duftfamilie: Orientalisch-blumig<br data-start=\"526\" data-end=\"529\" \/>Charakter: K\u00f6niglich, raffiniert, warmherzig, luxuri\u00f6s<br data-start=\"585\" data-end=\"588\" \/>Haltbarkeit: Sehr hoch<br data-start=\"616\" data-end=\"619\" \/>Sillage: Ausgesprochen<br data-start=\"640\" data-end=\"643\" \/>Jahreszeit: Herbst \/ Winter \/ K\u00fchle Fr\u00fchlings<br data-start=\"690\" data-end=\"693\" \/>Tageszeit: Abend \/ besondere Anl\u00e4sse<br data-start=\"731\" data-end=\"734\" \/>Format: Spray<br data-start=\"751\" data-end=\"754\" \/>Status: Ultra-Luxus-\/Nischenparf\u00fcmerie<\/p>","protected":false},"featured_media":4625,"comment_status":"open","ping_status":"closed","template":"","meta":{"site-sidebar-layout":"default","site-content-layout":"","ast-site-content-layout":"default","site-content-style":"default","site-sidebar-style":"default","ast-global-header-display":"","ast-banner-title-visibility":"","ast-main-header-display":"","ast-hfb-above-header-display":"","ast-hfb-below-header-display":"","ast-hfb-mobile-header-display":"","site-post-title":"","ast-breadcrumbs-content":"","ast-featured-img":"","footer-sml-layout":"","ast-disable-related-posts":"","theme-transparent-header-meta":"default","adv-header-id-meta":"","stick-header-meta":"","header-above-stick-meta":"","header-main-stick-meta":"","header-below-stick-meta":"","astra-migrate-meta-layouts":"set","ast-page-background-enabled":"default","ast-page-background-meta":{"desktop":{"background-color":"var(--ast-global-color-4)","background-image":"","background-repeat":"repeat","background-position":"center center","background-size":"auto","background-attachment":"scroll","background-type":"","background-media":"","overlay-type":"","overlay-color":"","overlay-opacity":"","overlay-gradient":""},"tablet":{"background-color":"","background-image":"","background-repeat":"repeat","background-position":"center center","background-size":"auto","background-attachment":"scroll","background-type":"","background-media":"","overlay-type":"","overlay-color":"","overlay-opacity":"","overlay-gradient":""},"mobile":{"background-color":"","background-image":"","background-repeat":"repeat","background-position":"center center","background-size":"auto","background-attachment":"scroll","background-type":"","background-media":"","overlay-type":"","overlay-color":"","overlay-opacity":"","overlay-gradient":""}},"ast-content-background-meta":{"desktop":{"background-color":"var(--ast-global-color-5)","background-image":"","background-repeat":"repeat","background-position":"center center","background-size":"auto","background-attachment":"scroll","background-type":"","background-media":"","overlay-type":"","overlay-color":"","overlay-opacity":"","overlay-gradient":""},"tablet":{"background-color":"var(--ast-global-color-5)","background-image":"","background-repeat":"repeat","background-position":"center center","background-size":"auto","background-attachment":"scroll","background-type":"","background-media":"","overlay-type":"","overlay-color":"","overlay-opacity":"","overlay-gradient":""},"mobile":{"background-color":"var(--ast-global-color-5)","background-image":"","background-repeat":"repeat","background-position":"center center","background-size":"auto","background-attachment":"scroll","background-type":"","background-media":"","overlay-type":"","overlay-color":"","overlay-opacity":"","overlay-gradient":""}}},"product_brand":[190],"product_cat":[162],"product_tag":[],"class_list":{"0":"post-2709","1":"product","2":"type-product","3":"status-publish","4":"has-post-thumbnail","6":"product_brand-clive-christian","7":"product_cat-aromaty-duhi","8":"desktop-align-left","9":"tablet-align-left","10":"mobile-align-left","12":"first","13":"outofstock","14":"sale","15":"taxable","16":"shipping-taxable","17":"purchasable","18":"product-type-variable"},"_links":{"self":[{"href":"https:\/\/by-aigul.de\/de\/wp-json\/wp\/v2\/product\/2709","targetHints":{"allow":["GET"]}}],"collection":[{"href":"https:\/\/by-aigul.de\/de\/wp-json\/wp\/v2\/product"}],"about":[{"href":"https:\/\/by-aigul.de\/de\/wp-json\/wp\/v2\/types\/product"}],"replies":[{"embeddable":true,"href":"https:\/\/by-aigul.de\/de\/wp-json\/wp\/v2\/comments?post=2709"}],"wp:featuredmedia":[{"embeddable":true,"href":"https:\/\/by-aigul.de\/de\/wp-json\/wp\/v2\/media\/4625"}],"wp:attachment":[{"href":"https:\/\/by-aigul.de\/de\/wp-json\/wp\/v2\/media?parent=2709"}],"wp:term":[{"taxonomy":"product_brand","embeddable":true,"href":"https:\/\/by-aigul.de\/de\/wp-json\/wp\/v2\/product_brand?post=2709"},{"taxonomy":"product_cat","embeddable":true,"href":"https:\/\/by-aigul.de\/de\/wp-json\/wp\/v2\/product_cat?post=2709"},{"taxonomy":"product_tag","embeddable":true,"href":"https:\/\/by-aigul.de\/de\/wp-json\/wp\/v2\/product_tag?post=2709"}],"curies":[{"name":"wp","href":"https:\/\/api.w.org\/{rel}","templated":true}]}}