{"id":2515,"date":"2026-01-07T22:08:26","date_gmt":"2026-01-07T22:08:26","guid":{"rendered":"https:\/\/by-aigul.de\/?post_type=product&#038;p=2515"},"modified":"2026-03-21T12:39:57","modified_gmt":"2026-03-21T12:39:57","slug":"inle-eau-de-parfum","status":"publish","type":"product","link":"https:\/\/by-aigul.de\/de\/produkt\/inle-eau-de-parfum\/","title":{"rendered":"Inl\u00e9 Eau de Parfum"},"content":{"rendered":"<p>Inl\u00e9 Eau de Parfum von Memo Paris ist ein transparenter, poetischer und subtil sinnlicher Duft der Ruhe und inneren Harmonie. Inspiriert vom legend\u00e4ren Inle-See in Myanmar \u2013 einem Ort der Stille, des Wassers und meditativer Sch\u00f6nheit \u2013 er\u00f6ffnet der Duft mit frischen, reinen Noten von gr\u00fcnem Tee und erzeugt ein Gef\u00fchl von Leichtigkeit, Klarheit und spiritueller Ausgeglichenheit. Er ist sanft, luftig und von vollkommener Eleganz \u2013 wie ein Hauch im Morgengrauen. Zarter Jasmin entfaltet sich im Herzen der Komposition und verleiht dem Duft Weiblichkeit und subtile Sinnlichkeit. Er ist weder aufdringlich noch opulent, sondern transparent und leuchtend, perfekt ausbalanciert durch frische und gr\u00fcne Akzente. Der Duft umspielt die Haut und wirkt beruhigend, nicht \u00fcberw\u00e4ltigend. Die Basis ist rein und langanhaltend, mit einer sanften Moschusnote, die sich wie eine zweite Haut anf\u00fchlt. Inl\u00e9 ist ideal f\u00fcr den Tag, Fr\u00fchling und Sommer und f\u00fcr jene Momente, in denen Sie sich nach Stille, Sch\u00f6nheit und innerer Harmonie sehnen.<\/p>","protected":false},"excerpt":{"rendered":"<p>Duftfamilie: Blumig-teeartig, moschusartig<br data-start=\"498\" data-end=\"501\" \/>Charakter: Rein, sanft, kultiviert, ruhig<br data-start=\"552\" data-end=\"555\" \/>Haltbarkeit: Durchschnittlich<br data-start=\"577\" data-end=\"580\" \/>Trail: Sanft, intim<br data-start=\"607\" data-end=\"610\" \/>Jahreszeit: Fr\u00fchling \/ Sommer \/ Warmer Herbst<br data-start=\"653\" data-end=\"656\" \/>Tageszeit: Tag<br data-start=\"677\" data-end=\"680\" \/>Format: Spray<br data-start=\"697\" data-end=\"700\" \/>Status: Nischen-\/Luxusparf\u00fcmerie<\/p>","protected":false},"featured_media":4540,"comment_status":"open","ping_status":"closed","template":"","meta":{"site-sidebar-layout":"default","site-content-layout":"","ast-site-content-layout":"default","site-content-style":"default","site-sidebar-style":"default","ast-global-header-display":"","ast-banner-title-visibility":"","ast-main-header-display":"","ast-hfb-above-header-display":"","ast-hfb-below-header-display":"","ast-hfb-mobile-header-display":"","site-post-title":"","ast-breadcrumbs-content":"","ast-featured-img":"","footer-sml-layout":"","theme-transparent-header-meta":"default","adv-header-id-meta":"","stick-header-meta":"","header-above-stick-meta":"","header-main-stick-meta":"","header-below-stick-meta":"","astra-migrate-meta-layouts":"set","ast-page-background-enabled":"default","ast-page-background-meta":{"desktop":{"background-color":"var(--ast-global-color-4)","background-image":"","background-repeat":"repeat","background-position":"center center","background-size":"auto","background-attachment":"scroll","background-type":"","background-media":"","overlay-type":"","overlay-color":"","overlay-opacity":"","overlay-gradient":""},"tablet":{"background-color":"","background-image":"","background-repeat":"repeat","background-position":"center center","background-size":"auto","background-attachment":"scroll","background-type":"","background-media":"","overlay-type":"","overlay-color":"","overlay-opacity":"","overlay-gradient":""},"mobile":{"background-color":"","background-image":"","background-repeat":"repeat","background-position":"center center","background-size":"auto","background-attachment":"scroll","background-type":"","background-media":"","overlay-type":"","overlay-color":"","overlay-opacity":"","overlay-gradient":""}},"ast-content-background-meta":{"desktop":{"background-color":"var(--ast-global-color-5)","background-image":"","background-repeat":"repeat","background-position":"center center","background-size":"auto","background-attachment":"scroll","background-type":"","background-media":"","overlay-type":"","overlay-color":"","overlay-opacity":"","overlay-gradient":""},"tablet":{"background-color":"var(--ast-global-color-5)","background-image":"","background-repeat":"repeat","background-position":"center center","background-size":"auto","background-attachment":"scroll","background-type":"","background-media":"","overlay-type":"","overlay-color":"","overlay-opacity":"","overlay-gradient":""},"mobile":{"background-color":"var(--ast-global-color-5)","background-image":"","background-repeat":"repeat","background-position":"center center","background-size":"auto","background-attachment":"scroll","background-type":"","background-media":"","overlay-type":"","overlay-color":"","overlay-opacity":"","overlay-gradient":""}}},"product_brand":[218],"product_cat":[162],"product_tag":[],"class_list":{"0":"post-2515","1":"product","2":"type-product","3":"status-publish","4":"has-post-thumbnail","6":"product_brand-memo-paris","7":"product_cat-aromaty-duhi","8":"desktop-align-left","9":"tablet-align-left","10":"mobile-align-left","12":"first","13":"instock","14":"taxable","15":"shipping-taxable","16":"purchasable","17":"product-type-variable"},"_links":{"self":[{"href":"https:\/\/by-aigul.de\/de\/wp-json\/wp\/v2\/product\/2515","targetHints":{"allow":["GET"]}}],"collection":[{"href":"https:\/\/by-aigul.de\/de\/wp-json\/wp\/v2\/product"}],"about":[{"href":"https:\/\/by-aigul.de\/de\/wp-json\/wp\/v2\/types\/product"}],"replies":[{"embeddable":true,"href":"https:\/\/by-aigul.de\/de\/wp-json\/wp\/v2\/comments?post=2515"}],"wp:featuredmedia":[{"embeddable":true,"href":"https:\/\/by-aigul.de\/de\/wp-json\/wp\/v2\/media\/4540"}],"wp:attachment":[{"href":"https:\/\/by-aigul.de\/de\/wp-json\/wp\/v2\/media?parent=2515"}],"wp:term":[{"taxonomy":"product_brand","embeddable":true,"href":"https:\/\/by-aigul.de\/de\/wp-json\/wp\/v2\/product_brand?post=2515"},{"taxonomy":"product_cat","embeddable":true,"href":"https:\/\/by-aigul.de\/de\/wp-json\/wp\/v2\/product_cat?post=2515"},{"taxonomy":"product_tag","embeddable":true,"href":"https:\/\/by-aigul.de\/de\/wp-json\/wp\/v2\/product_tag?post=2515"}],"curies":[{"name":"wp","href":"https:\/\/api.w.org\/{rel}","templated":true}]}}