{"id":2505,"date":"2026-01-07T21:56:34","date_gmt":"2026-01-07T21:56:34","guid":{"rendered":"https:\/\/by-aigul.de\/?post_type=product&#038;p=2505"},"modified":"2026-03-21T12:39:06","modified_gmt":"2026-03-21T12:39:06","slug":"russisches-leder-eau-de-parfum","status":"publish","type":"product","link":"https:\/\/by-aigul.de\/de\/produkt\/russisches-leder-eau-de-parfum\/","title":{"rendered":"Russian Leather Eau de Parfum"},"content":{"rendered":"<p>Russian Leather \u2013 Memo Paris Eau de Parfum ist ein k\u00fchler, aristokratischer und kraftvoller Duft nach Leder, Wald und Freiheit. Russian Leather ist mehr als nur Leder \u2013 es ist eine ganze Welt. Der Duft er\u00f6ffnet frisch und puristisch: Nadelholz- und gr\u00fcne Noten erzeugen ein Gef\u00fchl von k\u00fchler Luft, Kiefernwald und unendlicher Weite. Der Duft etabliert sofort seinen Charakter \u2013 zur\u00fcckhaltend, stark und von hohem Prestige. Leder steht im Zentrum der Komposition \u2013 trocken, edel, fast aristokratisch. Es ist nicht rau oder animalisch, sondern rein und elegant, wie eine teure Lederjacke an einem kalten Tag. Der Lederakkord verschmilzt mit Kr\u00e4uter- und Holznoten und verst\u00e4rkt das Gef\u00fchl von St\u00e4rke und Freiheit. Die Basis ist tiefgr\u00fcndig und langanhaltend, mit einer holzig-amberartigen Spur, die sich langsam entfaltet und lange nachklingt. Der Duft ist k\u00fchl, selbstbewusst und sehr exklusiv \u2013 ohne S\u00fc\u00dfe, ohne Kompromisse.<\/p>","protected":false},"excerpt":{"rendered":"<p>Duftfamilie: Leder, Foug\u00e8re-Holz<br data-start=\"505\" data-end=\"508\" \/>Charakter: K\u00fchl, streng, prestigetr\u00e4chtig, maskulin, elegant<br data-start=\"576\" data-end=\"579\" \/>Haltbarkeit: Hoch<br data-start=\"601\" data-end=\"604\" \/>Duftwirkung: M\u00e4\u00dfig ausgepr\u00e4gt<br data-start=\"634\" data-end=\"637\" \/>Jahreszeit: Herbst \/ Winter \/ K\u00fchle Fr\u00fchlings<br data-start=\"684\" data-end=\"687\" \/>Tageszeit: Tag \/ Abend<br data-start=\"716\" data-end=\"719\" \/>Format: Spray<br data-start=\"736\" data-end=\"739\" \/>Status: Nischen-\/Luxusparf\u00fcmerie<\/p>","protected":false},"featured_media":2507,"comment_status":"open","ping_status":"closed","template":"","meta":{"site-sidebar-layout":"default","site-content-layout":"","ast-site-content-layout":"default","site-content-style":"default","site-sidebar-style":"default","ast-global-header-display":"","ast-banner-title-visibility":"","ast-main-header-display":"","ast-hfb-above-header-display":"","ast-hfb-below-header-display":"","ast-hfb-mobile-header-display":"","site-post-title":"","ast-breadcrumbs-content":"","ast-featured-img":"","footer-sml-layout":"","theme-transparent-header-meta":"default","adv-header-id-meta":"","stick-header-meta":"","header-above-stick-meta":"","header-main-stick-meta":"","header-below-stick-meta":"","astra-migrate-meta-layouts":"set","ast-page-background-enabled":"default","ast-page-background-meta":{"desktop":{"background-color":"var(--ast-global-color-4)","background-image":"","background-repeat":"repeat","background-position":"center center","background-size":"auto","background-attachment":"scroll","background-type":"","background-media":"","overlay-type":"","overlay-color":"","overlay-opacity":"","overlay-gradient":""},"tablet":{"background-color":"","background-image":"","background-repeat":"repeat","background-position":"center center","background-size":"auto","background-attachment":"scroll","background-type":"","background-media":"","overlay-type":"","overlay-color":"","overlay-opacity":"","overlay-gradient":""},"mobile":{"background-color":"","background-image":"","background-repeat":"repeat","background-position":"center center","background-size":"auto","background-attachment":"scroll","background-type":"","background-media":"","overlay-type":"","overlay-color":"","overlay-opacity":"","overlay-gradient":""}},"ast-content-background-meta":{"desktop":{"background-color":"var(--ast-global-color-5)","background-image":"","background-repeat":"repeat","background-position":"center center","background-size":"auto","background-attachment":"scroll","background-type":"","background-media":"","overlay-type":"","overlay-color":"","overlay-opacity":"","overlay-gradient":""},"tablet":{"background-color":"var(--ast-global-color-5)","background-image":"","background-repeat":"repeat","background-position":"center center","background-size":"auto","background-attachment":"scroll","background-type":"","background-media":"","overlay-type":"","overlay-color":"","overlay-opacity":"","overlay-gradient":""},"mobile":{"background-color":"var(--ast-global-color-5)","background-image":"","background-repeat":"repeat","background-position":"center center","background-size":"auto","background-attachment":"scroll","background-type":"","background-media":"","overlay-type":"","overlay-color":"","overlay-opacity":"","overlay-gradient":""}}},"product_brand":[218],"product_cat":[162],"product_tag":[],"class_list":{"0":"post-2505","1":"product","2":"type-product","3":"status-publish","4":"has-post-thumbnail","6":"product_brand-memo-paris","7":"product_cat-aromaty-duhi","8":"desktop-align-left","9":"tablet-align-left","10":"mobile-align-left","12":"first","13":"instock","14":"taxable","15":"shipping-taxable","16":"purchasable","17":"product-type-variable"},"_links":{"self":[{"href":"https:\/\/by-aigul.de\/de\/wp-json\/wp\/v2\/product\/2505","targetHints":{"allow":["GET"]}}],"collection":[{"href":"https:\/\/by-aigul.de\/de\/wp-json\/wp\/v2\/product"}],"about":[{"href":"https:\/\/by-aigul.de\/de\/wp-json\/wp\/v2\/types\/product"}],"replies":[{"embeddable":true,"href":"https:\/\/by-aigul.de\/de\/wp-json\/wp\/v2\/comments?post=2505"}],"wp:featuredmedia":[{"embeddable":true,"href":"https:\/\/by-aigul.de\/de\/wp-json\/wp\/v2\/media\/2507"}],"wp:attachment":[{"href":"https:\/\/by-aigul.de\/de\/wp-json\/wp\/v2\/media?parent=2505"}],"wp:term":[{"taxonomy":"product_brand","embeddable":true,"href":"https:\/\/by-aigul.de\/de\/wp-json\/wp\/v2\/product_brand?post=2505"},{"taxonomy":"product_cat","embeddable":true,"href":"https:\/\/by-aigul.de\/de\/wp-json\/wp\/v2\/product_cat?post=2505"},{"taxonomy":"product_tag","embeddable":true,"href":"https:\/\/by-aigul.de\/de\/wp-json\/wp\/v2\/product_tag?post=2505"}],"curies":[{"name":"wp","href":"https:\/\/api.w.org\/{rel}","templated":true}]}}