{"id":2487,"date":"2026-01-11T14:57:03","date_gmt":"2026-01-11T14:57:03","guid":{"rendered":"https:\/\/by-aigul.de\/?post_type=product&#038;p=2487"},"modified":"2026-03-23T22:11:47","modified_gmt":"2026-03-23T22:11:47","slug":"montale-bubble-forever-eau-de-parfum","status":"publish","type":"product","link":"https:\/\/by-aigul.de\/de\/produkt\/montale-bubble-forever-eau-de-parfum\/","title":{"rendered":"Montale Bubble Forever Eau de Parfum"},"content":{"rendered":"<p>Montale Bubble Forever Eau de Parfum ist ein verspielter, s\u00fc\u00dfer und unbeschwerter Duft mit stimmungsaufhellender Wirkung. Bubble Forever ist der Duft kindlicher Freude und romantischer Flirts. Er er\u00f6ffnet mit einer hellen, saftigen S\u00fc\u00dfe, die an fruchtigen Kaugummi und Bonbons erinnert und vom ersten Moment an ein Gef\u00fchl von Leichtigkeit, Freude und einem L\u00e4cheln erzeugt. Der Duft ist fr\u00f6hlich, k\u00f6stlich und sehr anziehend \u2013 ohne Schwere oder Dramatik. In der Herznote wird die S\u00fc\u00dfe weicher und runder und entwickelt einen cremigen Gourmand-Charakter. Der Duft bleibt angenehm und behaglich, wie eine warme Erinnerung an unbeschwerte Momente. Die Basisnote ist warm und langanhaltend, mit einer zarten, moschusartig-s\u00fc\u00dfen Spur, die wundersch\u00f6n auf der Haut verweilt und Komplimente hervorruft. Bei diesem Duft geht es nicht um Status \u2013 es geht um Genuss, Stimmung und das innere Kind.<\/p>","protected":false},"excerpt":{"rendered":"<p>Duftfamilie: Fruchtig-Gourmand<br data-start=\"502\" data-end=\"505\" \/>Pers\u00f6nlichkeit: Verspielt, liebensw\u00fcrdig, fr\u00f6hlich, provokant<br data-start=\"567\" data-end=\"570\" \/>Haltbarkeit: Hoch<br data-start=\"592\" data-end=\"595\" \/>Sillage: Ausgesprochen<br data-start=\"616\" data-end=\"619\" \/>Saison: Fr\u00fchling\/Sommer<br data-start=\"647\" data-end=\"650\" \/>Tageszeit: Tag<br data-start=\"671\" data-end=\"674\" \/>Format: Spray<br data-start=\"691\" data-end=\"694\" \/>Status: Nischen-\/Luxusparf\u00fcmerie<\/p>","protected":false},"featured_media":2491,"comment_status":"open","ping_status":"closed","template":"","meta":{"site-sidebar-layout":"default","site-content-layout":"","ast-site-content-layout":"default","site-content-style":"default","site-sidebar-style":"default","ast-global-header-display":"","ast-banner-title-visibility":"","ast-main-header-display":"","ast-hfb-above-header-display":"","ast-hfb-below-header-display":"","ast-hfb-mobile-header-display":"","site-post-title":"","ast-breadcrumbs-content":"","ast-featured-img":"","footer-sml-layout":"","ast-disable-related-posts":"","theme-transparent-header-meta":"default","adv-header-id-meta":"","stick-header-meta":"","header-above-stick-meta":"","header-main-stick-meta":"","header-below-stick-meta":"","astra-migrate-meta-layouts":"set","ast-page-background-enabled":"default","ast-page-background-meta":{"desktop":{"background-color":"var(--ast-global-color-4)","background-image":"","background-repeat":"repeat","background-position":"center center","background-size":"auto","background-attachment":"scroll","background-type":"","background-media":"","overlay-type":"","overlay-color":"","overlay-opacity":"","overlay-gradient":""},"tablet":{"background-color":"","background-image":"","background-repeat":"repeat","background-position":"center center","background-size":"auto","background-attachment":"scroll","background-type":"","background-media":"","overlay-type":"","overlay-color":"","overlay-opacity":"","overlay-gradient":""},"mobile":{"background-color":"","background-image":"","background-repeat":"repeat","background-position":"center center","background-size":"auto","background-attachment":"scroll","background-type":"","background-media":"","overlay-type":"","overlay-color":"","overlay-opacity":"","overlay-gradient":""}},"ast-content-background-meta":{"desktop":{"background-color":"var(--ast-global-color-5)","background-image":"","background-repeat":"repeat","background-position":"center center","background-size":"auto","background-attachment":"scroll","background-type":"","background-media":"","overlay-type":"","overlay-color":"","overlay-opacity":"","overlay-gradient":""},"tablet":{"background-color":"var(--ast-global-color-5)","background-image":"","background-repeat":"repeat","background-position":"center center","background-size":"auto","background-attachment":"scroll","background-type":"","background-media":"","overlay-type":"","overlay-color":"","overlay-opacity":"","overlay-gradient":""},"mobile":{"background-color":"var(--ast-global-color-5)","background-image":"","background-repeat":"repeat","background-position":"center center","background-size":"auto","background-attachment":"scroll","background-type":"","background-media":"","overlay-type":"","overlay-color":"","overlay-opacity":"","overlay-gradient":""}}},"product_brand":[181],"product_cat":[162],"product_tag":[],"class_list":{"0":"post-2487","1":"product","2":"type-product","3":"status-publish","4":"has-post-thumbnail","6":"product_brand-montale","7":"product_cat-aromaty-duhi","8":"desktop-align-left","9":"tablet-align-left","10":"mobile-align-left","12":"first","13":"outofstock","14":"taxable","15":"shipping-taxable","16":"purchasable","17":"product-type-variable"},"_links":{"self":[{"href":"https:\/\/by-aigul.de\/de\/wp-json\/wp\/v2\/product\/2487","targetHints":{"allow":["GET"]}}],"collection":[{"href":"https:\/\/by-aigul.de\/de\/wp-json\/wp\/v2\/product"}],"about":[{"href":"https:\/\/by-aigul.de\/de\/wp-json\/wp\/v2\/types\/product"}],"replies":[{"embeddable":true,"href":"https:\/\/by-aigul.de\/de\/wp-json\/wp\/v2\/comments?post=2487"}],"wp:featuredmedia":[{"embeddable":true,"href":"https:\/\/by-aigul.de\/de\/wp-json\/wp\/v2\/media\/2491"}],"wp:attachment":[{"href":"https:\/\/by-aigul.de\/de\/wp-json\/wp\/v2\/media?parent=2487"}],"wp:term":[{"taxonomy":"product_brand","embeddable":true,"href":"https:\/\/by-aigul.de\/de\/wp-json\/wp\/v2\/product_brand?post=2487"},{"taxonomy":"product_cat","embeddable":true,"href":"https:\/\/by-aigul.de\/de\/wp-json\/wp\/v2\/product_cat?post=2487"},{"taxonomy":"product_tag","embeddable":true,"href":"https:\/\/by-aigul.de\/de\/wp-json\/wp\/v2\/product_tag?post=2487"}],"curies":[{"name":"wp","href":"https:\/\/api.w.org\/{rel}","templated":true}]}}