{"id":2179,"date":"2026-01-11T15:49:56","date_gmt":"2026-01-11T15:49:56","guid":{"rendered":"https:\/\/by-aigul.de\/?post_type=product&#038;p=2179"},"modified":"2026-03-29T16:46:00","modified_gmt":"2026-03-29T16:46:00","slug":"narciso-rodriguez-musc-noir-rose-fur-sie","status":"publish","type":"product","link":"https:\/\/by-aigul.de\/de\/produkt\/narciso-rodriguez-musc-noir-rose-fur-sie\/","title":{"rendered":"Narciso Rodriguez Musc Noir Rose for Her"},"content":{"rendered":"<p>Narciso Rodriguez Musc Noir Rose for Her ist ein sinnlicher, intimer und subtil femininer Duft mit einer zarten Rosen-Aura. Er verk\u00f6rpert Intimit\u00e4t und Emotionen. Musc Noir Rose er\u00f6ffnet mit einer zarten, transparenten Rose, die nicht zu blumig, sondern subtil und sinnlich ist. Sie verschmilzt mit der Haut und erzeugt ein Gef\u00fchl nat\u00fcrlicher, lebendiger Weiblichkeit. Im Herzen der Komposition steht Narciso Rodriguez&#039; charakteristischer Moschus: rein, warm und einh\u00fcllend. Er verleiht dem Duft Tiefe, Intimit\u00e4t und jene besondere Anziehungskraft, die man mehr auf der Haut als im Kopf sp\u00fcrt. Leichte, cremige und pudrige Noten kreieren einen sanften und sehr angenehmen Duft. Die Duftspur ist zart und dennoch lang anhaltend \u2013 nicht aufdringlich, sondern fesselnd, wie ein Hauch von Duft. Musc Noir Rose ist ideal f\u00fcr Momente, in denen Sie sich feminin, ruhig und selbstbewusst in Ihrer nat\u00fcrlichen Sch\u00f6nheit f\u00fchlen m\u00f6chten.<\/p>","protected":false},"excerpt":{"rendered":"<p>Duftfamilie: Blumig-Moschus<br data-start=\"455\" data-end=\"458\" \/>Charakter: Feminin, sinnlich, sanft, elegant, verf\u00fchrerisch<br data-start=\"533\" data-end=\"536\" \/>Haltbarkeit: Durchschnittlich<br data-start=\"558\" data-end=\"561\" \/>Sillage: Mittel<br data-start=\"581\" data-end=\"584\" \/>Jahreszeit: Fr\u00fchling \/ Herbst<br data-start=\"613\" data-end=\"616\" \/>Tageszeit: Tag \/ Abend<br data-start=\"645\" data-end=\"648\" \/>Format: Spray<br data-start=\"665\" data-end=\"668\" \/>Status: Luxus-\/Designerparfums<\/p>","protected":false},"featured_media":2182,"comment_status":"open","ping_status":"closed","template":"","meta":{"site-sidebar-layout":"default","site-content-layout":"","ast-site-content-layout":"default","site-content-style":"default","site-sidebar-style":"default","ast-global-header-display":"","ast-banner-title-visibility":"","ast-main-header-display":"","ast-hfb-above-header-display":"","ast-hfb-below-header-display":"","ast-hfb-mobile-header-display":"","site-post-title":"","ast-breadcrumbs-content":"","ast-featured-img":"","footer-sml-layout":"","theme-transparent-header-meta":"default","adv-header-id-meta":"","stick-header-meta":"","header-above-stick-meta":"","header-main-stick-meta":"","header-below-stick-meta":"","astra-migrate-meta-layouts":"set","ast-page-background-enabled":"default","ast-page-background-meta":{"desktop":{"background-color":"var(--ast-global-color-4)","background-image":"","background-repeat":"repeat","background-position":"center center","background-size":"auto","background-attachment":"scroll","background-type":"","background-media":"","overlay-type":"","overlay-color":"","overlay-opacity":"","overlay-gradient":""},"tablet":{"background-color":"","background-image":"","background-repeat":"repeat","background-position":"center center","background-size":"auto","background-attachment":"scroll","background-type":"","background-media":"","overlay-type":"","overlay-color":"","overlay-opacity":"","overlay-gradient":""},"mobile":{"background-color":"","background-image":"","background-repeat":"repeat","background-position":"center center","background-size":"auto","background-attachment":"scroll","background-type":"","background-media":"","overlay-type":"","overlay-color":"","overlay-opacity":"","overlay-gradient":""}},"ast-content-background-meta":{"desktop":{"background-color":"var(--ast-global-color-5)","background-image":"","background-repeat":"repeat","background-position":"center center","background-size":"auto","background-attachment":"scroll","background-type":"","background-media":"","overlay-type":"","overlay-color":"","overlay-opacity":"","overlay-gradient":""},"tablet":{"background-color":"var(--ast-global-color-5)","background-image":"","background-repeat":"repeat","background-position":"center center","background-size":"auto","background-attachment":"scroll","background-type":"","background-media":"","overlay-type":"","overlay-color":"","overlay-opacity":"","overlay-gradient":""},"mobile":{"background-color":"var(--ast-global-color-5)","background-image":"","background-repeat":"repeat","background-position":"center center","background-size":"auto","background-attachment":"scroll","background-type":"","background-media":"","overlay-type":"","overlay-color":"","overlay-opacity":"","overlay-gradient":""}}},"product_brand":[205],"product_cat":[162],"product_tag":[],"class_list":{"0":"post-2179","1":"product","2":"type-product","3":"status-publish","4":"has-post-thumbnail","6":"product_brand-narciso-rodriguez","7":"product_cat-aromaty-duhi","8":"desktop-align-left","9":"tablet-align-left","10":"mobile-align-left","12":"first","13":"instock","14":"sale","15":"taxable","16":"shipping-taxable","17":"purchasable","18":"product-type-variable"},"_links":{"self":[{"href":"https:\/\/by-aigul.de\/de\/wp-json\/wp\/v2\/product\/2179","targetHints":{"allow":["GET"]}}],"collection":[{"href":"https:\/\/by-aigul.de\/de\/wp-json\/wp\/v2\/product"}],"about":[{"href":"https:\/\/by-aigul.de\/de\/wp-json\/wp\/v2\/types\/product"}],"replies":[{"embeddable":true,"href":"https:\/\/by-aigul.de\/de\/wp-json\/wp\/v2\/comments?post=2179"}],"wp:featuredmedia":[{"embeddable":true,"href":"https:\/\/by-aigul.de\/de\/wp-json\/wp\/v2\/media\/2182"}],"wp:attachment":[{"href":"https:\/\/by-aigul.de\/de\/wp-json\/wp\/v2\/media?parent=2179"}],"wp:term":[{"taxonomy":"product_brand","embeddable":true,"href":"https:\/\/by-aigul.de\/de\/wp-json\/wp\/v2\/product_brand?post=2179"},{"taxonomy":"product_cat","embeddable":true,"href":"https:\/\/by-aigul.de\/de\/wp-json\/wp\/v2\/product_cat?post=2179"},{"taxonomy":"product_tag","embeddable":true,"href":"https:\/\/by-aigul.de\/de\/wp-json\/wp\/v2\/product_tag?post=2179"}],"curies":[{"name":"wp","href":"https:\/\/api.w.org\/{rel}","templated":true}]}}