{"id":1961,"date":"2026-01-11T21:29:17","date_gmt":"2026-01-11T21:29:17","guid":{"rendered":"https:\/\/by-aigul.de\/?post_type=product&#038;p=1961"},"modified":"2026-04-09T09:37:31","modified_gmt":"2026-04-09T09:37:31","slug":"rosso-pompei","status":"publish","type":"product","link":"https:\/\/by-aigul.de\/de\/produkt\/rosso-pompei\/","title":{"rendered":"Rosso Pompei"},"content":{"rendered":"<p>Ein feuriger, opulenter und sinnlich-dramatischer Duft voller Leidenschaft und Kraft. Rosso Pompei erinnert an die gl\u00fchende Hitze S\u00fcditaliens, wie eine rote Sonne \u00fcber einer antiken Stadt voller Emotionen, Geschichte und Leben. Der Duft entfaltet sich reichhaltig und lebendig \u2013 saftige Fruchtnoten und warme Gew\u00fcrznoten ziehen sofort in ihren Bann, wie hei\u00dfe, energiegeladene Luft. Im Herzen der Komposition vertieft sich der Duft und wird samtig: Die S\u00fc\u00dfe nimmt einen edlen, anhaltenden Charakter an und verschmilzt mit warmen orientalischen und holzigen T\u00f6nen. Der Duft ist dicht, reichhaltig und zutiefst sinnlich \u2013 er scheint die Haut zu umh\u00fcllen und hinterl\u00e4sst ein Gef\u00fchl von St\u00e4rke und Selbstvertrauen. Die Basis ist langanhaltend und ausdrucksstark, mit einer kraftvollen, unvergesslichen Spur, die nachklingt und wahre Ausstrahlung verleiht. Dieser Duft steht nicht f\u00fcr Bescheidenheit \u2013 er steht f\u00fcr Pr\u00e4senz, Charisma und die F\u00e4higkeit, aufzufallen. Tiziana Terenzi kreiert D\u00fcfte als Emotionen, und Rosso Pompei ist genau das: lebendig, leidenschaftlich und unvergesslich. Rosso Pompei ist der Duft von Feuer, Temperament und weiblicher Kraft.<\/p>","protected":false},"excerpt":{"rendered":"<p>Rosso Pompei ist ein warmer, samtiger und sinnlicher Duft mit italienischem Flair. Seine fruchtig-blumige S\u00fc\u00dfe ist intensiv und reichhaltig und vermittelt ein Gef\u00fchl von Luxus und F\u00fclle. Sehr feminin, luxuri\u00f6s und schmeichelhaft.<\/p>","protected":false},"featured_media":1963,"comment_status":"open","ping_status":"closed","template":"","meta":{"site-sidebar-layout":"default","site-content-layout":"","ast-site-content-layout":"default","site-content-style":"default","site-sidebar-style":"default","ast-global-header-display":"","ast-banner-title-visibility":"","ast-main-header-display":"","ast-hfb-above-header-display":"","ast-hfb-below-header-display":"","ast-hfb-mobile-header-display":"","site-post-title":"","ast-breadcrumbs-content":"","ast-featured-img":"","footer-sml-layout":"","ast-disable-related-posts":"","theme-transparent-header-meta":"default","adv-header-id-meta":"","stick-header-meta":"","header-above-stick-meta":"","header-main-stick-meta":"","header-below-stick-meta":"","astra-migrate-meta-layouts":"set","ast-page-background-enabled":"default","ast-page-background-meta":{"desktop":{"background-color":"var(--ast-global-color-4)","background-image":"","background-repeat":"repeat","background-position":"center center","background-size":"auto","background-attachment":"scroll","background-type":"","background-media":"","overlay-type":"","overlay-color":"","overlay-opacity":"","overlay-gradient":""},"tablet":{"background-color":"","background-image":"","background-repeat":"repeat","background-position":"center center","background-size":"auto","background-attachment":"scroll","background-type":"","background-media":"","overlay-type":"","overlay-color":"","overlay-opacity":"","overlay-gradient":""},"mobile":{"background-color":"","background-image":"","background-repeat":"repeat","background-position":"center center","background-size":"auto","background-attachment":"scroll","background-type":"","background-media":"","overlay-type":"","overlay-color":"","overlay-opacity":"","overlay-gradient":""}},"ast-content-background-meta":{"desktop":{"background-color":"var(--ast-global-color-5)","background-image":"","background-repeat":"repeat","background-position":"center center","background-size":"auto","background-attachment":"scroll","background-type":"","background-media":"","overlay-type":"","overlay-color":"","overlay-opacity":"","overlay-gradient":""},"tablet":{"background-color":"var(--ast-global-color-5)","background-image":"","background-repeat":"repeat","background-position":"center center","background-size":"auto","background-attachment":"scroll","background-type":"","background-media":"","overlay-type":"","overlay-color":"","overlay-opacity":"","overlay-gradient":""},"mobile":{"background-color":"var(--ast-global-color-5)","background-image":"","background-repeat":"repeat","background-position":"center center","background-size":"auto","background-attachment":"scroll","background-type":"","background-media":"","overlay-type":"","overlay-color":"","overlay-opacity":"","overlay-gradient":""}}},"product_brand":[170],"product_cat":[162],"product_tag":[],"class_list":{"0":"post-1961","1":"product","2":"type-product","3":"status-publish","4":"has-post-thumbnail","6":"product_brand-tiziana-terenzi","7":"product_cat-aromaty-duhi","8":"desktop-align-left","9":"tablet-align-left","10":"mobile-align-left","12":"first","13":"instock","14":"taxable","15":"shipping-taxable","16":"purchasable","17":"product-type-variable"},"_links":{"self":[{"href":"https:\/\/by-aigul.de\/de\/wp-json\/wp\/v2\/product\/1961","targetHints":{"allow":["GET"]}}],"collection":[{"href":"https:\/\/by-aigul.de\/de\/wp-json\/wp\/v2\/product"}],"about":[{"href":"https:\/\/by-aigul.de\/de\/wp-json\/wp\/v2\/types\/product"}],"replies":[{"embeddable":true,"href":"https:\/\/by-aigul.de\/de\/wp-json\/wp\/v2\/comments?post=1961"}],"wp:featuredmedia":[{"embeddable":true,"href":"https:\/\/by-aigul.de\/de\/wp-json\/wp\/v2\/media\/1963"}],"wp:attachment":[{"href":"https:\/\/by-aigul.de\/de\/wp-json\/wp\/v2\/media?parent=1961"}],"wp:term":[{"taxonomy":"product_brand","embeddable":true,"href":"https:\/\/by-aigul.de\/de\/wp-json\/wp\/v2\/product_brand?post=1961"},{"taxonomy":"product_cat","embeddable":true,"href":"https:\/\/by-aigul.de\/de\/wp-json\/wp\/v2\/product_cat?post=1961"},{"taxonomy":"product_tag","embeddable":true,"href":"https:\/\/by-aigul.de\/de\/wp-json\/wp\/v2\/product_tag?post=1961"}],"curies":[{"name":"wp","href":"https:\/\/api.w.org\/{rel}","templated":true}]}}