{"id":1948,"date":"2026-01-11T21:47:10","date_gmt":"2026-01-11T21:47:10","guid":{"rendered":"https:\/\/by-aigul.de\/?post_type=product&#038;p=1948"},"modified":"2026-03-24T12:14:57","modified_gmt":"2026-03-24T12:14:57","slug":"roja-parfums-taif-aoud","status":"publish","type":"product","link":"https:\/\/by-aigul.de\/de\/produkt\/roja-parfums-taif-aoud\/","title":{"rendered":"Roja Parfums Taif Aoud"},"content":{"rendered":"<p>Roja Parfums Taif Aoud ist ein luxuri\u00f6ser, samtiger und k\u00f6niglicher, sinnlicher Duft aus orientalischer Rose und edlem Oud. Taif Aoud ist Haute Parfumerie in ihrer raffiniertesten Form. Der Duft basiert auf der seltenen Taif-Rose \u2013 tiefgr\u00fcndig, reichhaltig, honigs\u00fc\u00df und w\u00fcrzig mit einer unverwechselbaren orientalischen W\u00e4rme. Er ist nicht zart, sondern majest\u00e4tisch und erhaben, wie der Duft kostbarer Seide auf der Haut. In der Komposition ist die Rose mit edlem Oud verwoben \u2013 weich, warm, ohne herb-animalische Noten. Das Oud unterstreicht die Tiefe und den Luxus des floralen Herzens und verleiht dem Duft Kraft, Dichte und sinnliche Dunkelheit. W\u00fcrzige und harzige Noten erg\u00e4nzen die Basis und machen den Duft dicht, samtig und besonders langanhaltend. Die Duftspur ist reichhaltig, einh\u00fcllend und unvergesslich \u2013 der Duft entfaltet sich langsam, wundersch\u00f6n und individuell und hinterl\u00e4sst ein Gef\u00fchl von Exklusivit\u00e4t und Wertigkeit. Dies ist kein Duft f\u00fcr jeden Tag, sondern eine Wahl f\u00fcr besondere Anl\u00e4sse, Abende und Momente, in denen Sie luxuri\u00f6s und unvergesslich duften m\u00f6chten. Roja Parfums kreierte Taif Aoud als Symbol orientalischen Luxus, handwerklicher Perfektion und absoluter Eleganz. Roja Parfums Taif Aoud ist ein Duft von St\u00e4rke, Status und kompromissloser Weiblichkeit.<\/p>","protected":false},"excerpt":{"rendered":"<p>Produkttyp: Parf\u00fcm (Parfum \/ Extrait de Parfum)<br \/>\nGeschlecht: Damen \/ Unisex (mit femininem Touch)<br \/>\nDuftfamilie: Orientalisch, blumig-oud<br \/>\nHaltbarkeit: Sehr hoch<br \/>\nDuftwirkung: Kr\u00e4ftig, reichhaltig<br \/>\nJahreszeit: Herbst\/Winter<br \/>\nTageszeit: Abend<br \/>\nFormat: Spray<br \/>\nStatus: Nischenparf\u00fcmerie \/ Ultra-Luxus<\/p>","protected":false},"featured_media":1949,"comment_status":"open","ping_status":"closed","template":"","meta":{"site-sidebar-layout":"default","site-content-layout":"","ast-site-content-layout":"default","site-content-style":"default","site-sidebar-style":"default","ast-global-header-display":"","ast-banner-title-visibility":"","ast-main-header-display":"","ast-hfb-above-header-display":"","ast-hfb-below-header-display":"","ast-hfb-mobile-header-display":"","site-post-title":"","ast-breadcrumbs-content":"","ast-featured-img":"","footer-sml-layout":"","ast-disable-related-posts":"","theme-transparent-header-meta":"default","adv-header-id-meta":"","stick-header-meta":"","header-above-stick-meta":"","header-main-stick-meta":"","header-below-stick-meta":"","astra-migrate-meta-layouts":"set","ast-page-background-enabled":"default","ast-page-background-meta":{"desktop":{"background-color":"var(--ast-global-color-4)","background-image":"","background-repeat":"repeat","background-position":"center center","background-size":"auto","background-attachment":"scroll","background-type":"","background-media":"","overlay-type":"","overlay-color":"","overlay-opacity":"","overlay-gradient":""},"tablet":{"background-color":"","background-image":"","background-repeat":"repeat","background-position":"center center","background-size":"auto","background-attachment":"scroll","background-type":"","background-media":"","overlay-type":"","overlay-color":"","overlay-opacity":"","overlay-gradient":""},"mobile":{"background-color":"","background-image":"","background-repeat":"repeat","background-position":"center center","background-size":"auto","background-attachment":"scroll","background-type":"","background-media":"","overlay-type":"","overlay-color":"","overlay-opacity":"","overlay-gradient":""}},"ast-content-background-meta":{"desktop":{"background-color":"var(--ast-global-color-5)","background-image":"","background-repeat":"repeat","background-position":"center center","background-size":"auto","background-attachment":"scroll","background-type":"","background-media":"","overlay-type":"","overlay-color":"","overlay-opacity":"","overlay-gradient":""},"tablet":{"background-color":"var(--ast-global-color-5)","background-image":"","background-repeat":"repeat","background-position":"center center","background-size":"auto","background-attachment":"scroll","background-type":"","background-media":"","overlay-type":"","overlay-color":"","overlay-opacity":"","overlay-gradient":""},"mobile":{"background-color":"var(--ast-global-color-5)","background-image":"","background-repeat":"repeat","background-position":"center center","background-size":"auto","background-attachment":"scroll","background-type":"","background-media":"","overlay-type":"","overlay-color":"","overlay-opacity":"","overlay-gradient":""}}},"product_brand":[192],"product_cat":[162],"product_tag":[],"class_list":{"0":"post-1948","1":"product","2":"type-product","3":"status-publish","4":"has-post-thumbnail","6":"product_brand-roja-parfums","7":"product_cat-aromaty-duhi","8":"desktop-align-left","9":"tablet-align-left","10":"mobile-align-left","12":"first","13":"instock","14":"taxable","15":"shipping-taxable","16":"purchasable","17":"product-type-variable"},"_links":{"self":[{"href":"https:\/\/by-aigul.de\/de\/wp-json\/wp\/v2\/product\/1948","targetHints":{"allow":["GET"]}}],"collection":[{"href":"https:\/\/by-aigul.de\/de\/wp-json\/wp\/v2\/product"}],"about":[{"href":"https:\/\/by-aigul.de\/de\/wp-json\/wp\/v2\/types\/product"}],"replies":[{"embeddable":true,"href":"https:\/\/by-aigul.de\/de\/wp-json\/wp\/v2\/comments?post=1948"}],"wp:featuredmedia":[{"embeddable":true,"href":"https:\/\/by-aigul.de\/de\/wp-json\/wp\/v2\/media\/1949"}],"wp:attachment":[{"href":"https:\/\/by-aigul.de\/de\/wp-json\/wp\/v2\/media?parent=1948"}],"wp:term":[{"taxonomy":"product_brand","embeddable":true,"href":"https:\/\/by-aigul.de\/de\/wp-json\/wp\/v2\/product_brand?post=1948"},{"taxonomy":"product_cat","embeddable":true,"href":"https:\/\/by-aigul.de\/de\/wp-json\/wp\/v2\/product_cat?post=1948"},{"taxonomy":"product_tag","embeddable":true,"href":"https:\/\/by-aigul.de\/de\/wp-json\/wp\/v2\/product_tag?post=1948"}],"curies":[{"name":"wp","href":"https:\/\/api.w.org\/{rel}","templated":true}]}}