{"id":1942,"date":"2026-01-08T21:04:12","date_gmt":"2026-01-08T21:04:12","guid":{"rendered":"https:\/\/by-aigul.de\/?post_type=product&#038;p=1942"},"modified":"2026-03-29T15:41:00","modified_gmt":"2026-03-29T15:41:00","slug":"xerjoff-erba-gold","status":"publish","type":"product","link":"https:\/\/by-aigul.de\/de\/produkt\/xerjoff-erba-gold\/","title":{"rendered":"Xerjoff Erba Gold"},"content":{"rendered":"<p>Xerjoff Erba Gold Eau de Parfum ist sonniger Luxus in absoluter Strahlkraft. Erba Gold ist eine raffiniertere und elegantere Interpretation des ikonischen Erba Pura. Der Duft er\u00f6ffnet mit saftigen, lebendigen Fruchtnoten, die Leichtigkeit und Energie ausstrahlen und der Haut ein Gef\u00fchl von Reinheit, Gepflegtheit und goldener W\u00e4rme verleihen. Er duftet frisch, zugleich aber reichhaltig und stilvoll. Im Herzen der Komposition wird die fruchtige Frische weicher und tiefer und gewinnt an cremiger Textur und eleganter Rundheit. Der Duft h\u00fcllt die Haut in eine seidige Wolke und unterstreicht Weiblichkeit und Selbstbewusstsein, ohne dabei aufdringlich zu wirken. Die Basisnote ist warm und sinnlich, mit Vanille-Moschus und holzigen Noten, die eine wundersch\u00f6ne, langanhaltende und harmonische Duftspur hinterlassen. Xerjoff Erba Gold betont die Balance zwischen Extravaganz und Raffinesse \u2013 ein Duft, der sich in jedem Umfeld luxuri\u00f6s, modern und makellos anf\u00fchlt. Xerjoff Erba Gold ist der Duft von Strahlkraft, Status und m\u00fchelosem, selbstbewusstem Luxus.<\/p>","protected":false},"excerpt":{"rendered":"<p>Duftfamilie: Fruchtig-orientalisch<br data-start=\"496\" data-end=\"499\" \/>Charakter: Strahlend, saftig, s\u00fc\u00df, elegant<br data-start=\"549\" data-end=\"552\" \/>Haltbarkeit: Sehr hoch<br data-start=\"580\" data-end=\"583\" \/>Sillage: Ausgesprochen<br data-start=\"604\" data-end=\"607\" \/>Jahreszeit: Fr\u00fchling \/ Sommer \/ Warmer Herbst<br data-start=\"650\" data-end=\"653\" \/>Tageszeit: Tag \/ Abend<br data-start=\"682\" data-end=\"685\" \/>Format: Spray<br data-start=\"702\" data-end=\"705\" \/>Status: Nischen-\/Luxusparf\u00fcmerie<\/p>","protected":false},"featured_media":2655,"comment_status":"open","ping_status":"closed","template":"","meta":{"site-sidebar-layout":"default","site-content-layout":"","ast-site-content-layout":"default","site-content-style":"default","site-sidebar-style":"default","ast-global-header-display":"","ast-banner-title-visibility":"","ast-main-header-display":"","ast-hfb-above-header-display":"","ast-hfb-below-header-display":"","ast-hfb-mobile-header-display":"","site-post-title":"","ast-breadcrumbs-content":"","ast-featured-img":"","footer-sml-layout":"","ast-disable-related-posts":"","theme-transparent-header-meta":"default","adv-header-id-meta":"","stick-header-meta":"","header-above-stick-meta":"","header-main-stick-meta":"","header-below-stick-meta":"","astra-migrate-meta-layouts":"set","ast-page-background-enabled":"default","ast-page-background-meta":{"desktop":{"background-color":"var(--ast-global-color-4)","background-image":"","background-repeat":"repeat","background-position":"center center","background-size":"auto","background-attachment":"scroll","background-type":"","background-media":"","overlay-type":"","overlay-color":"","overlay-opacity":"","overlay-gradient":""},"tablet":{"background-color":"","background-image":"","background-repeat":"repeat","background-position":"center center","background-size":"auto","background-attachment":"scroll","background-type":"","background-media":"","overlay-type":"","overlay-color":"","overlay-opacity":"","overlay-gradient":""},"mobile":{"background-color":"","background-image":"","background-repeat":"repeat","background-position":"center center","background-size":"auto","background-attachment":"scroll","background-type":"","background-media":"","overlay-type":"","overlay-color":"","overlay-opacity":"","overlay-gradient":""}},"ast-content-background-meta":{"desktop":{"background-color":"var(--ast-global-color-5)","background-image":"","background-repeat":"repeat","background-position":"center center","background-size":"auto","background-attachment":"scroll","background-type":"","background-media":"","overlay-type":"","overlay-color":"","overlay-opacity":"","overlay-gradient":""},"tablet":{"background-color":"var(--ast-global-color-5)","background-image":"","background-repeat":"repeat","background-position":"center center","background-size":"auto","background-attachment":"scroll","background-type":"","background-media":"","overlay-type":"","overlay-color":"","overlay-opacity":"","overlay-gradient":""},"mobile":{"background-color":"var(--ast-global-color-5)","background-image":"","background-repeat":"repeat","background-position":"center center","background-size":"auto","background-attachment":"scroll","background-type":"","background-media":"","overlay-type":"","overlay-color":"","overlay-opacity":"","overlay-gradient":""}}},"product_brand":[183],"product_cat":[162],"product_tag":[],"class_list":{"0":"post-1942","1":"product","2":"type-product","3":"status-publish","4":"has-post-thumbnail","6":"product_brand-xerjoff","7":"product_cat-aromaty-duhi","8":"desktop-align-left","9":"tablet-align-left","10":"mobile-align-left","12":"first","13":"instock","14":"sale","15":"taxable","16":"shipping-taxable","17":"purchasable","18":"product-type-variable"},"_links":{"self":[{"href":"https:\/\/by-aigul.de\/de\/wp-json\/wp\/v2\/product\/1942","targetHints":{"allow":["GET"]}}],"collection":[{"href":"https:\/\/by-aigul.de\/de\/wp-json\/wp\/v2\/product"}],"about":[{"href":"https:\/\/by-aigul.de\/de\/wp-json\/wp\/v2\/types\/product"}],"replies":[{"embeddable":true,"href":"https:\/\/by-aigul.de\/de\/wp-json\/wp\/v2\/comments?post=1942"}],"wp:featuredmedia":[{"embeddable":true,"href":"https:\/\/by-aigul.de\/de\/wp-json\/wp\/v2\/media\/2655"}],"wp:attachment":[{"href":"https:\/\/by-aigul.de\/de\/wp-json\/wp\/v2\/media?parent=1942"}],"wp:term":[{"taxonomy":"product_brand","embeddable":true,"href":"https:\/\/by-aigul.de\/de\/wp-json\/wp\/v2\/product_brand?post=1942"},{"taxonomy":"product_cat","embeddable":true,"href":"https:\/\/by-aigul.de\/de\/wp-json\/wp\/v2\/product_cat?post=1942"},{"taxonomy":"product_tag","embeddable":true,"href":"https:\/\/by-aigul.de\/de\/wp-json\/wp\/v2\/product_tag?post=1942"}],"curies":[{"name":"wp","href":"https:\/\/api.w.org\/{rel}","templated":true}]}}