{"id":1928,"date":"2026-01-03T14:20:14","date_gmt":"2026-01-03T14:20:14","guid":{"rendered":"https:\/\/by-aigul.de\/?post_type=product&#038;p=1928"},"modified":"2026-03-21T12:33:39","modified_gmt":"2026-03-21T12:33:39","slug":"godolphin-parfums-de-marly","status":"publish","type":"product","link":"https:\/\/by-aigul.de\/de\/produkt\/godolphin-parfums-de-marly\/","title":{"rendered":"Godolphin - Parfums de Marly"},"content":{"rendered":"<p>Godolphin \u2013 Parfums de Marly \u2013 ist ein edler, ledriger und wahrhaft prestigetr\u00e4chtiger Duft mit aristokratischem Charakter. Godolphin ist der Duft von St\u00e4rke, Selbstbewusstsein und makellosem Geschmack. Er er\u00f6ffnet elegant und opulent: Sanfte fruchtig-w\u00fcrzige Akzente sorgen f\u00fcr einen warmen Auftakt, der sofort ein Gef\u00fchl von Exklusivit\u00e4t und Souver\u00e4nit\u00e4t vermittelt. Fast augenblicklich entfaltet sich die Komposition zu einem tiefen Lederherz \u2013 samtig, trocken und meisterhaft verarbeitet. Das Leder ist hier weder rau noch aggressiv, sondern raffiniert und edel, wie ein teurer Handschuh oder der Innenraum eines Luxuswagens. Umrahmt von Gew\u00fcrzen und warmen Holznoten, erzeugt es ein Gef\u00fchl von Status, innerer St\u00e4rke und souver\u00e4ner Gelassenheit. Die Basis ist langanhaltend, reichhaltig und hinterl\u00e4sst eine lange, elegante Duftspur. Parfums de Marly von Godolphin vereint klassische Lederparf\u00fcmerie mit einem modernen Touch und kreiert so einen Duft, der f\u00fcr selbstbewusste M\u00e4nner und Frauen gleicherma\u00dfen geeignet ist, die Charakter und Tiefe sch\u00e4tzen. Godolphin ist der Duft von Kraft ohne gro\u00dfe Gesten, Luxus ohne Prahlerei und ein Selbstbewusstsein, dem man sich einfach nicht entziehen kann.<\/p>","protected":false},"excerpt":{"rendered":"<p>Godolphin ist ein Duft von luxuri\u00f6ser Kraft und Verf\u00fchrungskraft. Warmes Leder, w\u00fcrzige Noten und eine sanfte, fruchtige S\u00fc\u00dfe schaffen ein Gef\u00fchl von Luxus, ganz ohne Worte. Er strahlt Selbstbewusstsein, Klasse und absolute Faszination aus \u2013 der Duft einer Frau, die ihren Wert kennt. Sinnlich, warm und einh\u00fcllend, entfaltet er sich perfekt bei k\u00fchlem Wetter und hinterl\u00e4sst eine lange, luxuri\u00f6se Duftspur.<\/p>","protected":false},"featured_media":1932,"comment_status":"open","ping_status":"closed","template":"","meta":{"site-sidebar-layout":"default","site-content-layout":"","ast-site-content-layout":"default","site-content-style":"default","site-sidebar-style":"default","ast-global-header-display":"","ast-banner-title-visibility":"","ast-main-header-display":"","ast-hfb-above-header-display":"","ast-hfb-below-header-display":"","ast-hfb-mobile-header-display":"","site-post-title":"","ast-breadcrumbs-content":"","ast-featured-img":"","footer-sml-layout":"","ast-disable-related-posts":"","theme-transparent-header-meta":"default","adv-header-id-meta":"","stick-header-meta":"","header-above-stick-meta":"","header-main-stick-meta":"","header-below-stick-meta":"","astra-migrate-meta-layouts":"set","ast-page-background-enabled":"default","ast-page-background-meta":{"desktop":{"background-color":"var(--ast-global-color-4)","background-image":"","background-repeat":"repeat","background-position":"center center","background-size":"auto","background-attachment":"scroll","background-type":"","background-media":"","overlay-type":"","overlay-color":"","overlay-opacity":"","overlay-gradient":""},"tablet":{"background-color":"","background-image":"","background-repeat":"repeat","background-position":"center center","background-size":"auto","background-attachment":"scroll","background-type":"","background-media":"","overlay-type":"","overlay-color":"","overlay-opacity":"","overlay-gradient":""},"mobile":{"background-color":"","background-image":"","background-repeat":"repeat","background-position":"center center","background-size":"auto","background-attachment":"scroll","background-type":"","background-media":"","overlay-type":"","overlay-color":"","overlay-opacity":"","overlay-gradient":""}},"ast-content-background-meta":{"desktop":{"background-color":"var(--ast-global-color-5)","background-image":"","background-repeat":"repeat","background-position":"center center","background-size":"auto","background-attachment":"scroll","background-type":"","background-media":"","overlay-type":"","overlay-color":"","overlay-opacity":"","overlay-gradient":""},"tablet":{"background-color":"var(--ast-global-color-5)","background-image":"","background-repeat":"repeat","background-position":"center center","background-size":"auto","background-attachment":"scroll","background-type":"","background-media":"","overlay-type":"","overlay-color":"","overlay-opacity":"","overlay-gradient":""},"mobile":{"background-color":"var(--ast-global-color-5)","background-image":"","background-repeat":"repeat","background-position":"center center","background-size":"auto","background-attachment":"scroll","background-type":"","background-media":"","overlay-type":"","overlay-color":"","overlay-opacity":"","overlay-gradient":""}}},"product_brand":[171],"product_cat":[162],"product_tag":[],"class_list":{"0":"post-1928","1":"product","2":"type-product","3":"status-publish","4":"has-post-thumbnail","6":"product_brand-parfums-de-marly","7":"product_cat-aromaty-duhi","8":"desktop-align-left","9":"tablet-align-left","10":"mobile-align-left","12":"first","13":"instock","14":"sale","15":"taxable","16":"shipping-taxable","17":"purchasable","18":"product-type-variable"},"_links":{"self":[{"href":"https:\/\/by-aigul.de\/de\/wp-json\/wp\/v2\/product\/1928","targetHints":{"allow":["GET"]}}],"collection":[{"href":"https:\/\/by-aigul.de\/de\/wp-json\/wp\/v2\/product"}],"about":[{"href":"https:\/\/by-aigul.de\/de\/wp-json\/wp\/v2\/types\/product"}],"replies":[{"embeddable":true,"href":"https:\/\/by-aigul.de\/de\/wp-json\/wp\/v2\/comments?post=1928"}],"wp:featuredmedia":[{"embeddable":true,"href":"https:\/\/by-aigul.de\/de\/wp-json\/wp\/v2\/media\/1932"}],"wp:attachment":[{"href":"https:\/\/by-aigul.de\/de\/wp-json\/wp\/v2\/media?parent=1928"}],"wp:term":[{"taxonomy":"product_brand","embeddable":true,"href":"https:\/\/by-aigul.de\/de\/wp-json\/wp\/v2\/product_brand?post=1928"},{"taxonomy":"product_cat","embeddable":true,"href":"https:\/\/by-aigul.de\/de\/wp-json\/wp\/v2\/product_cat?post=1928"},{"taxonomy":"product_tag","embeddable":true,"href":"https:\/\/by-aigul.de\/de\/wp-json\/wp\/v2\/product_tag?post=1928"}],"curies":[{"name":"wp","href":"https:\/\/api.w.org\/{rel}","templated":true}]}}