{"id":1905,"date":"2026-01-11T22:26:39","date_gmt":"2026-01-11T22:26:39","guid":{"rendered":"https:\/\/by-aigul.de\/?post_type=product&#038;p=1905"},"modified":"2026-03-29T16:08:14","modified_gmt":"2026-03-29T16:08:14","slug":"tom-ford-soleil-de-feu-eau-de-parfum","status":"publish","type":"product","link":"https:\/\/by-aigul.de\/de\/produkt\/tom-ford-soleil-de-feu-eau-de-parfum\/","title":{"rendered":"Tom Ford Soleil de Feu Eau de Parfum"},"content":{"rendered":"<p>Tom Ford Soleil de Feu Eau de Parfum ist ein feuriger, sinnlicher und umh\u00fcllend w\u00fcrziger Duft, der inneres Feuer entfacht. Soleil de Feu ist eine W\u00e4rme, die nicht brennt, sondern einen in ihren Bann zieht. Der Duft er\u00f6ffnet mit w\u00fcrzigen Amber-Akkorden, die ein Gef\u00fchl von warmer Haut und ein sanftes, gl\u00fchendes Leuchten erzeugen. Er ist intim, sinnlich und von vollkommener Eleganz \u2013 ohne aufdringliche S\u00fc\u00dfe oder protzige Schwere. Die Herznote offenbart warme, harzige und blumige Nuancen, die Tiefe und Samtigkeit verleihen. Der Duft umh\u00fcllt und schenkt ein Gef\u00fchl von Geborgenheit, ruhiger Zuversicht und verborgener Sinnlichkeit. Die Basis ist weich und warm, mit einer amber-w\u00fcrzigen Spur, die sanft auf der Haut verweilt und besonders in Bewegung wundersch\u00f6n ist. Tom Ford betont in Soleil de Feu Emotion und W\u00e4rme \u2013 dies ist kein Duft zum Vorzeigen, sondern f\u00fcr sich selbst, f\u00fcr Abende, Ber\u00fchrungen und stillen Luxus. Tom Ford Soleil de Feu ist ein Duft von sanftem Feuer, Weiblichkeit und raffinierter Verf\u00fchrung.<\/p>","protected":false},"excerpt":{"rendered":"<p>Produktart: Eau de Parfum<br data-start=\"375\" data-end=\"378\" \/>Duftfamilie: Orientalisch-blumig<br data-start=\"416\" data-end=\"419\" \/>Hauptnoten: Wei\u00dfe Bl\u00fcten, Tuberose, Gew\u00fcrze, Amber, holzige Akkorde<br data-start=\"489\" data-end=\"492\" \/>Charakter: Warmherzig, sonnig, sinnlich<br data-start=\"532\" data-end=\"535\" \/>Intensit\u00e4t: Mittel \u2192 Hoch<br data-start=\"567\" data-end=\"570\" \/>Haltbarkeit: Hoch<br data-start=\"588\" data-end=\"591\" \/>Sillage: Mittel \u2192 ausgepr\u00e4gt<br data-start=\"618\" data-end=\"621\" \/>Zweck: Abend \/ Akzent<br data-start=\"653\" data-end=\"656\" \/>Jahreszeit: Herbst \/ Winter \/ \u00dcbergangszeit<br data-start=\"692\" data-end=\"695\" \/>Tageszeit: Abend<br data-start=\"713\" data-end=\"716\" \/>Zielgruppe: Unisex<br data-start=\"742\" data-end=\"745\" \/>Format: Spr\u00fchflasche<br data-start=\"765\" data-end=\"768\" \/>Status: Designerduft \/ Luxus<\/p>","protected":false},"featured_media":1908,"comment_status":"open","ping_status":"closed","template":"","meta":{"site-sidebar-layout":"default","site-content-layout":"","ast-site-content-layout":"default","site-content-style":"default","site-sidebar-style":"default","ast-global-header-display":"","ast-banner-title-visibility":"","ast-main-header-display":"","ast-hfb-above-header-display":"","ast-hfb-below-header-display":"","ast-hfb-mobile-header-display":"","site-post-title":"","ast-breadcrumbs-content":"","ast-featured-img":"","footer-sml-layout":"","theme-transparent-header-meta":"default","adv-header-id-meta":"","stick-header-meta":"","header-above-stick-meta":"","header-main-stick-meta":"","header-below-stick-meta":"","astra-migrate-meta-layouts":"set","ast-page-background-enabled":"default","ast-page-background-meta":{"desktop":{"background-color":"var(--ast-global-color-4)","background-image":"","background-repeat":"repeat","background-position":"center center","background-size":"auto","background-attachment":"scroll","background-type":"","background-media":"","overlay-type":"","overlay-color":"","overlay-opacity":"","overlay-gradient":""},"tablet":{"background-color":"","background-image":"","background-repeat":"repeat","background-position":"center center","background-size":"auto","background-attachment":"scroll","background-type":"","background-media":"","overlay-type":"","overlay-color":"","overlay-opacity":"","overlay-gradient":""},"mobile":{"background-color":"","background-image":"","background-repeat":"repeat","background-position":"center center","background-size":"auto","background-attachment":"scroll","background-type":"","background-media":"","overlay-type":"","overlay-color":"","overlay-opacity":"","overlay-gradient":""}},"ast-content-background-meta":{"desktop":{"background-color":"var(--ast-global-color-5)","background-image":"","background-repeat":"repeat","background-position":"center center","background-size":"auto","background-attachment":"scroll","background-type":"","background-media":"","overlay-type":"","overlay-color":"","overlay-opacity":"","overlay-gradient":""},"tablet":{"background-color":"var(--ast-global-color-5)","background-image":"","background-repeat":"repeat","background-position":"center center","background-size":"auto","background-attachment":"scroll","background-type":"","background-media":"","overlay-type":"","overlay-color":"","overlay-opacity":"","overlay-gradient":""},"mobile":{"background-color":"var(--ast-global-color-5)","background-image":"","background-repeat":"repeat","background-position":"center center","background-size":"auto","background-attachment":"scroll","background-type":"","background-media":"","overlay-type":"","overlay-color":"","overlay-opacity":"","overlay-gradient":""}}},"product_brand":[188],"product_cat":[162],"product_tag":[],"class_list":{"0":"post-1905","1":"product","2":"type-product","3":"status-publish","4":"has-post-thumbnail","6":"product_brand-tom-ford","7":"product_cat-aromaty-duhi","8":"desktop-align-left","9":"tablet-align-left","10":"mobile-align-left","12":"first","13":"outofstock","14":"sale","15":"taxable","16":"shipping-taxable","17":"purchasable","18":"product-type-variable"},"_links":{"self":[{"href":"https:\/\/by-aigul.de\/de\/wp-json\/wp\/v2\/product\/1905","targetHints":{"allow":["GET"]}}],"collection":[{"href":"https:\/\/by-aigul.de\/de\/wp-json\/wp\/v2\/product"}],"about":[{"href":"https:\/\/by-aigul.de\/de\/wp-json\/wp\/v2\/types\/product"}],"replies":[{"embeddable":true,"href":"https:\/\/by-aigul.de\/de\/wp-json\/wp\/v2\/comments?post=1905"}],"wp:featuredmedia":[{"embeddable":true,"href":"https:\/\/by-aigul.de\/de\/wp-json\/wp\/v2\/media\/1908"}],"wp:attachment":[{"href":"https:\/\/by-aigul.de\/de\/wp-json\/wp\/v2\/media?parent=1905"}],"wp:term":[{"taxonomy":"product_brand","embeddable":true,"href":"https:\/\/by-aigul.de\/de\/wp-json\/wp\/v2\/product_brand?post=1905"},{"taxonomy":"product_cat","embeddable":true,"href":"https:\/\/by-aigul.de\/de\/wp-json\/wp\/v2\/product_cat?post=1905"},{"taxonomy":"product_tag","embeddable":true,"href":"https:\/\/by-aigul.de\/de\/wp-json\/wp\/v2\/product_tag?post=1905"}],"curies":[{"name":"wp","href":"https:\/\/api.w.org\/{rel}","templated":true}]}}