{"id":881,"date":"2024-05-19T13:30:08","date_gmt":"2024-05-19T13:30:08","guid":{"rendered":"https:\/\/by-aigul.de\/privacy-policy\/"},"modified":"2026-03-05T18:56:07","modified_gmt":"2026-03-05T18:56:07","slug":"datenschutz","status":"publish","type":"page","link":"https:\/\/by-aigul.de\/de\/datenschutz\/","title":{"rendered":"Datenschutzerkl\u00e4rung"},"content":{"rendered":"<div data-elementor-type=\"wp-page\" data-elementor-id=\"881\" class=\"elementor elementor-881\" data-elementor-post-type=\"page\">\n\t\t\t\t<div data-particle_enable=\"false\" data-particle-mobile-disabled=\"false\" class=\"elementor-element elementor-element-2041478a e-flex e-con-boxed elementor-invisible e-con e-parent\" data-id=\"2041478a\" data-element_type=\"container\" data-e-type=\"container\" data-settings=\"{&quot;animation&quot;:&quot;fadeIn&quot;}\">\n\t\t\t\t\t<div class=\"e-con-inner\">\n\t\t\t\t<div class=\"elementor-element elementor-element-4210f68f elementor-widget__width-inherit breadds-cums elementor-widget elementor-widget-woocommerce-breadcrumb\" data-id=\"4210f68f\" data-element_type=\"widget\" data-e-type=\"widget\" data-widget_type=\"woocommerce-breadcrumb.default\">\n\t\t\t\t<div class=\"elementor-widget-container\">\n\t\t\t\t\t<nav class=\"woocommerce-breadcrumb\" aria-label=\"Breadcrumb\" data-no-translation=\"\" data-trp-gettext=\"\">Startseite<\/nav>\t\t\t\t<\/div>\n\t\t\t\t<\/div>\n\t\t<div data-particle_enable=\"false\" data-particle-mobile-disabled=\"false\" class=\"elementor-element elementor-element-23675dd3 e-con-full e-flex e-con e-child\" data-id=\"23675dd3\" data-element_type=\"container\" data-e-type=\"container\">\n\t\t\t\t<div class=\"elementor-element elementor-element-555588f1 elementor-widget elementor-widget-heading\" data-id=\"555588f1\" data-element_type=\"widget\" data-e-type=\"widget\" data-widget_type=\"heading.default\">\n\t\t\t\t<div class=\"elementor-widget-container\">\n\t\t\t\t\t<h1 class=\"elementor-heading-title elementor-size-default\">Datenschutzerkl\u00e4rung<\/h1>\t\t\t\t<\/div>\n\t\t\t\t<\/div>\n\t\t\t\t<div class=\"elementor-element elementor-element-5970fcc1 elementor-widget__width-inherit elementor-widget-tablet__width-inherit text-pole elementor-widget elementor-widget-text-editor\" data-id=\"5970fcc1\" data-element_type=\"widget\" data-e-type=\"widget\" data-widget_type=\"text-editor.default\">\n\t\t\t\t<div class=\"elementor-widget-container\">\n\t\t\t\t\t\t\t\t\t<p>Stand: M\u00e4rz 2026<\/p><p>1. Verantwortlicher<\/p><p>Aihul Eshmatova \u2013 ByAigul<br \/>Catenhorner Stra\u00dfe 25<br \/>48431 Rheine<br \/>Deutschland<br \/>Telefon: +49 162 235 9703<br \/>E-Mail: info@by-aigul.de<br \/>Website: https:\/\/by-aigul.de<\/p><p><br \/>2. Allgemeines zur Datenverarbeitung<\/p><p>Wir erheben und verarbeiten grunds\u00e4tzlich personenbezogene Daten unserer Nutzer<br \/>Nur soweit dies zur Bereitstellung einer funktionsf\u00e4higen Website sowie unserer<br \/>Inhalte und Leistungen erforderlich sind.<\/p><p><br \/>3.n<\/p><p>Die Verarbeitung personenbezogener Daten erfolgt auf folgender Grundlage<br \/>Fu\u00dfnote:<\/p><p>- Kunst. 6 Abs. 1 lit. a DSGVO: Einwilligung des Betroffenen<br \/>- Kunst. 6 Abs. 1 lit. b DSGVO: Erf\u00fcllung eines Vertrages oder vorvertraglichen<br \/>Ma\u00dfnahmen<br \/>- Kunst. 6 Abs. 1 lit. c DSGVO: Erf\u00fcllung einer rechtlichen Verpflichtung<br \/>- Kunst. 6 Abs. 1 lit. f DSGVO: Berechtigtes Interesse (z. B. Betrugspr\u00e4vention,<br \/>Website-Sicherheit)<\/p><p><br \/>4. Zwecke der Datenverarbeitung und erhobener Daten<\/p><p>4.1 Vertragsabwicklung\/Bestellungen<br \/>Erhobene Daten: Name, Anschrift, E-Mail-Adresse, Telefonnummer,<br \/>Zahlungsinformationen, IP-Adresse.<br \/>Rechtsgrundlage: Art. 6 Abs. 1 lit. b DSGVO.<br \/>Speicherdauer: Dauer der Vertragsbeziehung, danach gem\u00e4\u00df gesetzlich<br \/>Aufbewahrungsfristen (\u00a7 147 AO, \u00a7 257 HGB: 6\u201310 Jahre).<\/p><p>4.2 Kontaktaufnahme<br \/>Erhobene Daten: Name, E-Mail-Adresse, Telefonnummer, Inhalt Ihrer Anfrage.<br \/>Rechtsgrundlage: Art. 6 Abs. 1 lit. b DSGVO (vorvertragliche Ma\u00dfnahmen) bzw.<br \/>Kunst. 6 Abs. 1 lit. f DSGVO (berechtigtes Interesse).<br \/>Speicherdauer: Bis zur Erledigung Ihrer Anfrage, danach gem\u00e4\u00df den gesetzlichen Bestimmungen<br \/>Aufbewahrungsfristen.<\/p><p>4.3 Kundenkonto<br \/>Erhobene Daten: Name, E-Mail-Adresse, Telefonnummer, Adresse.<br \/>Rechtsgrundlage: Art. 6 Abs. 1 lit. b DSGVO.<br \/>Speicherdauer: Bis zur L\u00f6schung des Kontos durch den Nutzer, danach gem\u00e4\u00df<br \/>Aufbewahrungsfristen.<\/p><p>4.4 Newsletter<br \/>Erhobene Daten: Name, E-Mail-Adresse.<br \/>Rechtsgrundlage: Art. 6 Abs. 1 lit. a DSGVO (Einwilligung).<br \/>Speicherdauer: Bis zum Widerruf der Einwilligung (Abmeldung).<\/p><p>4.5 Zahlungsabwicklung<br \/>Erhobene Daten: Zahlungsdaten (je nach gew\u00e4hlter Zahlungsart).<br \/>Rechtsgrundlage: Art. 6 Abs. 1 lit. b DSGVO.<br \/>Die Zahlungsabwicklung erfolgt \u00fcber externe Zahlungsdienstleister (z. B. PayPal,<br \/>Streifen). Es gelten die jeweiligen Datenschutzbestimmungen.<\/p><p><br \/>5. Weitergabe an Dritte<\/p><p>Personenbezogene Daten werden nur an Dritte weitergegeben, sofern diese zur<br \/>Vertragserf\u00fcllung erforderlich ist:<\/p><p>\u2013 Versanddienstleister (zur Zustellung der Ware)<br \/>\u2013 Zahlungsdienstleister (PayPal, Stripe \u2013 zur Zahlungsabwicklung)<br \/>\u2013 Hosting-Anbieter (zur Bereitstellung der Website)<\/p><p>Eine dar\u00fcber hinausgehende Weitergabe erfolgt nur mit Ihrer ausdr\u00fccklichen Zustimmung<br \/>Einwilligung oder aufgrund gesetzlicher Verpflichtung.<\/p><p>Wir haben mit allen Auftragsverarbeitern Auftragsverarbeitungsvertr\u00e4ge gem\u00e4\u00df<br \/>Art. 28 DSGVO geschlossen.<\/p><p><br \/>6. Drittland\u00fcbermittlung<\/p><p>Soweit Dienste von Anbietern mit Sitz au\u00dferhalb der EU\/des EWR eingesetzt<br \/>werden (z. B. Google Fonts, Social-Media-Plugins), kann eine \u00dcbermittlung erfolgen<br \/>personenbezogener Daten in Drittl\u00e4ndern stattfinden. Dies erfolgt auf Grundlage<br \/>von Standardvertragsklauseln (Art. 46 Abs. 2 lit. c DSGVO) oder eines<br \/>Angemessenheitsbeschlusses der EU-Kommission (Art. 45 DSGVO).<\/p><p><br \/>7. Server-Protokolldateien<\/p><p>Der Hosting-Anbieter erhebt beim Zugriff auf die Website automatisch Folgendes<br \/>Daten (Server-Logdateien):<\/p><p>\u2013 Browsertyp und -version<br \/>\u2013 Betriebssystem<br \/>\u2013 Referrer-URL<br \/>\u2013 IP-Adresse (anonymisiert)<br \/>\u2013 Datum und Uhrzeit des Zugriffs<\/p><p>Rechtsgrundlage: Art. 6 Abs. 1 lit. f DSGVO (berechtigtes Interesse an der<br \/>Sicherstellung eines st\u00f6rungsfreien Betriebs).<br \/>Speicherdauer: 14 Tage.<\/p><p><br \/>8. Cookies<\/p><p>Diese Website verwendet Cookies. N\u00e4here Informationen entnehmen Sie bitte<br \/>Unsere Cookie-Richtlinie: https:\/\/by-aigul.de\/cookie-policy-eu\/<\/p><p>Technisch notwendige Cookies werden auf Grundlage von \u00a7 25 Abs. 1 DSGVO verarbeitet. 2 TTDSG<br \/>Gesetzt. F\u00fcr alle \u00fcbrigen Cookies erheben wir Ihre Einwilligung gem\u00e4\u00df \u00a7 25 Abs. 1<br \/>TTDSG ein.<\/p><p><br \/>9. SSL\/TLS-Verschl\u00fcsselung<\/p><p>Diese Website nutzt aus Sicherheitsgr\u00fcnden eine SSL- bzw. SSL-Verschl\u00fcsselung. TLS-Verschl\u00fcsselung.<br \/>Eine verschl\u00fcsselte Verbindung erkennt Sie daran, dass die Adresszeile<br \/>Browser von \u201ehttp:\/\/\u201c auf \u201ehttps:\/\/\u201c wechselten und an dem Schloss-Symbol in<br \/>Ihre Browserzeile.<\/p><p><br \/>10. Ihre Rechte als Betroffener<\/p><p>Sie haben gegen\u00fcber uns folgende Rechte hinsichtlich Ihrer personenbezogenen Daten<br \/>Daten:<\/p><p>\u2013 Recht auf Auskunft (Art. 15 DSGVO)<br \/>\u2013 Recht auf Meldung (Art. 16 DSGVO)<br \/>\u2013 Recht auf L\u00f6schung (Art. 17 DSGVO)<br \/>\u2013 Recht auf Einschr\u00e4nkung der Verarbeitung (Art. 18 DSGVO)<br \/>\u2013 Recht auf Daten\u00fcbertragbarkeit (Art. 20 DSGVO)<br \/>\u2013 Widerspruchsrecht (Art. 21 DSGVO)<br \/>\u2013 Recht auf Widerruf erteilter Einwilligungen (Art. 7 Abs. 3 DSGVO)<\/p><p>Zur Aus\u00fcbung Ihrer Rechte wenden Sie sich bitte an: info@by-aigul.de<\/p><p><br \/>11. Beschwerderecht bei einer Aufsichtsbeh\u00f6rde<\/p><p>Wenn Sie der Ansicht sind, dass die Verarbeitung Ihrer personenbezogenen Daten erfolgt<br \/>Gegen die DSGVO verst\u00f6\u00dft, haben Sie das Recht, sich bei einer Aufsichtsbeh\u00f6rde zu befinden<br \/>zu .<\/p><p>Zust\u00e4ndige Aufsichtsbeh\u00f6rde:<br \/>Landesbeauftragter f\u00fcr Datenschutz und Informationsfreiheit<br \/>Nordrhein-Westfalen<br \/>Postfach 20 04 44<br \/>40102 D\u00fcsseldorf<br \/>https:\/\/www.ldi.nrw.de<\/p><p><br \/>12. \u00c4nderungen dieser Datenschutzerkl\u00e4rung<\/p><p>Wir behalten uns vor, diese Datenschutzerkl\u00e4rung anzupassen, damit Sie Statistiken erhalten<br \/>den aktuellen rechtlichen Anforderungen entspricht oder um \u00c4nderungen unserer<br \/>Leistungen umsetzen. F\u00fcr Ihren erneuten Be such gilt dann die neue<br \/>Datenschutzerkl\u00e4rung.<\/p>\t\t\t\t\t\t\t\t<\/div>\n\t\t\t\t<\/div>\n\t\t\t\t<\/div>\n\t\t<div data-particle_enable=\"false\" data-particle-mobile-disabled=\"false\" class=\"elementor-element elementor-element-41e91a36 e-con-full elementor-hidden-mobile e-flex e-con e-child\" data-id=\"41e91a36\" data-element_type=\"container\" data-e-type=\"container\">\n\t\t\t\t<\/div>\n\t\t\t\t\t<\/div>\n\t\t\t\t<\/div>\n\t\t\t\t<\/div>","protected":false},"excerpt":{"rendered":"<p>Datenschutzerkl\u00e4rung Stand: M\u00e4rz 2026 1. Verantwortlicher Aihul Eshmatova \u2013 ByAigulCatenhorner Stra\u00dfe 2548431 RheineDeutschlandTelefon: +49 162 235 9703E-Mail: info@by-aigul.deWebsite: https:\/\/by-aigul.de 2. [&hellip;]<\/p>","protected":false},"author":2,"featured_media":0,"parent":0,"menu_order":0,"comment_status":"closed","ping_status":"closed","template":"elementor_header_footer","meta":{"site-sidebar-layout":"default","site-content-layout":"","ast-site-content-layout":"default","site-content-style":"default","site-sidebar-style":"default","ast-global-header-display":"","ast-banner-title-visibility":"","ast-main-header-display":"","ast-hfb-above-header-display":"","ast-hfb-below-header-display":"","ast-hfb-mobile-header-display":"","site-post-title":"","ast-breadcrumbs-content":"","ast-featured-img":"","footer-sml-layout":"","theme-transparent-header-meta":"","adv-header-id-meta":"","stick-header-meta":"","header-above-stick-meta":"","header-main-stick-meta":"","header-below-stick-meta":"","astra-migrate-meta-layouts":"default","ast-page-background-enabled":"default","ast-page-background-meta":{"desktop":{"background-color":"var(--ast-global-color-4)","background-image":"","background-repeat":"repeat","background-position":"center center","background-size":"auto","background-attachment":"scroll","background-type":"","background-media":"","overlay-type":"","overlay-color":"","overlay-opacity":"","overlay-gradient":""},"tablet":{"background-color":"","background-image":"","background-repeat":"repeat","background-position":"center center","background-size":"auto","background-attachment":"scroll","background-type":"","background-media":"","overlay-type":"","overlay-color":"","overlay-opacity":"","overlay-gradient":""},"mobile":{"background-color":"","background-image":"","background-repeat":"repeat","background-position":"center center","background-size":"auto","background-attachment":"scroll","background-type":"","background-media":"","overlay-type":"","overlay-color":"","overlay-opacity":"","overlay-gradient":""}},"ast-content-background-meta":{"desktop":{"background-color":"var(--ast-global-color-5)","background-image":"","background-repeat":"repeat","background-position":"center center","background-size":"auto","background-attachment":"scroll","background-type":"","background-media":"","overlay-type":"","overlay-color":"","overlay-opacity":"","overlay-gradient":""},"tablet":{"background-color":"var(--ast-global-color-5)","background-image":"","background-repeat":"repeat","background-position":"center center","background-size":"auto","background-attachment":"scroll","background-type":"","background-media":"","overlay-type":"","overlay-color":"","overlay-opacity":"","overlay-gradient":""},"mobile":{"background-color":"var(--ast-global-color-5)","background-image":"","background-repeat":"repeat","background-position":"center center","background-size":"auto","background-attachment":"scroll","background-type":"","background-media":"","overlay-type":"","overlay-color":"","overlay-opacity":"","overlay-gradient":""}},"footnotes":""},"class_list":["post-881","page","type-page","status-publish","hentry"],"_links":{"self":[{"href":"https:\/\/by-aigul.de\/de\/wp-json\/wp\/v2\/pages\/881","targetHints":{"allow":["GET"]}}],"collection":[{"href":"https:\/\/by-aigul.de\/de\/wp-json\/wp\/v2\/pages"}],"about":[{"href":"https:\/\/by-aigul.de\/de\/wp-json\/wp\/v2\/types\/page"}],"author":[{"embeddable":true,"href":"https:\/\/by-aigul.de\/de\/wp-json\/wp\/v2\/users\/2"}],"replies":[{"embeddable":true,"href":"https:\/\/by-aigul.de\/de\/wp-json\/wp\/v2\/comments?post=881"}],"version-history":[{"count":31,"href":"https:\/\/by-aigul.de\/de\/wp-json\/wp\/v2\/pages\/881\/revisions"}],"predecessor-version":[{"id":4432,"href":"https:\/\/by-aigul.de\/de\/wp-json\/wp\/v2\/pages\/881\/revisions\/4432"}],"wp:attachment":[{"href":"https:\/\/by-aigul.de\/de\/wp-json\/wp\/v2\/media?parent=881"}],"curies":[{"name":"wp","href":"https:\/\/api.w.org\/{rel}","templated":true}]}}